{"id":711511,"date":"2025-08-27T16:46:42","date_gmt":"2025-08-27T13:46:42","guid":{"rendered":"https:\/\/roveyayinevi.com.tr\/index.php\/urun\/son-ve-otesi\/"},"modified":"2026-04-16T02:19:56","modified_gmt":"2026-04-15T23:19:56","slug":"son-ve-otesi","status":"publish","type":"product","link":"https:\/\/roveyayinevi.com.tr\/index.php\/urun\/son-ve-otesi\/","title":{"rendered":"Son Ve \u00d6tesi"},"content":{"rendered":"<p>Biz, \u00d6l\u00fcml\u00fcler ve Kaos Y\u00fcr\u00fcy\u00fc\u015f\u00fc \u00dc\u00e7lemesi\u2019nin \u00e7oksatan yazar\u0131 Patrick Ness\u2019ten g\u00fcn\u00fcm\u00fcz\u00fcn en d\u00fc\u015f\u00fcnd\u00fcr\u00fcc\u00fc ve ilham verici romanlar\u0131ndan biri!O\u011flan bo\u011fuldu; son anlar\u0131nda umutsuz ve yaln\u0131zd\u0131.\u00d6ld\u00fc.Sonra uyand\u0131; \u00e7\u0131plak, yaralanm\u0131\u015f ve susam\u0131\u015ft\u0131 fakat hayattayd\u0131.Bu nas\u0131l olabilirdi? Ve bu terkedilmi\u015f, tuhaf yer neresiydi?Neler oldu\u011funu anlamaya \u00e7al\u0131\u015f\u0131rken, o\u011flan umut etti. Bu bir son olmayabilir miydi? Daha \u00f6tesi olabilir miydi ya da belki de buras\u0131 \u00f6b\u00fcr d\u00fcnyayd\u0131?\u201cPatrick Ness akl\u0131n\u0131z\u0131 alacak kadar h\u00fcnerli bir yazar. Kitaplar bazen \u2018\u015fa\u015f\u0131rt\u0131c\u0131\u2019 olarak tan\u0131mlan\u0131rlar fakat bu nadiren rastlad\u0131\u011f\u0131n\u0131z, okurken tekrar tekrar \u2018Aman Tanr\u0131m!\u2019 dedi\u011finiz t\u00fcrden bir tanesi. Ba\u015fka bir \u015fey ele vermeyece\u011fim. Sadece okuyun.\u201d \u2013 John Green\u201cGer\u00e7ekten \u00f6zg\u00fcn bir roman.\u201d \u2013 Independent\u201cSe\u00e7kin\u2026 Etkileyici, d\u00fc\u015f\u00fcnd\u00fcr\u00fcc\u00fc ve ola\u011fan\u00fcst\u00fc zekice ele al\u0131nm\u0131\u015f!\u201d \u2013The Times\u201cSon derece merhametli ve b\u00fct\u00fcn\u00fcyle g\u00f6rkemli.\u201d \u2013 Guardian\u201cBu b\u00fcy\u00fcleyici ve s\u00fcrekli \u015fa\u015f\u0131rt\u0131c\u0131 roman, hayatta olman\u0131n ne demek oldu\u011funa dair derin sorular akla getiriyor fakat okuru basit cevaplarla teselliye kalk\u0131\u015fm\u0131yor.\u201d \u2013 School Library Journal (Starred Review)\u201cNess tezatlarla ustaca oynuyor: \u00f6l\u00fcm ve kal\u0131m, gizlilik ve te\u015fhir, su\u00e7luluk ve masumiyet.\u201d \u2013 Kirkus Reviews (Starred Review)\u201cEdebi, \u00fcrk\u00fct\u00fcc\u00fc ve psikolojik gerilimle dolu\u2026 Ness, hi\u00e7bir \u015feyin g\u00f6r\u00fcnd\u00fc\u011f\u00fc gibi olmad\u0131\u011f\u0131 k\u0131yamet sonras\u0131 bir d\u00fcnya yaratmakta usta\u2026 Ba\u015f d\u00f6nd\u00fcr\u00fcc\u00fc son, karakterleri ka\u00e7\u0131n\u0131lmaz sonu ya\u015famakla ikinci bir \u015fans\u0131 umut etmenin s\u0131n\u0131r\u0131na ta\u015f\u0131yor\u2026 ve okuru kendi kararlar\u0131yla y\u00fczle\u015fmeye zorluyor.\u201d \u2013Bookpage\u201cNess yine keskin ve \u00f6d\u00fcn vermeyen bir hik\u00e2ye yaratm\u0131\u015f.\u201d \u2013 Booklist\u201cMuhte\u015fem bir hik\u00e2ye, ustal\u0131kla ele al\u0131nm\u0131\u015f bir ritim ve unutulmaz bir metin.\u201d \u2013 The Boston Globe\u201cNess, okuru \u015fa\u015f\u0131rt\u0131c\u0131 ve \u015foke edici bir d\u00fcnyada ge\u00e7en soluksuz bir maceraya s\u00fcr\u00fckl\u00fcyor. Gen\u00e7 bir \u00e7ocu\u011fun d\u00fc\u015f\u00fcnce bi\u00e7imini m\u00fckemmel \u015fekilde yakalam\u0131\u015f. \u015e\u00fcphesiz kendinizi kapt\u0131raca\u011f\u0131n\u0131z s\u00fcr\u00fckleyici bir yolculuk\u2026\u201d \u2013VOYA\u201cSon ve \u00d6tesi ba\u015f\u0131ndan sonuna koltu\u011funuzun ucunda okuyaca\u011f\u0131n\u0131z, hayranl\u0131k verici, hayat dolu bir roman.\u201d \u2013Tor.com <\/p>\n","protected":false},"excerpt":{"rendered":"<p>Biz, \u00d6l\u00fcml\u00fcler ve Kaos Y\u00fcr\u00fcy\u00fc\u015f\u00fc \u00dc\u00e7lemesi\u2019nin \u00e7oksatan yazar\u0131 Patrick Ness\u2019ten g\u00fcn\u00fcm\u00fcz\u00fcn en d\u00fc\u015f\u00fcnd\u00fcr\u00fcc\u00fc ve ilham verici romanlar\u0131ndan biri!O\u011flan bo\u011fuldu; son anlar\u0131nda umutsuz ve yaln\u0131zd\u0131.\u00d6ld\u00fc.Sonra uyand\u0131; \u00e7\u0131plak,<span class=\"excerpt-hellip\"> [\u2026]<\/span><\/p>\n","protected":false},"featured_media":0,"template":"","meta":{"_monsterinsights_skip_tracking":false,"_monsterinsights_sitenote_active":false,"_monsterinsights_sitenote_note":"","_monsterinsights_sitenote_category":0},"product_brand":[],"product_cat":[12540,12291],"product_tag":[],"class_list":{"0":"post-711511","1":"product","2":"type-product","3":"status-publish","5":"product_cat-bilim-kurgu","6":"product_cat-edebiyat","7":"pa_cilt-ciltli","8":"pa_tur-kitap","9":"pa_yayinevi-yabanci-yayinevi","10":"pa_yazar-patrick-ness","12":"first","13":"instock","14":"sale","15":"shipping-taxable","16":"purchasable","17":"product-type-simple"},"_links":{"self":[{"href":"https:\/\/roveyayinevi.com.tr\/index.php\/wp-json\/wp\/v2\/product\/711511","targetHints":{"allow":["GET"]}}],"collection":[{"href":"https:\/\/roveyayinevi.com.tr\/index.php\/wp-json\/wp\/v2\/product"}],"about":[{"href":"https:\/\/roveyayinevi.com.tr\/index.php\/wp-json\/wp\/v2\/types\/product"}],"wp:attachment":[{"href":"https:\/\/roveyayinevi.com.tr\/index.php\/wp-json\/wp\/v2\/media?parent=711511"}],"wp:term":[{"taxonomy":"product_brand","embeddable":true,"href":"https:\/\/roveyayinevi.com.tr\/index.php\/wp-json\/wp\/v2\/product_brand?post=711511"},{"taxonomy":"product_cat","embeddable":true,"href":"https:\/\/roveyayinevi.com.tr\/index.php\/wp-json\/wp\/v2\/product_cat?post=711511"},{"taxonomy":"product_tag","embeddable":true,"href":"https:\/\/roveyayinevi.com.tr\/index.php\/wp-json\/wp\/v2\/product_tag?post=711511"}],"curies":[{"name":"wp","href":"https:\/\/api.w.org\/{rel}","templated":true}]}}