{"id":711510,"date":"2025-08-27T16:46:41","date_gmt":"2025-08-27T13:46:41","guid":{"rendered":"https:\/\/roveyayinevi.com.tr\/index.php\/urun\/adalet-ahlak-ve-nizam-osmanli-siyasetnameleri\/"},"modified":"2026-04-16T02:19:56","modified_gmt":"2026-04-15T23:19:56","slug":"adalet-ahlak-ve-nizam-osmanli-siyasetnameleri","status":"publish","type":"product","link":"https:\/\/roveyayinevi.com.tr\/index.php\/urun\/adalet-ahlak-ve-nizam-osmanli-siyasetnameleri\/","title":{"rendered":"Adalet, Ahlak Ve Nizam Osmanl\u0131 Siyasetnameleri"},"content":{"rendered":"<p>Nizam (ve nizam-\u0131 \u00e2lem), ahl\u00e2k, adalet, devlet\u2026 Osmanl\u0131 tarihi bahislerinin \u201ckutlu\u201d kavramlar\u0131 bunlar. Genellikle, ezel-ebed bir iktidar ideolojisini temellendirmek \u00fczere, hamasi bir t\u0131n\u0131yla kullan\u0131lan kavramlar. Elinizdeki kitap, bu kavramlar\u0131 adeta yelpaze gibi a\u00e7arak, Osmanl\u0131-\u2039sl\u00e2m d\u00fc\u015f\u00fcncesinin kapsaml\u0131 bir incelemesini yap\u0131yor. Osmanl\u0131 \u00f6ncesi \u2039sl\u00e2m d\u00fc\u015f\u00fcncesinin ve Anadolu \u00f6ncesi T\u00fcrk topluluklar\u0131n\u0131n \u201cseyyal mek\u00e2n\u201d anlay\u0131\u015f\u0131na dayal\u0131 siyasi ideolojilerinin Osmanl\u0131 d\u00f6nemine etkisi, kapsaml\u0131 bir girizg\u00e2h olu\u015fturuyor. Bunu, tarih i\u00e7indeki de\u011fi\u015fim seyrini de g\u00f6zeterek, Osmanl\u0131 d\u00f6nemi siyasetnamelerindeki siyaset anlay\u0131\u015f\u0131n\u0131n ayr\u0131nt\u0131l\u0131 ve n\u00fcansl\u0131 bir incelemesi izliyor. Asl\u0131nda sadece siyaset anlay\u0131\u015f\u0131n\u0131n de\u011fil, mek\u00e2na, insana, varl\u0131\u011fa ve t\u00fcm anlama dair fikirlerin ve tart\u0131\u015fmalar\u0131n bir d\u00f6k\u00fcm\u00fc, bu. Siyasal alan\u0131n berisinde, toplumun kendisi hakk\u0131ndaki tasavvurlar\u0131na a\u00e7\u0131lan bir d\u00f6k\u00fcm. Orhan Keskinta\u015f, Osmanl\u0131 \u00f6ncesi \u2039sl\u00e2m siyasi d\u00fc\u015f\u00fcncesinin temel ayr\u0131mlar\u0131ndan birini, \u201cistikrar teolojisi\u201d ile \u201cnizam ontolojisi\u201d aras\u0131nda koyuyor. Bu ayr\u0131\u015fma, belki onun modern \u2039sl\u00e2mc\u0131 d\u00fc\u015f\u00fcncenin siyasal alan\u0131 merkeze alan a\u00e7\u0131klama \u00e7er\u00e7evesine getirdi\u011fi ele\u015ftiriyle de birlikte d\u00fc\u015f\u00fcn\u00fclmeli. Yazar, Osmanl\u0131 siyasi d\u00fc\u015f\u00fcnce deneyiminin miras\u0131n\u0131, birlikte ya\u015fam imk\u00e2n\u0131n\u0131n bilgisi i\u00e7in de\u011ferlendirmeyi \u00f6neriyor. Zengin bir malzemeyi esnek bir analitik \u00e7er\u00e7eve i\u00e7inde kullanan bir d\u00fc\u015f\u00fcnce tarihi seyahati. <\/p>\n","protected":false},"excerpt":{"rendered":"<p>Nizam (ve nizam-\u0131 \u00e2lem), ahl\u00e2k, adalet, devlet\u2026 Osmanl\u0131 tarihi bahislerinin \u201ckutlu\u201d kavramlar\u0131 bunlar. Genellikle, ezel-ebed bir iktidar ideolojisini temellendirmek \u00fczere, hamasi bir t\u0131n\u0131yla kullan\u0131lan kavramlar. Elinizdeki<span class=\"excerpt-hellip\"> [\u2026]<\/span><\/p>\n","protected":false},"featured_media":0,"template":"","meta":{"_monsterinsights_skip_tracking":false,"_monsterinsights_sitenote_active":false,"_monsterinsights_sitenote_note":"","_monsterinsights_sitenote_category":0},"product_brand":[],"product_cat":[12370,12304],"product_tag":[],"class_list":{"0":"post-711510","1":"product","2":"type-product","3":"status-publish","5":"product_cat-arastirma-inceleme","6":"product_cat-tarih","7":"pa_cilt-ciltsiz","8":"pa_tur-kitap","9":"pa_yayinevi-iletisim-yayinlari","10":"pa_yazar-orhan-keskintas","12":"first","13":"instock","14":"sale","15":"shipping-taxable","16":"purchasable","17":"product-type-simple"},"_links":{"self":[{"href":"https:\/\/roveyayinevi.com.tr\/index.php\/wp-json\/wp\/v2\/product\/711510","targetHints":{"allow":["GET"]}}],"collection":[{"href":"https:\/\/roveyayinevi.com.tr\/index.php\/wp-json\/wp\/v2\/product"}],"about":[{"href":"https:\/\/roveyayinevi.com.tr\/index.php\/wp-json\/wp\/v2\/types\/product"}],"wp:attachment":[{"href":"https:\/\/roveyayinevi.com.tr\/index.php\/wp-json\/wp\/v2\/media?parent=711510"}],"wp:term":[{"taxonomy":"product_brand","embeddable":true,"href":"https:\/\/roveyayinevi.com.tr\/index.php\/wp-json\/wp\/v2\/product_brand?post=711510"},{"taxonomy":"product_cat","embeddable":true,"href":"https:\/\/roveyayinevi.com.tr\/index.php\/wp-json\/wp\/v2\/product_cat?post=711510"},{"taxonomy":"product_tag","embeddable":true,"href":"https:\/\/roveyayinevi.com.tr\/index.php\/wp-json\/wp\/v2\/product_tag?post=711510"}],"curies":[{"name":"wp","href":"https:\/\/api.w.org\/{rel}","templated":true}]}}