{"id":711509,"date":"2025-08-27T16:46:41","date_gmt":"2025-08-27T13:46:41","guid":{"rendered":"https:\/\/roveyayinevi.com.tr\/index.php\/urun\/islak-balik\/"},"modified":"2026-04-16T02:19:56","modified_gmt":"2026-04-15T23:19:56","slug":"islak-balik","status":"publish","type":"product","link":"https:\/\/roveyayinevi.com.tr\/index.php\/urun\/islak-balik\/","title":{"rendered":"Islak Bal\u0131k"},"content":{"rendered":"<p>Almanya\u2019da Birinci D\u00fcnya Sava\u015f\u0131 sonras\u0131 kurulan Weimar Cumhuriyeti\u2019nin k\u0131r\u0131lgan demokrasisi \u00e7\u00f6k\u00fcyor, Nazilerin iktidar\u0131 yakla\u015f\u0131yor&#8230; Volker Kutscher, bu d\u00f6nemin atmosferini, polisiye edebiyat\u0131n d\u00fcnyas\u0131 i\u00e7inden anlat\u0131yor. Cinayet \u015fubesinden ahl\u00e2k masas\u0131na s\u00fcr\u00fclm\u00fc\u015f olan Komiser Rath, Berlin\u2019in canl\u0131 pornografi piyasas\u0131n\u0131n, \u00e7\u0131lg\u0131n gece hayat\u0131n\u0131n c\u00fcr\u00fcmleriyle me\u015fgul olurken, daha \u201cciddi\u201d i\u015flere uzanan bir cinayetle kar\u015f\u0131la\u015facakt\u0131r. Zaten o y\u0131llarda, Berlin\u2019de ya\u015fanan hemen her hadise Nazi\u2019lerin kom\u00fcnistlere kar\u015f\u0131 y\u00fcr\u00fctt\u00fc\u011f\u00fc \u201csokak sava\u015f\u0131na\u201d de\u011fmektedir bir ucundan. Kutscher\u2019in b\u00fcy\u00fck ilgi uyand\u0131ran dizisinin bu ilk kitab\u0131nda di\u011fer \u201ckahramanlar\u0131m\u0131zla\u201d da tan\u0131\u015f\u0131yoruz. \u201cBuda\u201d lakapl\u0131 cinayet masas\u0131 \u015fefi Gennat\u2019la, s\u0131rad\u0131\u015f\u0131 polis sekreteri Charlotte\u2019la, karizmatik mafyac\u0131 Marlow\u2019la\u2026 \u201cG\u00fcn\u00fcm\u00fcz siyasi tarih polisiyelerinde d\u00f6nemin tarihi asgari dozda aktar\u0131l\u0131r genellikle. Kutscher tutkulu ve ayr\u0131nt\u0131c\u0131 anlat\u0131m\u0131yla bunun kar\u015f\u0131 kutbunu olu\u015fturuyor.\u201d Neue Ruhr Zeitung <\/p>\n","protected":false},"excerpt":{"rendered":"<p>Almanya\u2019da Birinci D\u00fcnya Sava\u015f\u0131 sonras\u0131 kurulan Weimar Cumhuriyeti\u2019nin k\u0131r\u0131lgan demokrasisi \u00e7\u00f6k\u00fcyor, Nazilerin iktidar\u0131 yakla\u015f\u0131yor&#8230; Volker Kutscher, bu d\u00f6nemin atmosferini, polisiye edebiyat\u0131n d\u00fcnyas\u0131 i\u00e7inden anlat\u0131yor. Cinayet \u015fubesinden<span class=\"excerpt-hellip\"> [\u2026]<\/span><\/p>\n","protected":false},"featured_media":0,"template":"","meta":{"_monsterinsights_skip_tracking":false,"_monsterinsights_sitenote_active":false,"_monsterinsights_sitenote_note":"","_monsterinsights_sitenote_category":0},"product_brand":[],"product_cat":[12291,12711],"product_tag":[],"class_list":{"0":"post-711509","1":"product","2":"type-product","3":"status-publish","5":"product_cat-edebiyat","6":"product_cat-roman-oyku","7":"pa_cilt-ciltsiz","8":"pa_tur-kitap","9":"pa_yayinevi-iletisim-yayinlari","10":"pa_yazar-volker-kutscher","12":"first","13":"instock","14":"sale","15":"shipping-taxable","16":"purchasable","17":"product-type-simple"},"_links":{"self":[{"href":"https:\/\/roveyayinevi.com.tr\/index.php\/wp-json\/wp\/v2\/product\/711509","targetHints":{"allow":["GET"]}}],"collection":[{"href":"https:\/\/roveyayinevi.com.tr\/index.php\/wp-json\/wp\/v2\/product"}],"about":[{"href":"https:\/\/roveyayinevi.com.tr\/index.php\/wp-json\/wp\/v2\/types\/product"}],"wp:attachment":[{"href":"https:\/\/roveyayinevi.com.tr\/index.php\/wp-json\/wp\/v2\/media?parent=711509"}],"wp:term":[{"taxonomy":"product_brand","embeddable":true,"href":"https:\/\/roveyayinevi.com.tr\/index.php\/wp-json\/wp\/v2\/product_brand?post=711509"},{"taxonomy":"product_cat","embeddable":true,"href":"https:\/\/roveyayinevi.com.tr\/index.php\/wp-json\/wp\/v2\/product_cat?post=711509"},{"taxonomy":"product_tag","embeddable":true,"href":"https:\/\/roveyayinevi.com.tr\/index.php\/wp-json\/wp\/v2\/product_tag?post=711509"}],"curies":[{"name":"wp","href":"https:\/\/api.w.org\/{rel}","templated":true}]}}