{"id":711508,"date":"2025-08-27T16:46:40","date_gmt":"2025-08-27T13:46:40","guid":{"rendered":"https:\/\/roveyayinevi.com.tr\/index.php\/urun\/yerma-uc-perde-ve-alti-sahnelik-bir-trajik-siir\/"},"modified":"2026-04-16T02:19:56","modified_gmt":"2026-04-15T23:19:56","slug":"yerma-uc-perde-ve-alti-sahnelik-bir-trajik-siir","status":"publish","type":"product","link":"https:\/\/roveyayinevi.com.tr\/index.php\/urun\/yerma-uc-perde-ve-alti-sahnelik-bir-trajik-siir\/","title":{"rendered":"Yerma \u00dc\u00e7 Perde ve Alt\u0131 Sahnelik Bir Trajik \u015eiir"},"content":{"rendered":"<p>Bir \u00e7ocuk sahibi olmak, bir demet g\u00fcle sahip olmak gibi bir \u015fey de\u011fildir. Onlar\u0131n b\u00fcy\u00fcd\u00fc\u011f\u00fcn\u00fc g\u00f6rebilmek i\u00e7in ac\u0131 \u00e7ekmek durumunday\u0131z. \u00c7ocuklar\u0131n damarlar\u0131m\u0131zdaki kan\u0131n yar\u0131s\u0131n\u0131 al\u0131p g\u00f6t\u00fcrd\u00fc\u011f\u00fc d\u00fc\u015f\u00fcncesindeyim. Fakat bu iyi, sa\u011fl\u0131kl\u0131 ve \u00e7ok g\u00fczel bir \u015fey. Her kad\u0131n, d\u00f6rt be\u015f \u00e7ocu\u011fa yetecek kadar kana sahiptir ve o \u00e7ocuklara sahip olmad\u0131k\u00e7a, bu kan zehre d\u00f6n\u00fc\u015f\u00fcr. Bana olacak olan da bu. Lorca farkl\u0131 k\u00fclt\u00fcrel kaynaklar\u0131 birbiri i\u00e7inde ustaca eriten bir yazard\u0131r. Yerel ile evrenseli, soyutla somutu ba\u011fda\u015ft\u0131r\u0131r. Sahici bir estetik yaratmay\u0131, bireysel ve toplumsal ac\u0131 \u00fczerine e\u015fzamanl\u0131 e\u011filmeyi, ger\u00e7eklere ula\u015fabilmek i\u00e7in ara\u00e7sal ak\u0131ldan ve bilgi\u00e7\u00e7e zek\u00e2 oyunlar\u0131ndan uzak durmay\u0131, derun\u00ee olana, yani bilin\u00e7d\u0131\u015f\u0131na da odaklanmay\u0131, sanat\u00e7\u0131 olarak \u00f6zellikle \u015fu \u00fc\u00e7 sesi (do\u011fa-\u00f6l\u00fcm, a\u015fk, sanat) s\u00fcrekli duyabilmeyi, insani varolu\u015fun \u201ck\u00f6kenindeki ac\u0131\u201dy\u0131 ara\u015ft\u0131rmay\u0131 ve \u201cimk\u00e2ns\u0131z\u0131n\u201d pe\u015finde olmay\u0131 kendine temel alan bir eser sahibidir Lorca. Bu eser duyarl\u0131, hassas, heyecan verici, zaman zaman b\u00fcy\u00fcleyici ve gizemli, lirik, kimi zamansa a\u011f\u0131tsal ve h\u00fcz\u00fcnl\u00fc, m\u00fczikal, sezgisel ve esrarl\u0131 bir parlakl\u0131\u011f\u0131 bulunan ve insan hayat\u0131n\u0131n en derin ve en y\u00fcksek anlar\u0131n\u0131n t\u00fcm\u00fcn\u00fc birka\u00e7 sat\u0131r i\u00e7inde \u00f6zetleyebilen niteliklerle donat\u0131lm\u0131\u015ft\u0131r&#8230; Lorca\u2019n\u0131nYerma adl\u0131 oyunu bu niteliklerin bir arada sunuldu\u011fu e\u015fsiz bir metin&#8230; <\/p>\n","protected":false},"excerpt":{"rendered":"<p>Bir \u00e7ocuk sahibi olmak, bir demet g\u00fcle sahip olmak gibi bir \u015fey de\u011fildir. Onlar\u0131n b\u00fcy\u00fcd\u00fc\u011f\u00fcn\u00fc g\u00f6rebilmek i\u00e7in ac\u0131 \u00e7ekmek durumunday\u0131z. \u00c7ocuklar\u0131n damarlar\u0131m\u0131zdaki kan\u0131n yar\u0131s\u0131n\u0131 al\u0131p g\u00f6t\u00fcrd\u00fc\u011f\u00fc<span class=\"excerpt-hellip\"> [\u2026]<\/span><\/p>\n","protected":false},"featured_media":0,"template":"","meta":{"_monsterinsights_skip_tracking":false,"_monsterinsights_sitenote_active":false,"_monsterinsights_sitenote_note":"","_monsterinsights_sitenote_category":0},"product_brand":[],"product_cat":[12291,14272],"product_tag":[],"class_list":{"0":"post-711508","1":"product","2":"type-product","3":"status-publish","5":"product_cat-edebiyat","6":"product_cat-tiyatro","7":"pa_cilt-ciltsiz","8":"pa_tur-kitap","9":"pa_yayinevi-ayrinti-yayinlari","10":"pa_yazar-federico-garcia-lorca","12":"first","13":"instock","14":"sale","15":"shipping-taxable","16":"purchasable","17":"product-type-simple"},"_links":{"self":[{"href":"https:\/\/roveyayinevi.com.tr\/index.php\/wp-json\/wp\/v2\/product\/711508","targetHints":{"allow":["GET"]}}],"collection":[{"href":"https:\/\/roveyayinevi.com.tr\/index.php\/wp-json\/wp\/v2\/product"}],"about":[{"href":"https:\/\/roveyayinevi.com.tr\/index.php\/wp-json\/wp\/v2\/types\/product"}],"wp:attachment":[{"href":"https:\/\/roveyayinevi.com.tr\/index.php\/wp-json\/wp\/v2\/media?parent=711508"}],"wp:term":[{"taxonomy":"product_brand","embeddable":true,"href":"https:\/\/roveyayinevi.com.tr\/index.php\/wp-json\/wp\/v2\/product_brand?post=711508"},{"taxonomy":"product_cat","embeddable":true,"href":"https:\/\/roveyayinevi.com.tr\/index.php\/wp-json\/wp\/v2\/product_cat?post=711508"},{"taxonomy":"product_tag","embeddable":true,"href":"https:\/\/roveyayinevi.com.tr\/index.php\/wp-json\/wp\/v2\/product_tag?post=711508"}],"curies":[{"name":"wp","href":"https:\/\/api.w.org\/{rel}","templated":true}]}}