{"id":711506,"date":"2025-08-27T16:46:39","date_gmt":"2025-08-27T13:46:39","guid":{"rendered":"https:\/\/roveyayinevi.com.tr\/index.php\/urun\/hattin-celebisi-hasan-celebi\/"},"modified":"2026-04-16T02:19:56","modified_gmt":"2026-04-15T23:19:56","slug":"hattin-celebisi-hasan-celebi","status":"publish","type":"product","link":"https:\/\/roveyayinevi.com.tr\/index.php\/urun\/hattin-celebisi-hasan-celebi\/","title":{"rendered":"Hatt\u0131n \u00c7elebisi Hasan \u00c7elebi"},"content":{"rendered":"<p>ERZURUM\u2019DAN MED\u0130NE\u2019YE Bir insan\u0131n \u00f6mr\u00fcne neler s\u0131\u011fabilece\u011fini, kaderin insan\u0131 nerelerden nerelere s\u00fcr\u00fckleyebilece\u011fini bilmek, bizler i\u00e7in m\u00fcmk\u00fcn de\u011fil. Erzurum\u2019da k\u00fc\u00e7\u00fcc\u00fck bir k\u00f6yde, sava\u015f \u015fartlar\u0131n\u0131n olu\u015fturdu\u011fu yoksulluk ortam\u0131nda talebe yeti\u015ftiren ne Emin Hoca, Osman Hoca, Yusuf Hocalar ne de ders okuyan Mustafa \u00c7elebi, Mevl\u00fct \u00dclker, Ali A\u011f\u0131rman, \u0130brahim Alta\u015f,  &#8230; arkada\u015flar\u0131 Hasan \u00c7elebi\u2019nin bir g\u00fcn hepsinin  belki gitmeyi arzu etti\u011fi Medine\u2019deki m\u00fcbarek mescitlerin yaz\u0131lar\u0131n\u0131 yazacak kadar bir \u015f\u00f6hrete kavu\u015faca\u011f\u0131n\u0131 tahmin edemezlerdi&#8230; Ama, a\u015fk, sevgi ve gayrete Allah\u2019\u0131n tasarrufat\u0131 eklenince her \u015fey farkl\u0131 olmaya ba\u015fl\u0131yor insan hayat\u0131nda&#8230;\u201cHikmetin ayakta kalmas\u0131 kalemledir\u201dKalem, ka\u011f\u0131t ve yaz\u0131&#8230; Allah\u2019\u0131n insanlara en g\u00fczel hediyesi. Yaz\u0131y\u0131 sanat haline getirmek ise insan\u0131n Allah\u2019a, Allah kelam\u0131na olan sevgisinden kaynaklan\u0131yor. Hattat, kendini Allah\u2019a veren, amellerin hakiki m\u00fc\u015fterisi olarak ancak O\u2019nu se\u00e7en, ne yapm\u0131\u015f ve ne yazm\u0131\u015fsa, O\u2019nun ad\u0131n\u0131 y\u00fcceltmek, r\u0131zas\u0131n\u0131 kazanmak i\u00e7in yapand\u0131r. Hattat, a\u015fk\u0131n\u0131 kam\u0131\u015f, kalem yoluyla ka\u011f\u0131da d\u00f6ker. Neyzenin elinde ayr\u0131l\u0131k ac\u0131s\u0131yla inleyen kam\u0131\u015f, hattat\u0131n elinde vuslat\u0131n \u00f6zlemiyle deli divane olup raks eder. Her hareketi O\u2019nu anlat\u0131r. Kalem O\u2019ndan izler b\u0131rak\u0131r ge\u00e7ti\u011fi her noktaya.Hattat, yaz\u0131y\u0131 yazmaya ba\u015flad\u0131\u011f\u0131 andan itibaren ibadet halindedir adeta. Kam\u0131\u015f kalem, ka\u011f\u0131d\u0131n \u00fczerinde, bir eli g\u00f6ky\u00fcz\u00fcne, bir eli yere a\u00e7\u0131lm\u0131\u015f, pervane gibi d\u00f6nen bir semazendir art\u0131k. Kalem yol al\u0131rken ka\u011f\u0131t \u00fczerinde zaman \u00e7oktan anlam\u0131n\u0131 yitirmi\u015ftir&#8230; <\/p>\n","protected":false},"excerpt":{"rendered":"<p>ERZURUM\u2019DAN MED\u0130NE\u2019YE Bir insan\u0131n \u00f6mr\u00fcne neler s\u0131\u011fabilece\u011fini, kaderin insan\u0131 nerelerden nerelere s\u00fcr\u00fckleyebilece\u011fini bilmek, bizler i\u00e7in m\u00fcmk\u00fcn de\u011fil. Erzurum\u2019da k\u00fc\u00e7\u00fcc\u00fck bir k\u00f6yde, sava\u015f \u015fartlar\u0131n\u0131n olu\u015fturdu\u011fu yoksulluk ortam\u0131nda<span class=\"excerpt-hellip\"> [\u2026]<\/span><\/p>\n","protected":false},"featured_media":0,"template":"","meta":{"_monsterinsights_skip_tracking":false,"_monsterinsights_sitenote_active":false,"_monsterinsights_sitenote_note":"","_monsterinsights_sitenote_category":0},"product_brand":[],"product_cat":[12312,12304],"product_tag":[],"class_list":{"0":"post-711506","1":"product","2":"type-product","3":"status-publish","5":"product_cat-diger","6":"product_cat-tarih","7":"pa_cilt-ciltli","8":"pa_tur-kitap","9":"pa_yayinevi-yeditepe-yayinevi","10":"pa_yazar-kollektif","12":"first","13":"instock","14":"sale","15":"shipping-taxable","16":"purchasable","17":"product-type-simple"},"_links":{"self":[{"href":"https:\/\/roveyayinevi.com.tr\/index.php\/wp-json\/wp\/v2\/product\/711506","targetHints":{"allow":["GET"]}}],"collection":[{"href":"https:\/\/roveyayinevi.com.tr\/index.php\/wp-json\/wp\/v2\/product"}],"about":[{"href":"https:\/\/roveyayinevi.com.tr\/index.php\/wp-json\/wp\/v2\/types\/product"}],"wp:attachment":[{"href":"https:\/\/roveyayinevi.com.tr\/index.php\/wp-json\/wp\/v2\/media?parent=711506"}],"wp:term":[{"taxonomy":"product_brand","embeddable":true,"href":"https:\/\/roveyayinevi.com.tr\/index.php\/wp-json\/wp\/v2\/product_brand?post=711506"},{"taxonomy":"product_cat","embeddable":true,"href":"https:\/\/roveyayinevi.com.tr\/index.php\/wp-json\/wp\/v2\/product_cat?post=711506"},{"taxonomy":"product_tag","embeddable":true,"href":"https:\/\/roveyayinevi.com.tr\/index.php\/wp-json\/wp\/v2\/product_tag?post=711506"}],"curies":[{"name":"wp","href":"https:\/\/api.w.org\/{rel}","templated":true}]}}