{"id":711505,"date":"2025-08-27T16:46:38","date_gmt":"2025-08-27T13:46:38","guid":{"rendered":"https:\/\/roveyayinevi.com.tr\/index.php\/urun\/kudus-i-serif\/"},"modified":"2026-04-16T02:19:56","modified_gmt":"2026-04-15T23:19:56","slug":"kudus-i-serif","status":"publish","type":"product","link":"https:\/\/roveyayinevi.com.tr\/index.php\/urun\/kudus-i-serif\/","title":{"rendered":"Kud\u00fcs-i \u015eerif"},"content":{"rendered":"<p>Her \u00fc\u00e7 sem\u00e2v\u00ee din a\u00e7\u0131s\u0131ndan da kutsall\u0131\u011f\u0131n merkezi olan Kud\u00fcs\u2019te y\u00fczy\u0131llarca varl\u0131\u011f\u0131n\u0131 devam ettiren \u0130slam vak\u0131flar\u0131 kente vak\u0131f \u015fehir kimli\u011fi kazand\u0131rm\u0131\u015ft\u0131r. Kentteki M\u00fcsl\u00fcman vak\u0131flar\u0131 \u015fehir merkezini ku\u015fatan ve idari sistem ve kentsel hizmetler \u00f6rg\u00fctlenmesinin merkezini olu\u015fturan Mescid-i Aksa ya da Harem-i \u015eerif etraf\u0131nda \u015fekillenmi\u015ftir. Kurulu\u015fuyla birlikte Kud\u00fcs \u015fehir merkezine h\u00e2kim olan ve \u0130sl\u00e2m devletlerinin de sembolik merkezi haline gelen bu alan, zaman i\u00e7erisinde, \u015fehir merkezini ku\u015fatan ve idari sistem ve kentsel hizmetler \u00f6rg\u00fctlenmesinin bir par\u00e7as\u0131 olan geni\u015f bir vak\u0131f a\u011f\u0131n\u0131n da \u00e7ekirde\u011fini olu\u015fturmu\u015ftur. Bu \u00e7al\u0131\u015fman\u0131n esas kayna\u011f\u0131n\u0131 olu\u015fturan Hurufat Defterleri, Osmanl\u0131\u2019da m\u00fcstesna bir geli\u015fmeye mazhar olan vak\u0131f kurumunun i\u015fleyi\u015fine dair k\u0131ymetli bilgileri ihtiva etmektedir. Vak\u0131flar Genel M\u00fcd\u00fcrl\u00fc\u011f\u00fc Ar\u015fivi\u2019nde bulunan Hur\u00fbfat Defterlerinden Kud\u00fcs Kazas\u0131\u2019na ili\u015fkin 1102-1250\/ 1690-1834 y\u0131llar\u0131 aras\u0131n\u0131 kapsayan 25 defterde yer alan 1644 kay\u0131t esas al\u0131nm\u0131\u015ft\u0131r.\u00c7al\u0131\u015fmada, a\u011f\u0131rl\u0131kl\u0131 olarak 18. y\u00fczy\u0131lda Kud\u00fcs Kazas\u0131\u2019n\u0131n din\u00ee, sosyal, iktisad\u00ee ve k\u00fclt\u00fcrel durumu vak\u0131f m\u00fcessesesi temelinde resmedilmeye \u00e7al\u0131\u015f\u0131lm\u0131\u015ft\u0131r. Gerek Hur\u00fbfat Defterleri, gerekse Kud\u00fcs Vak\u0131flar\u0131 konular\u0131na ili\u015fkin sundu\u011fu bilgi ve yorumlarla bu alanlarda yap\u0131lan \u00e7al\u0131\u015fmalara katk\u0131da bulunmay\u0131 ama\u00e7layan \u00e7al\u0131\u015fma Kud\u00fcs Kazas\u0131 vak\u0131flar\u0131na dair bir envanter niteli\u011fi de ta\u015f\u0131maktad\u0131r. <\/p>\n","protected":false},"excerpt":{"rendered":"<p>Her \u00fc\u00e7 sem\u00e2v\u00ee din a\u00e7\u0131s\u0131ndan da kutsall\u0131\u011f\u0131n merkezi olan Kud\u00fcs\u2019te y\u00fczy\u0131llarca varl\u0131\u011f\u0131n\u0131 devam ettiren \u0130slam vak\u0131flar\u0131 kente vak\u0131f \u015fehir kimli\u011fi kazand\u0131rm\u0131\u015ft\u0131r. Kentteki M\u00fcsl\u00fcman vak\u0131flar\u0131 \u015fehir merkezini<span class=\"excerpt-hellip\"> [\u2026]<\/span><\/p>\n","protected":false},"featured_media":0,"template":"","meta":{"_monsterinsights_skip_tracking":false,"_monsterinsights_sitenote_active":false,"_monsterinsights_sitenote_note":"","_monsterinsights_sitenote_category":0},"product_brand":[],"product_cat":[12370,12304],"product_tag":[],"class_list":{"0":"post-711505","1":"product","2":"type-product","3":"status-publish","5":"product_cat-arastirma-inceleme","6":"product_cat-tarih","7":"pa_cilt-ciltsiz","8":"pa_tur-kitap","9":"pa_yayinevi-yeditepe-yayinevi","10":"pa_yazar-kollektif","12":"first","13":"instock","14":"sale","15":"shipping-taxable","16":"purchasable","17":"product-type-simple"},"_links":{"self":[{"href":"https:\/\/roveyayinevi.com.tr\/index.php\/wp-json\/wp\/v2\/product\/711505","targetHints":{"allow":["GET"]}}],"collection":[{"href":"https:\/\/roveyayinevi.com.tr\/index.php\/wp-json\/wp\/v2\/product"}],"about":[{"href":"https:\/\/roveyayinevi.com.tr\/index.php\/wp-json\/wp\/v2\/types\/product"}],"wp:attachment":[{"href":"https:\/\/roveyayinevi.com.tr\/index.php\/wp-json\/wp\/v2\/media?parent=711505"}],"wp:term":[{"taxonomy":"product_brand","embeddable":true,"href":"https:\/\/roveyayinevi.com.tr\/index.php\/wp-json\/wp\/v2\/product_brand?post=711505"},{"taxonomy":"product_cat","embeddable":true,"href":"https:\/\/roveyayinevi.com.tr\/index.php\/wp-json\/wp\/v2\/product_cat?post=711505"},{"taxonomy":"product_tag","embeddable":true,"href":"https:\/\/roveyayinevi.com.tr\/index.php\/wp-json\/wp\/v2\/product_tag?post=711505"}],"curies":[{"name":"wp","href":"https:\/\/api.w.org\/{rel}","templated":true}]}}