{"id":711504,"date":"2025-08-27T16:46:38","date_gmt":"2025-08-27T13:46:38","guid":{"rendered":"https:\/\/roveyayinevi.com.tr\/index.php\/urun\/ruhuma-dokunan-sehirler\/"},"modified":"2026-04-16T02:19:56","modified_gmt":"2026-04-15T23:19:56","slug":"ruhuma-dokunan-sehirler","status":"publish","type":"product","link":"https:\/\/roveyayinevi.com.tr\/index.php\/urun\/ruhuma-dokunan-sehirler\/","title":{"rendered":"Ruhuma Dokunan \u015eehirler"},"content":{"rendered":"<p>Bu kitapta \u015fehir \u00fczerine ya\u015fad\u0131klar\u0131m, g\u00f6rd\u00fcklerim, okuduklar\u0131m ve hissettiklerim harf olarak, kelime olarak,c\u00fcmle olarak k\u00e2\u011f\u0131da d\u00f6k\u00fcld\u00fc. Okuyucular\u0131m\u0131za \u015fehir ve k\u00fclt\u00fcr ili\u015fkisi \u00fczerinden bir dost eli uzatmak istedim.Hayat\u0131ma dokunan \u015fehirleri tarihi, k\u00fclt\u00fcr\u00fc ve medeniyeti ile d\u00fc\u015f\u00fcnce d\u00fcnyamda harmanlay\u0131p, duygu kervan\u0131ma y\u00fckleyip sizlere sunmak istedim Ruhuma Dokunan \u015eehirler eseriyle.  Ruhumuzu burkan inciten \u015fehirlerden uzakla\u015farak, g\u00f6rd\u00fc\u011f\u00fcm\u00fczde ruhumuza dokunan ruhumuzu ok\u015fayan \u015fehirlere yolculuk yapt\u0131ral\u0131m istedik bu kitap ile.\u201cRuhuma Dokunan \u015eehirler\u201d olarak kar\u015f\u0131n\u0131za \u00e7\u0131kan bu eser, \u00fc\u00e7 ana b\u00f6l\u00fcmden olu\u015fmaktad\u0131r. Birinci b\u00f6l\u00fcmde \u015fehir \u00fczerine d\u00fc\u015f\u00fcnce d\u00fcnyamda yer eden ba\u015fl\u0131klara, ikinci b\u00f6l\u00fcmde, kitab\u0131n ana temas\u0131n\u0131 te\u015fkil eden ruhuma dokunan \u015fehirlere, \u00fc\u00e7\u00fcnc\u00fc ve son b\u00f6l\u00fcmde ise \u015fehir ve tanzifat \u00fczerine r\u00f6portajlar yer almaktad\u0131r. <\/p>\n","protected":false},"excerpt":{"rendered":"<p>Bu kitapta \u015fehir \u00fczerine ya\u015fad\u0131klar\u0131m, g\u00f6rd\u00fcklerim, okuduklar\u0131m ve hissettiklerim harf olarak, kelime olarak,c\u00fcmle olarak k\u00e2\u011f\u0131da d\u00f6k\u00fcld\u00fc. Okuyucular\u0131m\u0131za \u015fehir ve k\u00fclt\u00fcr ili\u015fkisi \u00fczerinden bir dost eli uzatmak<span class=\"excerpt-hellip\"> [\u2026]<\/span><\/p>\n","protected":false},"featured_media":0,"template":"","meta":{"_monsterinsights_skip_tracking":false,"_monsterinsights_sitenote_active":false,"_monsterinsights_sitenote_note":"","_monsterinsights_sitenote_category":0},"product_brand":[],"product_cat":[13072,12291],"product_tag":[],"class_list":{"0":"post-711504","1":"product","2":"type-product","3":"status-publish","5":"product_cat-arastirma-inceleme-referans","6":"product_cat-edebiyat","7":"pa_cilt-ciltsiz","8":"pa_tur-kitap","9":"pa_yayinevi-yeditepe-yayinevi","10":"pa_yazar-mehmet-mazak","12":"first","13":"instock","14":"sale","15":"shipping-taxable","16":"purchasable","17":"product-type-simple"},"_links":{"self":[{"href":"https:\/\/roveyayinevi.com.tr\/index.php\/wp-json\/wp\/v2\/product\/711504","targetHints":{"allow":["GET"]}}],"collection":[{"href":"https:\/\/roveyayinevi.com.tr\/index.php\/wp-json\/wp\/v2\/product"}],"about":[{"href":"https:\/\/roveyayinevi.com.tr\/index.php\/wp-json\/wp\/v2\/types\/product"}],"wp:attachment":[{"href":"https:\/\/roveyayinevi.com.tr\/index.php\/wp-json\/wp\/v2\/media?parent=711504"}],"wp:term":[{"taxonomy":"product_brand","embeddable":true,"href":"https:\/\/roveyayinevi.com.tr\/index.php\/wp-json\/wp\/v2\/product_brand?post=711504"},{"taxonomy":"product_cat","embeddable":true,"href":"https:\/\/roveyayinevi.com.tr\/index.php\/wp-json\/wp\/v2\/product_cat?post=711504"},{"taxonomy":"product_tag","embeddable":true,"href":"https:\/\/roveyayinevi.com.tr\/index.php\/wp-json\/wp\/v2\/product_tag?post=711504"}],"curies":[{"name":"wp","href":"https:\/\/api.w.org\/{rel}","templated":true}]}}