{"id":711501,"date":"2025-08-27T16:46:35","date_gmt":"2025-08-27T13:46:35","guid":{"rendered":"https:\/\/roveyayinevi.com.tr\/index.php\/urun\/kiz-natamam-bir-seydir\/"},"modified":"2026-04-16T02:19:56","modified_gmt":"2026-04-15T23:19:56","slug":"kiz-natamam-bir-seydir","status":"publish","type":"product","link":"https:\/\/roveyayinevi.com.tr\/index.php\/urun\/kiz-natamam-bir-seydir\/","title":{"rendered":"K\u0131z Natamam Bir \u015eeydir"},"content":{"rendered":"<p>Otobiyografik \u00f6zellikler de ta\u015f\u0131yan K\u0131z Natamam Bir \u015eeydir abisinin beyninde t\u00fcm\u00f6r olu\u015fan bir gen\u00e7 k\u0131z\u0131n ailesiyle olan karma\u015f\u0131k ili\u015fkilerini, ensesti, bu travmay\u0131 a\u015fmak i\u00e7in a\u015f\u0131r\u0131l\u0131klara sapmas\u0131n\u0131, \u00e7ocukluktan ergenli\u011fe, ergenlikten yeti\u015fkinli\u011fe ge\u00e7me ya da ge\u00e7ememe s\u00fcrecini yans\u0131t\u0131yor. Olaylar\u0131n, karakterin ya\u015f\u0131na ve duygu durumuna g\u00f6re zihindeki i\u00e7ses olarak aktar\u0131ld\u0131\u011f\u0131 K\u0131z Natamam Bir \u015eeydir, yazar\u0131n ilk roman\u0131. Eimear McBride\u2019\u0131n, ele\u015ftirmenlerin \u00f6vg\u00fcs\u00fcn\u00fc alan \u00fcslubu, ilk bak\u0131\u015fta \u015fa\u015f\u0131rtsa da sayfalar ilerledik\u00e7e okur taraf\u0131ndan da benimseniyor. Roman, bu bilin\u00e7 ak\u0131\u015f\u0131 bi\u00e7emi ustal\u0131kla kullan\u0131ld\u0131\u011f\u0131 i\u00e7in, edebiyat tarihinde bu y\u00f6ntemin ileri gelen adlar\u0131 James Joyce, Edna O\u2019Brien ve Virginia Woolf gibi ustalar\u0131n eserlerine benzetiliyor. <\/p>\n","protected":false},"excerpt":{"rendered":"<p>Otobiyografik \u00f6zellikler de ta\u015f\u0131yan K\u0131z Natamam Bir \u015eeydir abisinin beyninde t\u00fcm\u00f6r olu\u015fan bir gen\u00e7 k\u0131z\u0131n ailesiyle olan karma\u015f\u0131k ili\u015fkilerini, ensesti, bu travmay\u0131 a\u015fmak i\u00e7in a\u015f\u0131r\u0131l\u0131klara sapmas\u0131n\u0131,<span class=\"excerpt-hellip\"> [\u2026]<\/span><\/p>\n","protected":false},"featured_media":0,"template":"","meta":{"_monsterinsights_skip_tracking":false,"_monsterinsights_sitenote_active":false,"_monsterinsights_sitenote_note":"","_monsterinsights_sitenote_category":0},"product_brand":[],"product_cat":[12291,12711],"product_tag":[],"class_list":{"0":"post-711501","1":"product","2":"type-product","3":"status-publish","5":"product_cat-edebiyat","6":"product_cat-roman-oyku","7":"pa_cilt-ciltsiz","8":"pa_tur-kitap","9":"pa_yayinevi-can-yayinlari","10":"pa_yazar-eimear-mcbride","12":"first","13":"instock","14":"sale","15":"shipping-taxable","16":"purchasable","17":"product-type-simple"},"_links":{"self":[{"href":"https:\/\/roveyayinevi.com.tr\/index.php\/wp-json\/wp\/v2\/product\/711501","targetHints":{"allow":["GET"]}}],"collection":[{"href":"https:\/\/roveyayinevi.com.tr\/index.php\/wp-json\/wp\/v2\/product"}],"about":[{"href":"https:\/\/roveyayinevi.com.tr\/index.php\/wp-json\/wp\/v2\/types\/product"}],"wp:attachment":[{"href":"https:\/\/roveyayinevi.com.tr\/index.php\/wp-json\/wp\/v2\/media?parent=711501"}],"wp:term":[{"taxonomy":"product_brand","embeddable":true,"href":"https:\/\/roveyayinevi.com.tr\/index.php\/wp-json\/wp\/v2\/product_brand?post=711501"},{"taxonomy":"product_cat","embeddable":true,"href":"https:\/\/roveyayinevi.com.tr\/index.php\/wp-json\/wp\/v2\/product_cat?post=711501"},{"taxonomy":"product_tag","embeddable":true,"href":"https:\/\/roveyayinevi.com.tr\/index.php\/wp-json\/wp\/v2\/product_tag?post=711501"}],"curies":[{"name":"wp","href":"https:\/\/api.w.org\/{rel}","templated":true}]}}