{"id":711500,"date":"2025-08-27T16:46:35","date_gmt":"2025-08-27T13:46:35","guid":{"rendered":"https:\/\/roveyayinevi.com.tr\/index.php\/urun\/orman-kitabi\/"},"modified":"2026-04-16T02:19:56","modified_gmt":"2026-04-15T23:19:56","slug":"orman-kitabi","status":"publish","type":"product","link":"https:\/\/roveyayinevi.com.tr\/index.php\/urun\/orman-kitabi\/","title":{"rendered":"Orman Kitab\u0131"},"content":{"rendered":"<p>Rudyard Kipling\u2019in y\u00fczlerce dile \u00e7evrilmi\u015f bir d\u00fcnya klasi\u011fi\u2026 Bebekken kaplan \u015eer Han taraf\u0131ndan ka\u00e7\u0131r\u0131lan Mogli, ormanda onu bulan kurtlar taraf\u0131ndan b\u00fcy\u00fct\u00fcld\u00fc. Dostu kara panter Bagera ve \u00f6\u011fretmeni ay\u0131 Baloo\u2019dan ormanda nas\u0131l ya\u015famas\u0131 gerekti\u011fini \u00f6\u011frendi. Orman pek \u00e7ok tehlikeyle doluydu. Ama belki de en k\u00f6t\u00fcs\u00fc, bebekken elinden ka\u00e7\u0131rd\u0131\u011f\u0131 Mogli\u2019yi avlamaya ant i\u00e7mi\u015f ac\u0131mas\u0131z kaplan \u015eer Han\u2019d\u0131&#8230; Rudyard Kipling bu \u00f6yk\u00fcs\u00fcnde cesaret ve kararl\u0131l\u0131k, dostluk ve dayan\u0131\u015fma, kurallar ve d\u00fczen temalar\u0131n\u0131 i\u015fliyor. <\/p>\n","protected":false},"excerpt":{"rendered":"<p>Rudyard Kipling\u2019in y\u00fczlerce dile \u00e7evrilmi\u015f bir d\u00fcnya klasi\u011fi\u2026 Bebekken kaplan \u015eer Han taraf\u0131ndan ka\u00e7\u0131r\u0131lan Mogli, ormanda onu bulan kurtlar taraf\u0131ndan b\u00fcy\u00fct\u00fcld\u00fc. Dostu kara panter Bagera ve<span class=\"excerpt-hellip\"> [\u2026]<\/span><\/p>\n","protected":false},"featured_media":0,"template":"","meta":{"_monsterinsights_skip_tracking":false,"_monsterinsights_sitenote_active":false,"_monsterinsights_sitenote_note":"","_monsterinsights_sitenote_category":0},"product_brand":[],"product_cat":[12275,12274],"product_tag":[],"class_list":{"0":"post-711500","1":"product","2":"type-product","3":"status-publish","5":"product_cat-6-12-yas-kitaplari","6":"product_cat-cocuk-ve-genclik-kitaplari","7":"pa_cilt-ciltsiz","8":"pa_tur-kitap","9":"pa_yayinevi-remzi-kitabevi","10":"pa_yazar-rudyard-kipling","12":"first","13":"instock","14":"sale","15":"shipping-taxable","16":"purchasable","17":"product-type-simple"},"_links":{"self":[{"href":"https:\/\/roveyayinevi.com.tr\/index.php\/wp-json\/wp\/v2\/product\/711500","targetHints":{"allow":["GET"]}}],"collection":[{"href":"https:\/\/roveyayinevi.com.tr\/index.php\/wp-json\/wp\/v2\/product"}],"about":[{"href":"https:\/\/roveyayinevi.com.tr\/index.php\/wp-json\/wp\/v2\/types\/product"}],"wp:attachment":[{"href":"https:\/\/roveyayinevi.com.tr\/index.php\/wp-json\/wp\/v2\/media?parent=711500"}],"wp:term":[{"taxonomy":"product_brand","embeddable":true,"href":"https:\/\/roveyayinevi.com.tr\/index.php\/wp-json\/wp\/v2\/product_brand?post=711500"},{"taxonomy":"product_cat","embeddable":true,"href":"https:\/\/roveyayinevi.com.tr\/index.php\/wp-json\/wp\/v2\/product_cat?post=711500"},{"taxonomy":"product_tag","embeddable":true,"href":"https:\/\/roveyayinevi.com.tr\/index.php\/wp-json\/wp\/v2\/product_tag?post=711500"}],"curies":[{"name":"wp","href":"https:\/\/api.w.org\/{rel}","templated":true}]}}