{"id":711495,"date":"2025-08-27T16:46:32","date_gmt":"2025-08-27T13:46:32","guid":{"rendered":"https:\/\/roveyayinevi.com.tr\/index.php\/urun\/selcuklular-osmanlilar-ve-islam\/"},"modified":"2026-04-05T02:23:16","modified_gmt":"2026-04-04T23:23:16","slug":"selcuklular-osmanlilar-ve-islam","status":"publish","type":"product","link":"https:\/\/roveyayinevi.com.tr\/index.php\/urun\/selcuklular-osmanlilar-ve-islam\/","title":{"rendered":"Sel\u00e7uklular Osmanl\u0131lar ve \u0130slam"},"content":{"rendered":"<p>M\u00fcsl\u00fcman T\u00fcrk devlet ve toplum gelene\u011finde de\u011fi\u015fik boyutlar\u0131yla \u0130slam\u2019\u0131n yeri ve i\u015flevi konusu, belki ilk bak\u0131\u015fta Kristof Kolomb\u2019un yumurtas\u0131 gibi basit g\u00f6r\u00fcnebilir. Ama temelde bu, T\u00fcrk devletlerinin i\u00e7 ve d\u0131\u015f politikalar\u0131n\u0131, toplumlar\u0131n\u0131n yap\u0131s\u0131n\u0131 do\u011fru ve ger\u00e7ek\u00e7i olarak anlamam\u0131z ve analiz etmemiz konusunda \u00f6nemli ve karma\u015f\u0131k rol\u00fc olan bir problemdir. Bu itibarla y\u00fczy\u0131llara yay\u0131lan uzun soluklu bir tarih sorunsal\u0131 olarak zihniyet, kullan\u0131lan ara\u00e7lar, uygulanan y\u00f6ntemler ve elde edilen sonu\u00e7lar olarak ciddi bir \u015fekilde tart\u0131\u015f\u0131lmay\u0131 hak ediyor. \ufffcTan\u0131t\u0131m Metni<\/p>\n","protected":false},"excerpt":{"rendered":"<p>M\u00fcsl\u00fcman T\u00fcrk devlet ve toplum gelene\u011finde de\u011fi\u015fik boyutlar\u0131yla \u0130slam\u2019\u0131n yeri ve i\u015flevi konusu, belki ilk bak\u0131\u015fta Kristof Kolomb\u2019un yumurtas\u0131 gibi basit g\u00f6r\u00fcnebilir. Ama temelde bu, T\u00fcrk<span class=\"excerpt-hellip\"> [\u2026]<\/span><\/p>\n","protected":false},"featured_media":0,"template":"","meta":{"_monsterinsights_skip_tracking":false,"_monsterinsights_sitenote_active":false,"_monsterinsights_sitenote_note":"","_monsterinsights_sitenote_category":0},"product_brand":[],"product_cat":[13517,12304],"product_tag":[],"class_list":{"0":"post-711495","1":"product","2":"type-product","3":"status-publish","5":"product_cat-osmanli-tarihi","6":"product_cat-tarih","7":"pa_cilt-ciltli","8":"pa_tur-kitap","9":"pa_yayinevi-timas-yayinlari","10":"pa_yazar-ahmet-yasar-ocak","12":"first","13":"instock","14":"sale","15":"shipping-taxable","16":"purchasable","17":"product-type-simple"},"_links":{"self":[{"href":"https:\/\/roveyayinevi.com.tr\/index.php\/wp-json\/wp\/v2\/product\/711495","targetHints":{"allow":["GET"]}}],"collection":[{"href":"https:\/\/roveyayinevi.com.tr\/index.php\/wp-json\/wp\/v2\/product"}],"about":[{"href":"https:\/\/roveyayinevi.com.tr\/index.php\/wp-json\/wp\/v2\/types\/product"}],"wp:attachment":[{"href":"https:\/\/roveyayinevi.com.tr\/index.php\/wp-json\/wp\/v2\/media?parent=711495"}],"wp:term":[{"taxonomy":"product_brand","embeddable":true,"href":"https:\/\/roveyayinevi.com.tr\/index.php\/wp-json\/wp\/v2\/product_brand?post=711495"},{"taxonomy":"product_cat","embeddable":true,"href":"https:\/\/roveyayinevi.com.tr\/index.php\/wp-json\/wp\/v2\/product_cat?post=711495"},{"taxonomy":"product_tag","embeddable":true,"href":"https:\/\/roveyayinevi.com.tr\/index.php\/wp-json\/wp\/v2\/product_tag?post=711495"}],"curies":[{"name":"wp","href":"https:\/\/api.w.org\/{rel}","templated":true}]}}