{"id":711493,"date":"2025-08-27T16:46:31","date_gmt":"2025-08-27T13:46:31","guid":{"rendered":"https:\/\/roveyayinevi.com.tr\/index.php\/urun\/defterler-1914-1916\/"},"modified":"2026-04-16T02:19:56","modified_gmt":"2026-04-15T23:19:56","slug":"defterler-1914-1916","status":"publish","type":"product","link":"https:\/\/roveyayinevi.com.tr\/index.php\/urun\/defterler-1914-1916\/","title":{"rendered":"Defterler 1914-1916"},"content":{"rendered":"<p>Wittgenstein\u2019\u0131n de\u011fi\u015fmez \u00e7al\u0131\u015fma tarz\u0131 ve yazma bi\u00e7imi, k\u00fc\u00e7\u00fck ya\u015flardan itibaren geli\u015ftirdi\u011fi, zamanla yetkinlik kazanan defter tutma al\u0131\u015fkanl\u0131\u011f\u0131na dayan\u0131r. Giderek \u00f6beklenecek sorun odaklar\u0131 se\u00e7erek bunlar \u00fczerine d\u00fc\u015f\u00fcn\u00fcmlerini sistemsiz bi\u00e7imde \u00f6nce cebinde ta\u015f\u0131d\u0131\u011f\u0131 k\u00fc\u00e7\u00fck defterlere not olarak d\u00fc\u015fen Wittgenstein, arkas\u0131ndan bunlar\u0131 daha kapsaml\u0131 bi\u00e7imde ama yine \u2013\u201cde\u011finiler\u201d ad\u0131n\u0131 verdi\u011fi\u2013 k\u0131sa paragraflar halinde b\u00fcy\u00fck, ciltli defterlere aktar\u0131rd\u0131. Daha sonra bu notlar \u00fczerinde \u00e7al\u0131\u015farak man\u00fcskriler olu\u015ftururdu. Ekleme, \u00e7\u0131karma, d\u00fczeltme ve yeniden ifade etme yoluyla metnin arzu etti\u011fi d\u00fczeye gelmesini sa\u011flard\u0131. Bu a\u015famal\u0131 yaz\u0131m s\u00fcrecinin tipik \u00fcr\u00fcn\u00fc TractatusLogico-Philosophicus\u2019taki d\u00fc\u015f\u00fcncelerin geli\u015ftirildi\u011fi \u00f6nhaz\u0131rl\u0131k notlar\u0131n\u0131 i\u00e7eren defterlerden bir k\u0131sm\u0131, Wittgenstein\u2019\u0131n \u00f6l\u00fcm\u00fcnden sonra, Defterler 1914-1916 ba\u015fl\u0131\u011f\u0131yla yay\u0131nlanm\u0131\u015ft\u0131r. Tractatus k\u0131sa, akl\u0131 zorlay\u0131p kar\u0131\u015ft\u0131ran ve dolay\u0131s\u0131yla \u00f6ns\u00f6z\u00fcnde Wittgenstein\u2019a \u201cburada bildirilen d\u00fc\u015f\u00fcncelerin do\u011frulu\u011fu bana sorgu-sual edilemez ve kesin-kes g\u00f6r\u00fcn\u00fcyor\u201d dedirtecek kadar kendinden emin bir kitapt\u0131r. Oysa Defterler 1914-1916 incelendi\u011finde Wittgenstein\u2019\u0131n ayn\u0131 konular\u0131 ele al\u0131\u015f bi\u00e7iminin daha uzun ve ayr\u0131nt\u0131l\u0131 olmas\u0131n\u0131n yan\u0131 s\u0131ra, hem \u00e7at\u0131\u015fk\u0131l\u0131 ak\u0131l y\u00fcr\u00fctmelerde bulundu\u011fu hem de \u015f\u00fcphe i\u00e7inde k\u0131vrand\u0131\u011f\u0131 g\u00f6r\u00fcl\u00fcr. Fakat defterlere ta\u015f\u0131nan d\u00fc\u015f\u00fcnceler, temelde yatan bir mant\u0131\u011f\u0131 (resim teorisi) yans\u0131t\u0131r. Bu mant\u0131\u011f\u0131n yeri doldurulamaz kesinli\u011fi birka\u00e7 y\u0131l sonra kaleme al\u0131nan Tractatus\u2019ta as\u0131l bi\u00e7imine kavu\u015facakt\u0131r. <\/p>\n","protected":false},"excerpt":{"rendered":"<p>Wittgenstein\u2019\u0131n de\u011fi\u015fmez \u00e7al\u0131\u015fma tarz\u0131 ve yazma bi\u00e7imi, k\u00fc\u00e7\u00fck ya\u015flardan itibaren geli\u015ftirdi\u011fi, zamanla yetkinlik kazanan defter tutma al\u0131\u015fkanl\u0131\u011f\u0131na dayan\u0131r. Giderek \u00f6beklenecek sorun odaklar\u0131 se\u00e7erek bunlar \u00fczerine d\u00fc\u015f\u00fcn\u00fcmlerini<span class=\"excerpt-hellip\"> [\u2026]<\/span><\/p>\n","protected":false},"featured_media":0,"template":"","meta":{"_monsterinsights_skip_tracking":false,"_monsterinsights_sitenote_active":false,"_monsterinsights_sitenote_note":"","_monsterinsights_sitenote_category":0},"product_brand":[],"product_cat":[12388,13555],"product_tag":[],"class_list":{"0":"post-711493","1":"product","2":"type-product","3":"status-publish","5":"product_cat-felsefe","6":"product_cat-genel-felsefe","7":"pa_cilt-ciltsiz","8":"pa_tur-kitap","9":"pa_yayinevi-dogu-bati-yayinlari","10":"pa_yazar-ludwig-wittgenstein","12":"first","13":"instock","14":"sale","15":"shipping-taxable","16":"purchasable","17":"product-type-simple"},"_links":{"self":[{"href":"https:\/\/roveyayinevi.com.tr\/index.php\/wp-json\/wp\/v2\/product\/711493","targetHints":{"allow":["GET"]}}],"collection":[{"href":"https:\/\/roveyayinevi.com.tr\/index.php\/wp-json\/wp\/v2\/product"}],"about":[{"href":"https:\/\/roveyayinevi.com.tr\/index.php\/wp-json\/wp\/v2\/types\/product"}],"wp:attachment":[{"href":"https:\/\/roveyayinevi.com.tr\/index.php\/wp-json\/wp\/v2\/media?parent=711493"}],"wp:term":[{"taxonomy":"product_brand","embeddable":true,"href":"https:\/\/roveyayinevi.com.tr\/index.php\/wp-json\/wp\/v2\/product_brand?post=711493"},{"taxonomy":"product_cat","embeddable":true,"href":"https:\/\/roveyayinevi.com.tr\/index.php\/wp-json\/wp\/v2\/product_cat?post=711493"},{"taxonomy":"product_tag","embeddable":true,"href":"https:\/\/roveyayinevi.com.tr\/index.php\/wp-json\/wp\/v2\/product_tag?post=711493"}],"curies":[{"name":"wp","href":"https:\/\/api.w.org\/{rel}","templated":true}]}}