{"id":711490,"date":"2025-08-27T16:46:29","date_gmt":"2025-08-27T13:46:29","guid":{"rendered":"https:\/\/roveyayinevi.com.tr\/index.php\/urun\/duygularimiz-ve-davranislarimiz-ben-yapmadim\/"},"modified":"2025-09-13T15:19:18","modified_gmt":"2025-09-13T12:19:18","slug":"duygularimiz-ve-davranislarimiz-ben-yapmadim","status":"publish","type":"product","link":"https:\/\/roveyayinevi.com.tr\/index.php\/urun\/duygularimiz-ve-davranislarimiz-ben-yapmadim\/","title":{"rendered":"Duygular\u0131m\u0131z ve Davran\u0131\u015flar\u0131m\u0131z &#8211; Ben Yapmad\u0131m!"},"content":{"rendered":"<p>Ben Yapmad\u0131m! Do\u011fruyu S\u00f6ylemeyi \u00d6\u011freten Kitap   Poppy evde her zaman do\u011fruyu s\u00f6ylemiyor. Okulda da kimi zaman do\u011fruyu s\u00f6ylemiyor ve bu y\u00fczden arkada\u015flar\u0131n\u0131n zor durumda kalmas\u0131na neden oluyor. Acaba Poppy do\u011fruyu s\u00f6yleyip yap\u0131lan hatay\u0131 kabullenmenin yalan s\u00f6ylemekten daha do\u011fru bir davran\u0131\u015f oldu\u011funu anlayabilecek mi?   Bu hik\u00e2ye, \u00e7ocuklar\u0131 do\u011fruyu s\u00f6ylemenin \u00f6nemi hakk\u0131nda d\u00fc\u015f\u00fcnmeye sevk ediyor. Kitab\u0131n sonundaki iki sayfal\u0131k s\u00f6zs\u00fcz hik\u00e2ye b\u00f6l\u00fcm\u00fc, \u00e7ocuklar\u0131n do\u011fru s\u00f6ylemek ile ilgili yeni bir hik\u00e2ye olu\u015fturmalar\u0131n\u0131 sa\u011flayarak, onlar\u0131n konu\u015fma ve dinleme becerilerini geli\u015ftiriyor. Kitapta ayr\u0131ca ebeveynlere ve e\u011fitimcilere, \u00e7ocuklara bu kitab\u0131 okurken bir yandan da onlar\u0131n konuyu daha iyi kavray\u0131p fikir y\u00fcr\u00fctmelerini te\u015fvik edecek bir sohbet ba\u015flatmak i\u00e7in \u00f6neriler yer al\u0131yor.   \u00c7ocuklar\u0131n duygu ve davran\u0131\u015flar\u0131 ile ilgili fark\u0131ndal\u0131klar\u0131n\u0131 geli\u015ftirecek, e\u011fitici ve e\u011flenceli bir kitap! <\/p>\n","protected":false},"excerpt":{"rendered":"<p>Ben Yapmad\u0131m! Do\u011fruyu S\u00f6ylemeyi \u00d6\u011freten Kitap Poppy evde her zaman do\u011fruyu s\u00f6ylemiyor. Okulda da kimi zaman do\u011fruyu s\u00f6ylemiyor ve bu y\u00fczden arkada\u015flar\u0131n\u0131n zor durumda kalmas\u0131na neden<span class=\"excerpt-hellip\"> [\u2026]<\/span><\/p>\n","protected":false},"featured_media":0,"template":"","meta":{"_monsterinsights_skip_tracking":false,"_monsterinsights_sitenote_active":false,"_monsterinsights_sitenote_note":"","_monsterinsights_sitenote_category":0},"product_brand":[],"product_cat":[12275,12274],"product_tag":[],"class_list":{"0":"post-711490","1":"product","2":"type-product","3":"status-publish","5":"product_cat-6-12-yas-kitaplari","6":"product_cat-cocuk-ve-genclik-kitaplari","7":"pa_cilt-ciltsiz","8":"pa_tur-kitap","9":"pa_yayinevi-almidilli","10":"pa_yazar-sue-graves","12":"first","13":"instock","14":"sale","15":"shipping-taxable","16":"purchasable","17":"product-type-simple"},"_links":{"self":[{"href":"https:\/\/roveyayinevi.com.tr\/index.php\/wp-json\/wp\/v2\/product\/711490","targetHints":{"allow":["GET"]}}],"collection":[{"href":"https:\/\/roveyayinevi.com.tr\/index.php\/wp-json\/wp\/v2\/product"}],"about":[{"href":"https:\/\/roveyayinevi.com.tr\/index.php\/wp-json\/wp\/v2\/types\/product"}],"wp:attachment":[{"href":"https:\/\/roveyayinevi.com.tr\/index.php\/wp-json\/wp\/v2\/media?parent=711490"}],"wp:term":[{"taxonomy":"product_brand","embeddable":true,"href":"https:\/\/roveyayinevi.com.tr\/index.php\/wp-json\/wp\/v2\/product_brand?post=711490"},{"taxonomy":"product_cat","embeddable":true,"href":"https:\/\/roveyayinevi.com.tr\/index.php\/wp-json\/wp\/v2\/product_cat?post=711490"},{"taxonomy":"product_tag","embeddable":true,"href":"https:\/\/roveyayinevi.com.tr\/index.php\/wp-json\/wp\/v2\/product_tag?post=711490"}],"curies":[{"name":"wp","href":"https:\/\/api.w.org\/{rel}","templated":true}]}}