{"id":711489,"date":"2025-08-27T16:46:29","date_gmt":"2025-08-27T13:46:29","guid":{"rendered":"https:\/\/roveyayinevi.com.tr\/index.php\/urun\/one-punch-man-cilt-12\/"},"modified":"2026-04-16T02:19:56","modified_gmt":"2026-04-15T23:19:56","slug":"one-punch-man-cilt-12","status":"publish","type":"product","link":"https:\/\/roveyayinevi.com.tr\/index.php\/urun\/one-punch-man-cilt-12\/","title":{"rendered":"One-Punch Man \u2013 Cilt 12"},"content":{"rendered":"<p>One-Punch Man 12   Kar\u015f\u0131na \u00e7\u0131kan herkesin i\u015fini tek bir yumrukla bitiriyorsan hayat son derece s\u0131k\u0131c\u0131 bir \u015fey haline gelebilir. D\u00f6v\u00fc\u015f sanatlar\u0131 turnuvas\u0131 olanca heyecan\u0131yla devam ederken, organize canavar sald\u0131r\u0131s\u0131 da epey \u015fiddetlenmi\u015f durumda. Genos ile di\u011fer kahramanlar t\u00fcm g\u00fc\u00e7leriyle direnmeye ve canavarlar\u0131 alt etmeye \u00e7al\u0131\u015f\u0131yorlar ve zorlu bir m\u00fccadeleye girmi\u015f durumdular. \u00d6te yandan, olan bitenden habersiz olan Saitama da Bakuzan\u2019la d\u00f6v\u00fc\u015fmeye haz\u0131rlan\u0131yor. <\/p>\n","protected":false},"excerpt":{"rendered":"<p>One-Punch Man 12 Kar\u015f\u0131na \u00e7\u0131kan herkesin i\u015fini tek bir yumrukla bitiriyorsan hayat son derece s\u0131k\u0131c\u0131 bir \u015fey haline gelebilir. D\u00f6v\u00fc\u015f sanatlar\u0131 turnuvas\u0131 olanca heyecan\u0131yla devam ederken,<span class=\"excerpt-hellip\"> [\u2026]<\/span><\/p>\n","protected":false},"featured_media":0,"template":"","meta":{"_monsterinsights_skip_tracking":false,"_monsterinsights_sitenote_active":false,"_monsterinsights_sitenote_note":"","_monsterinsights_sitenote_category":0},"product_brand":[],"product_cat":[12416,12291],"product_tag":[],"class_list":{"0":"post-711489","1":"product","2":"type-product","3":"status-publish","5":"product_cat-cizgi-roman","6":"product_cat-edebiyat","7":"pa_cilt-ciltsiz","8":"pa_tur-kitap","9":"pa_yayinevi-akil-celen-kitaplar","10":"pa_yazar-yusuke-murata","12":"first","13":"instock","14":"sale","15":"shipping-taxable","16":"purchasable","17":"product-type-simple"},"_links":{"self":[{"href":"https:\/\/roveyayinevi.com.tr\/index.php\/wp-json\/wp\/v2\/product\/711489","targetHints":{"allow":["GET"]}}],"collection":[{"href":"https:\/\/roveyayinevi.com.tr\/index.php\/wp-json\/wp\/v2\/product"}],"about":[{"href":"https:\/\/roveyayinevi.com.tr\/index.php\/wp-json\/wp\/v2\/types\/product"}],"wp:attachment":[{"href":"https:\/\/roveyayinevi.com.tr\/index.php\/wp-json\/wp\/v2\/media?parent=711489"}],"wp:term":[{"taxonomy":"product_brand","embeddable":true,"href":"https:\/\/roveyayinevi.com.tr\/index.php\/wp-json\/wp\/v2\/product_brand?post=711489"},{"taxonomy":"product_cat","embeddable":true,"href":"https:\/\/roveyayinevi.com.tr\/index.php\/wp-json\/wp\/v2\/product_cat?post=711489"},{"taxonomy":"product_tag","embeddable":true,"href":"https:\/\/roveyayinevi.com.tr\/index.php\/wp-json\/wp\/v2\/product_tag?post=711489"}],"curies":[{"name":"wp","href":"https:\/\/api.w.org\/{rel}","templated":true}]}}