{"id":711488,"date":"2025-08-27T16:46:28","date_gmt":"2025-08-27T13:46:28","guid":{"rendered":"https:\/\/roveyayinevi.com.tr\/index.php\/urun\/saglikli-aliskanliklar-yikanmak-ve-temizlenmek\/"},"modified":"2026-04-16T02:19:55","modified_gmt":"2026-04-15T23:19:55","slug":"saglikli-aliskanliklar-yikanmak-ve-temizlenmek","status":"publish","type":"product","link":"https:\/\/roveyayinevi.com.tr\/index.php\/urun\/saglikli-aliskanliklar-yikanmak-ve-temizlenmek\/","title":{"rendered":"Sa\u011fl\u0131kl\u0131 Al\u0131\u015fkanl\u0131klar &#8211; Y\u0131kanmak ve Temizlenmek"},"content":{"rendered":"<p>Y\u0131kanmak ve Temizlenmek   Bu kitap, temiz olman\u0131n hem insanlar hem de hayvanlar\u0131n sa\u011fl\u0131kl\u0131 kalmalar\u0131na nas\u0131l katk\u0131 sa\u011flad\u0131\u011f\u0131n\u0131 anlat\u0131yor.   \u00c7ocuklar\u0131n iyi al\u0131\u015fkanl\u0131klar edinmesini sa\u011flamay\u0131 ama\u00e7layan Sa\u011fl\u0131kl\u0131 Al\u0131\u015fkanl\u0131klar dizisi, sa\u011fl\u0131\u011f\u0131m\u0131z i\u00e7in \u00f6nemli olan farkl\u0131 konular\u0131 ele al\u0131p bunlarla ilgili insanlar ve hayvanlar aras\u0131ndaki benzerlik ve farkl\u0131l\u0131klar\u0131 ortaya koyuyor. \u0130lgi \u00e7ekici ve renkli foto\u011fraflarla desteklenen bilgilendirici ve okunmas\u0131 keyifli metinler, kitaplarda yer alan k\u00fc\u00e7\u00fck ipu\u00e7lar\u0131 ve \u00f6neriler, sa\u011fl\u0131kl\u0131 ya\u015fam i\u00e7in faydal\u0131 bilgiler sunarken, bu al\u0131\u015fkanl\u0131klar\u0131n k\u00fc\u00e7\u00fck ya\u015fta edinilmesine yard\u0131mc\u0131 olacak. <\/p>\n","protected":false},"excerpt":{"rendered":"<p>Y\u0131kanmak ve Temizlenmek Bu kitap, temiz olman\u0131n hem insanlar hem de hayvanlar\u0131n sa\u011fl\u0131kl\u0131 kalmalar\u0131na nas\u0131l katk\u0131 sa\u011flad\u0131\u011f\u0131n\u0131 anlat\u0131yor. \u00c7ocuklar\u0131n iyi al\u0131\u015fkanl\u0131klar edinmesini sa\u011flamay\u0131 ama\u00e7layan Sa\u011fl\u0131kl\u0131 Al\u0131\u015fkanl\u0131klar<span class=\"excerpt-hellip\"> [\u2026]<\/span><\/p>\n","protected":false},"featured_media":0,"template":"","meta":{"_monsterinsights_skip_tracking":false,"_monsterinsights_sitenote_active":false,"_monsterinsights_sitenote_note":"","_monsterinsights_sitenote_category":0},"product_brand":[],"product_cat":[13829,12274],"product_tag":[],"class_list":{"0":"post-711488","1":"product","2":"type-product","3":"status-publish","5":"product_cat-bilimsel-kitaplar","6":"product_cat-cocuk-ve-genclik-kitaplari","7":"pa_cilt-ciltsiz","8":"pa_tur-kitap","9":"pa_yayinevi-1001-cicek-kitaplar","10":"pa_yazar-sue-barraclough","12":"first","13":"instock","14":"sale","15":"shipping-taxable","16":"purchasable","17":"product-type-simple"},"_links":{"self":[{"href":"https:\/\/roveyayinevi.com.tr\/index.php\/wp-json\/wp\/v2\/product\/711488","targetHints":{"allow":["GET"]}}],"collection":[{"href":"https:\/\/roveyayinevi.com.tr\/index.php\/wp-json\/wp\/v2\/product"}],"about":[{"href":"https:\/\/roveyayinevi.com.tr\/index.php\/wp-json\/wp\/v2\/types\/product"}],"wp:attachment":[{"href":"https:\/\/roveyayinevi.com.tr\/index.php\/wp-json\/wp\/v2\/media?parent=711488"}],"wp:term":[{"taxonomy":"product_brand","embeddable":true,"href":"https:\/\/roveyayinevi.com.tr\/index.php\/wp-json\/wp\/v2\/product_brand?post=711488"},{"taxonomy":"product_cat","embeddable":true,"href":"https:\/\/roveyayinevi.com.tr\/index.php\/wp-json\/wp\/v2\/product_cat?post=711488"},{"taxonomy":"product_tag","embeddable":true,"href":"https:\/\/roveyayinevi.com.tr\/index.php\/wp-json\/wp\/v2\/product_tag?post=711488"}],"curies":[{"name":"wp","href":"https:\/\/api.w.org\/{rel}","templated":true}]}}