{"id":711486,"date":"2025-08-27T16:46:27","date_gmt":"2025-08-27T13:46:27","guid":{"rendered":"https:\/\/roveyayinevi.com.tr\/index.php\/urun\/emre-ile-cemre-ilk-okuma-serisi\/"},"modified":"2026-04-16T02:19:55","modified_gmt":"2026-04-15T23:19:55","slug":"emre-ile-cemre-ilk-okuma-serisi","status":"publish","type":"product","link":"https:\/\/roveyayinevi.com.tr\/index.php\/urun\/emre-ile-cemre-ilk-okuma-serisi\/","title":{"rendered":"Emre ile Cemre &#8211; \u0130lk Okuma Serisi"},"content":{"rendered":"<p>Okuma sevgisi, arkada\u015fl\u0131k, hayvan sevgisi, sorumluluk, \u00fcretim, yazma, yarat\u0131c\u0131l\u0131k, g\u00f6zlem yapma, sa\u011fl\u0131k, empati kurma, yard\u0131mla\u015fma <\/p>\n","protected":false},"excerpt":{"rendered":"<p>Okuma sevgisi, arkada\u015fl\u0131k, hayvan sevgisi, sorumluluk, \u00fcretim, yazma, yarat\u0131c\u0131l\u0131k, g\u00f6zlem yapma, sa\u011fl\u0131k, empati kurma, yard\u0131mla\u015fma<\/p>\n","protected":false},"featured_media":0,"template":"","meta":{"_monsterinsights_skip_tracking":false,"_monsterinsights_sitenote_active":false,"_monsterinsights_sitenote_note":"","_monsterinsights_sitenote_category":0},"product_brand":[],"product_cat":[12275,12274],"product_tag":[],"class_list":{"0":"post-711486","1":"product","2":"type-product","3":"status-publish","5":"product_cat-6-12-yas-kitaplari","6":"product_cat-cocuk-ve-genclik-kitaplari","7":"pa_cilt-set","8":"pa_tur-kitap","9":"pa_yayinevi-tudem-yayinlari","10":"pa_yazar-miyase-sertbarut","12":"first","13":"instock","14":"sale","15":"shipping-taxable","16":"purchasable","17":"product-type-simple"},"_links":{"self":[{"href":"https:\/\/roveyayinevi.com.tr\/index.php\/wp-json\/wp\/v2\/product\/711486","targetHints":{"allow":["GET"]}}],"collection":[{"href":"https:\/\/roveyayinevi.com.tr\/index.php\/wp-json\/wp\/v2\/product"}],"about":[{"href":"https:\/\/roveyayinevi.com.tr\/index.php\/wp-json\/wp\/v2\/types\/product"}],"wp:attachment":[{"href":"https:\/\/roveyayinevi.com.tr\/index.php\/wp-json\/wp\/v2\/media?parent=711486"}],"wp:term":[{"taxonomy":"product_brand","embeddable":true,"href":"https:\/\/roveyayinevi.com.tr\/index.php\/wp-json\/wp\/v2\/product_brand?post=711486"},{"taxonomy":"product_cat","embeddable":true,"href":"https:\/\/roveyayinevi.com.tr\/index.php\/wp-json\/wp\/v2\/product_cat?post=711486"},{"taxonomy":"product_tag","embeddable":true,"href":"https:\/\/roveyayinevi.com.tr\/index.php\/wp-json\/wp\/v2\/product_tag?post=711486"}],"curies":[{"name":"wp","href":"https:\/\/api.w.org\/{rel}","templated":true}]}}