{"id":711478,"date":"2025-08-27T16:46:22","date_gmt":"2025-08-27T13:46:22","guid":{"rendered":"https:\/\/roveyayinevi.com.tr\/index.php\/urun\/emre-ile-cemre-3-alisveris-merkezinde\/"},"modified":"2026-04-16T02:19:55","modified_gmt":"2026-04-15T23:19:55","slug":"emre-ile-cemre-3-alisveris-merkezinde","status":"publish","type":"product","link":"https:\/\/roveyayinevi.com.tr\/index.php\/urun\/emre-ile-cemre-3-alisveris-merkezinde\/","title":{"rendered":"Emre ile Cemre 3 &#8211; Al\u0131\u015fveri\u015f Merkezinde"},"content":{"rendered":"<p>Emre ile Cemre iki iyi arkada\u015f. Arkada\u015f can demek; arkada\u015f heyecan, g\u00fcven demek. Peki ya macera? Bir bakm\u0131\u015fs\u0131n\u0131z Emre ile Cemre kalabal\u0131k bir d\u00fc\u011f\u00fcnde, bir bakm\u0131\u015fs\u0131n\u0131z bah\u00e7edeki korkulu\u011fun pe\u015finde. G\u00fcn gelmi\u015f ba\u015fbakan olmu\u015flar, g\u00fcn gelmi\u015f kedili takvim yapm\u0131\u015flar\u2026 Her kitapta yepyeni bir maceraya at\u0131l\u0131p farkl\u0131 bir sorumluluk \u00fcstlenen Emre ile Cemre&#8217;ye g\u00f6re hayat t\u00fcrl\u00fc ke\u015fiflerle dolu. Tabii, yaratt\u0131klar\u0131 bu renkli d\u00fcnyada sevgi, sayg\u0131, yard\u0131mla\u015fma, payla\u015fma gibi de\u011ferleri unutmamalar\u0131 ko\u015fuluyla\u2026 \u00c7ocuk ve gen\u00e7lik yaz\u0131n\u0131m\u0131z\u0131n bol \u00f6d\u00fcll\u00fc yazarlar\u0131ndan Miyase Sertbarut imzal\u0131 10 kitapl\u0131k &#8220;Emre ile Cemre\u201d ilk okuma serisi, ak\u0131c\u0131 metni ve g\u00fcndelik hayattan se\u00e7ti\u011fi konular\u0131yla ilk okuma \u00e7a\u011f\u0131ndaki \u00e7ocuklara keyifli bir kitaplarla tan\u0131\u015fma deneyimi vadediyor. Tekli ya da \u00f6zel kutulu setiyle okurlarla bulu\u015fan Emre ile Cemre\u2019nin maceralar\u0131 ilk 5 kitapta 16, di\u011fer 5 kitapta ise 24 sayfadan olu\u015fuyor. Serinin 1\u2019den 10\u2019a numaraland\u0131r\u0131lan her kitab\u0131nda yer alan kelime say\u0131s\u0131 500\u2019den 2000\u2019e uzanan kademeli bir art\u0131\u015f g\u00f6stererek, \u00f6\u011frencilere b\u00fct\u00fcn bir e\u011fitim y\u0131l\u0131na yay\u0131labilecek \u00e7e\u015fitlilikte bir okuma etkinli\u011fi sunuyor. Okumay\u0131 s\u00f6ken birinci s\u0131n\u0131f \u00f6\u011frencilerine anlaml\u0131 bir hediye alternatifi olarak da d\u00fc\u015f\u00fcn\u00fclebilecek bu \u00f6zel kutulu sette yer alan kitaplar\u0131, tek tek de almak m\u00fcmk\u00fcn.Duysal Tuncer ile Nurdan Demir\u2019in renkli \u00e7izimleriyle hayat verdikleri &#8220;Emre ile Cemre\u201d ilk okuma serisi, kitaplar\u0131n b\u00fcy\u00fcl\u00fc d\u00fcnyas\u0131na merhaba diyen k\u00fc\u00e7\u00fck okurlar\u0131 ke\u015fiflerle dolu yepyeni maceralara s\u00fcr\u00fckl\u00fcyor.   <\/p>\n","protected":false},"excerpt":{"rendered":"<p>Emre ile Cemre iki iyi arkada\u015f. Arkada\u015f can demek; arkada\u015f heyecan, g\u00fcven demek. Peki ya macera? Bir bakm\u0131\u015fs\u0131n\u0131z Emre ile Cemre kalabal\u0131k bir d\u00fc\u011f\u00fcnde, bir bakm\u0131\u015fs\u0131n\u0131z<span class=\"excerpt-hellip\"> [\u2026]<\/span><\/p>\n","protected":false},"featured_media":0,"template":"","meta":{"_monsterinsights_skip_tracking":false,"_monsterinsights_sitenote_active":false,"_monsterinsights_sitenote_note":"","_monsterinsights_sitenote_category":0},"product_brand":[],"product_cat":[12274,12284],"product_tag":[],"class_list":{"0":"post-711478","1":"product","2":"type-product","3":"status-publish","5":"product_cat-cocuk-ve-genclik-kitaplari","6":"product_cat-hikayeler","7":"pa_cilt-ciltsiz","8":"pa_tur-kitap","9":"pa_yayinevi-tudem-yayinlari","10":"pa_yazar-miyase-sertbarut","12":"first","13":"instock","14":"sale","15":"shipping-taxable","16":"purchasable","17":"product-type-simple"},"_links":{"self":[{"href":"https:\/\/roveyayinevi.com.tr\/index.php\/wp-json\/wp\/v2\/product\/711478","targetHints":{"allow":["GET"]}}],"collection":[{"href":"https:\/\/roveyayinevi.com.tr\/index.php\/wp-json\/wp\/v2\/product"}],"about":[{"href":"https:\/\/roveyayinevi.com.tr\/index.php\/wp-json\/wp\/v2\/types\/product"}],"wp:attachment":[{"href":"https:\/\/roveyayinevi.com.tr\/index.php\/wp-json\/wp\/v2\/media?parent=711478"}],"wp:term":[{"taxonomy":"product_brand","embeddable":true,"href":"https:\/\/roveyayinevi.com.tr\/index.php\/wp-json\/wp\/v2\/product_brand?post=711478"},{"taxonomy":"product_cat","embeddable":true,"href":"https:\/\/roveyayinevi.com.tr\/index.php\/wp-json\/wp\/v2\/product_cat?post=711478"},{"taxonomy":"product_tag","embeddable":true,"href":"https:\/\/roveyayinevi.com.tr\/index.php\/wp-json\/wp\/v2\/product_tag?post=711478"}],"curies":[{"name":"wp","href":"https:\/\/api.w.org\/{rel}","templated":true}]}}