{"id":711475,"date":"2025-08-27T16:46:20","date_gmt":"2025-08-27T13:46:20","guid":{"rendered":"https:\/\/roveyayinevi.com.tr\/index.php\/urun\/gantz-cilt-3\/"},"modified":"2026-04-16T02:19:55","modified_gmt":"2026-04-15T23:19:55","slug":"gantz-cilt-3","status":"publish","type":"product","link":"https:\/\/roveyayinevi.com.tr\/index.php\/urun\/gantz-cilt-3\/","title":{"rendered":"Gantz Cilt 3"},"content":{"rendered":"<p>Gantz Cilt 3 Kurono ve di\u011ferleri, Taze So\u011fan gezegeninden gelen adama kar\u015f\u0131 verilen \u00f6l\u00fcm kal\u0131m sava\u015f\u0131ndan galip ayr\u0131lmay\u0131 ba\u015far\u0131p s\u0131radan hayatlar\u0131na d\u00f6nd\u00fcler. Ama Gantz durmak bilmiyor ve odaya yeni birilerini getirmeye ba\u015flad\u0131. Bir motosiklet \u00e7etesinin lin\u00e7 edilen \u00fcyeleri, trafik kazas\u0131nda \u00f6len ya\u015fl\u0131 bir kad\u0131n ve torunu, Hocco ve Sadako\u2026   B\u00fct\u00fcn bunlar olup biterken Ni\u015fico da hayvanlar\u0131 \u00f6ld\u00fcrmek gibi zalimlikler yap\u0131yor, tuhaf bir hayat s\u00fcrmeye devam ediyor\u2026 Ni\u015fico ve di\u011fer kahramanlar\u0131m\u0131z bir anda paralize oluyor ve kendilerini yeniden o gizemli odada buluyorlar. Bu seferki g\u00f6rev, Tanaka gezegeninden gelen bir uzayl\u0131n\u0131n bertaraf edilmesi. <\/p>\n","protected":false},"excerpt":{"rendered":"<p>Gantz Cilt 3 Kurono ve di\u011ferleri, Taze So\u011fan gezegeninden gelen adama kar\u015f\u0131 verilen \u00f6l\u00fcm kal\u0131m sava\u015f\u0131ndan galip ayr\u0131lmay\u0131 ba\u015far\u0131p s\u0131radan hayatlar\u0131na d\u00f6nd\u00fcler. Ama Gantz durmak bilmiyor<span class=\"excerpt-hellip\"> [\u2026]<\/span><\/p>\n","protected":false},"featured_media":0,"template":"","meta":{"_monsterinsights_skip_tracking":false,"_monsterinsights_sitenote_active":false,"_monsterinsights_sitenote_note":"","_monsterinsights_sitenote_category":0},"product_brand":[],"product_cat":[12416,12291],"product_tag":[],"class_list":{"0":"post-711475","1":"product","2":"type-product","3":"status-publish","5":"product_cat-cizgi-roman","6":"product_cat-edebiyat","7":"pa_cilt-ciltsiz","8":"pa_tur-kitap","9":"pa_yayinevi-kurukafa","10":"pa_yazar-hiroya-oku","12":"first","13":"instock","14":"sale","15":"shipping-taxable","16":"purchasable","17":"product-type-simple"},"_links":{"self":[{"href":"https:\/\/roveyayinevi.com.tr\/index.php\/wp-json\/wp\/v2\/product\/711475","targetHints":{"allow":["GET"]}}],"collection":[{"href":"https:\/\/roveyayinevi.com.tr\/index.php\/wp-json\/wp\/v2\/product"}],"about":[{"href":"https:\/\/roveyayinevi.com.tr\/index.php\/wp-json\/wp\/v2\/types\/product"}],"wp:attachment":[{"href":"https:\/\/roveyayinevi.com.tr\/index.php\/wp-json\/wp\/v2\/media?parent=711475"}],"wp:term":[{"taxonomy":"product_brand","embeddable":true,"href":"https:\/\/roveyayinevi.com.tr\/index.php\/wp-json\/wp\/v2\/product_brand?post=711475"},{"taxonomy":"product_cat","embeddable":true,"href":"https:\/\/roveyayinevi.com.tr\/index.php\/wp-json\/wp\/v2\/product_cat?post=711475"},{"taxonomy":"product_tag","embeddable":true,"href":"https:\/\/roveyayinevi.com.tr\/index.php\/wp-json\/wp\/v2\/product_tag?post=711475"}],"curies":[{"name":"wp","href":"https:\/\/api.w.org\/{rel}","templated":true}]}}