{"id":711474,"date":"2025-08-27T16:46:20","date_gmt":"2025-08-27T13:46:20","guid":{"rendered":"https:\/\/roveyayinevi.com.tr\/index.php\/urun\/anadolu-arkeoloji-zaman-ve-mekan\/"},"modified":"2026-04-16T02:19:55","modified_gmt":"2026-04-15T23:19:55","slug":"anadolu-arkeoloji-zaman-ve-mekan","status":"publish","type":"product","link":"https:\/\/roveyayinevi.com.tr\/index.php\/urun\/anadolu-arkeoloji-zaman-ve-mekan\/","title":{"rendered":"Anadolu, Arkeoloji, Zaman ve Mekan"},"content":{"rendered":"<p>G\u00f6khan Co\u015fkunSunu\u015f&#8230; Halime H\u00fcry\u0131lmazErken Bronz \u00c7a\u011f\u0131&#8217;nda Kuzey ve Do\u011fu Ege Denizi Adalar\u0131: Yerle\u015fim Yerleri, Ya\u015famsal Kaynaklar ve K\u00fclt\u00fcrel \u0130li\u015fkilerA. Tuba \u00d6kseTat\u0131ka: Yukar\u0131 Dicle Havzas\u0131nda Bir ET\u00c7 I-II Mezarl\u0131\u011f\u0131 ve Rit\u00fcel Yap\u0131larA. Nejat Bilgen, M\u00fcge Savrum Kortano\u011fluSeyit\u00f6mer H\u00f6y\u00fck&#8217;te Bir \u0130lk Tun\u00e7 \u00c7a\u011f III Yap\u0131s\u0131nda Dair G\u00f6zlemler Mehmet I\u015f\u0131kl\u0131, Hatice Erg\u00fcrerErken Tun\u00e7 \u00c7a\u011f\u0131 Do\u011fu Anadolu B\u00f6lgesi Kura- Aras K\u00fclt\u00fcr\u00fc&#8217;nde Mekan ve Mekan Kullan\u0131m\u0131na Dair G\u00f6zlemlerAli Ozan K\u0131y\u0131 Ege&#8217;de Bask\u0131 Bezemeli \u00c7anak \u00c7\u00f6mlek Gelene\u011fi: Ege G\u00fcbre Yerle\u015fimi \u00d6rneklerinin De\u011ferlendirilmesiErim Konak\u00e7\u0131Orta ve Ge\u00e7 Tun\u00e7 \u00c7a\u011f\u0131nda Lykos (\u00c7\u00fcr\u00fcksu) Vadisi Yerle\u015fmesi Can Y\u00fcmni G\u00fcndemAnadoluda Arkeozoolojik \u00c7al\u0131\u015fmalar\u0131n Ba\u015flang\u0131c\u0131ndan 2000&#8217;li Y\u0131llara Kadar Olan Geli\u015fimine Genel Bir Bak\u0131\u015fSercan Kaan AlkanG\u00f6k\u00e7eada &#8211; Yenibademli H\u00f6y\u00fc\u011f\u00fcn Bitkisel Kal\u0131nt\u0131lar\u0131 ve Depolanma Modelleri Elif BozkurtRadyal D\u00fczenli &#8220;Anadolu Yerle\u015fim Plan\u0131&#8221; \u00dczerine D\u00fc\u015f\u00fcnceler\u0130lyas \u00c7etinkayaDo\u011fu ve G\u00fcneydo\u011fu Anadolu&#8217;da El Yap\u0131m\u0131 Serami\u011fin Devaml\u0131l\u0131\u011f\u0131 Ayd\u0131n EmanetAkkad D\u00f6nemi ve Sonras\u0131 Yukar\u0131 Dicle Serami\u011fiG\u00f6khan Co\u015fkun\u0130\u00e7-Bat\u0131 Anadolu&#8217;daki Bir Akhamenid D\u00f6nem Yerle\u015fiminin Karakterizasyonu: Seyit\u00f6mer H\u00f6y\u00fckHandan Y\u0131ld\u0131zhanDaskyleon&#8217;dan Bir Neo-Babil M\u00fchr\u00fc: Bir Stel ve Bir Bulla \u0130le Birlikte D\u00fc\u015f\u00fcnd\u00fcrd\u00fckleri\u00d6zden \u00dcrkmez De\u011fi\u015fen Anadolu&#8217;nun De\u011fi\u015fmeyen Mekan\u0131: \u00d6teki D\u00fcnyaM\u00fcnteha Din\u00e7U\u015fak&#8217;ta Bir Antik Kent: AkmoniaBurak S\u00f6nmez Nysa ad Meandrum \u00c7ar\u015f\u0131 Bazilikas\u0131 Hellenistik ve Roma D\u00f6nemi SeramikleriAdem YurtseverSide&#8217;de MS 1.-3. Y\u00fczy\u0131llar Aras\u0131nda Yumurta Ok Bezemelerinin (\u0130on Kymnationu) StilistiK De\u011fi\u015fim ve Geli\u015fimiBilge Y\u0131lmaz Kolanc\u0131Antik D\u00f6nem&#8217;den G\u00fcn\u00fcm\u00fcze Hayat A\u011fac\u0131&#8217;n\u0131n (Vitex agnus-castus L.\/ Lamiaceae) Kullan\u0131m\u0131 <\/p>\n","protected":false},"excerpt":{"rendered":"<p>G\u00f6khan Co\u015fkunSunu\u015f&#8230; Halime H\u00fcry\u0131lmazErken Bronz \u00c7a\u011f\u0131&#8217;nda Kuzey ve Do\u011fu Ege Denizi Adalar\u0131: Yerle\u015fim Yerleri, Ya\u015famsal Kaynaklar ve K\u00fclt\u00fcrel \u0130li\u015fkilerA. Tuba \u00d6kseTat\u0131ka: Yukar\u0131 Dicle Havzas\u0131nda Bir ET\u00c7<span class=\"excerpt-hellip\"> [\u2026]<\/span><\/p>\n","protected":false},"featured_media":0,"template":"","meta":{"_monsterinsights_skip_tracking":false,"_monsterinsights_sitenote_active":false,"_monsterinsights_sitenote_note":"","_monsterinsights_sitenote_category":0},"product_brand":[],"product_cat":[20039,13488],"product_tag":[],"class_list":{"0":"post-711474","1":"product","2":"type-product","3":"status-publish","5":"product_cat-kultur-tarihi","6":"product_cat-toplum-ve-insan","7":"pa_cilt-ciltsiz","8":"pa_tur-kitap","9":"pa_yayinevi-bilgin-kultur-sanat","10":"pa_yazar-gokhan-coskun","12":"first","13":"instock","14":"sale","15":"shipping-taxable","16":"purchasable","17":"product-type-simple"},"_links":{"self":[{"href":"https:\/\/roveyayinevi.com.tr\/index.php\/wp-json\/wp\/v2\/product\/711474","targetHints":{"allow":["GET"]}}],"collection":[{"href":"https:\/\/roveyayinevi.com.tr\/index.php\/wp-json\/wp\/v2\/product"}],"about":[{"href":"https:\/\/roveyayinevi.com.tr\/index.php\/wp-json\/wp\/v2\/types\/product"}],"wp:attachment":[{"href":"https:\/\/roveyayinevi.com.tr\/index.php\/wp-json\/wp\/v2\/media?parent=711474"}],"wp:term":[{"taxonomy":"product_brand","embeddable":true,"href":"https:\/\/roveyayinevi.com.tr\/index.php\/wp-json\/wp\/v2\/product_brand?post=711474"},{"taxonomy":"product_cat","embeddable":true,"href":"https:\/\/roveyayinevi.com.tr\/index.php\/wp-json\/wp\/v2\/product_cat?post=711474"},{"taxonomy":"product_tag","embeddable":true,"href":"https:\/\/roveyayinevi.com.tr\/index.php\/wp-json\/wp\/v2\/product_tag?post=711474"}],"curies":[{"name":"wp","href":"https:\/\/api.w.org\/{rel}","templated":true}]}}