{"id":711473,"date":"2025-08-27T16:46:19","date_gmt":"2025-08-27T13:46:19","guid":{"rendered":"https:\/\/roveyayinevi.com.tr\/index.php\/urun\/a-takimi-kayip-cocugun-pesinde\/"},"modified":"2026-04-16T02:19:55","modified_gmt":"2026-04-15T23:19:55","slug":"a-takimi-kayip-cocugun-pesinde","status":"publish","type":"product","link":"https:\/\/roveyayinevi.com.tr\/index.php\/urun\/a-takimi-kayip-cocugun-pesinde\/","title":{"rendered":"A Tak\u0131m\u0131 &#8211; Kay\u0131p \u00c7ocu\u011fun Pe\u015finde"},"content":{"rendered":"<p>\u0130z S\u00fcr\u00fcc\u00fc K\u00f6pekler\u2019in ser\u00fcvenleri kald\u0131\u011f\u0131 yerden devam ediyor&#8230; A Tak\u0131m\u0131\u2019n\u0131 olu\u015fturan k\u00f6peklerden her biri yurdun d\u00f6rt bir yan\u0131na tehlikeli g\u00f6revlere g\u00f6nderildi. Elinizdeki kitap yine bu ak\u0131l almaz ser\u00fcvenlerden birini anlat\u0131yor. Bu kez Samur Kuyruk\u2019un ba\u015f\u0131na gelenlere tan\u0131k olaca\u011f\u0131z. Samur Kuyruk insan ka\u00e7\u0131rma gibi \u00fcrk\u00fc verici ve yasa d\u0131\u015f\u0131 olaylar\u0131n \u00e7\u00f6z\u00fcm\u00fcnde uzman. Ya\u015fad\u0131\u011f\u0131 olaylardan birinde tarih\u00ee eser ka\u00e7ak\u00e7\u0131lar\u0131n\u0131n \u00fclkemizin \u00e7ok de\u011ferli hazinelerini yurt d\u0131\u015f\u0131na ka\u00e7\u0131rmalar\u0131na can\u0131 pahas\u0131na engel oluyor. Ba\u015fka bir ser\u00fcvende ise ka\u00e7\u0131r\u0131lan bir bebe\u011fin pe\u015fine d\u00fc\u015f\u00fcyor. Sevgili \u00e7ocuklar, A Tak\u0131m\u0131\u2019n\u0131n her \u00fcyesinin heyecan dolu ser\u00fcvenlerine ortak olmaya haz\u0131r m\u0131s\u0131n\u0131z? <\/p>\n","protected":false},"excerpt":{"rendered":"<p>\u0130z S\u00fcr\u00fcc\u00fc K\u00f6pekler\u2019in ser\u00fcvenleri kald\u0131\u011f\u0131 yerden devam ediyor&#8230; A Tak\u0131m\u0131\u2019n\u0131 olu\u015fturan k\u00f6peklerden her biri yurdun d\u00f6rt bir yan\u0131na tehlikeli g\u00f6revlere g\u00f6nderildi. Elinizdeki kitap yine bu ak\u0131l<span class=\"excerpt-hellip\"> [\u2026]<\/span><\/p>\n","protected":false},"featured_media":0,"template":"","meta":{"_monsterinsights_skip_tracking":false,"_monsterinsights_sitenote_active":false,"_monsterinsights_sitenote_note":"","_monsterinsights_sitenote_category":0},"product_brand":[],"product_cat":[12275,12274],"product_tag":[],"class_list":{"0":"post-711473","1":"product","2":"type-product","3":"status-publish","5":"product_cat-6-12-yas-kitaplari","6":"product_cat-cocuk-ve-genclik-kitaplari","7":"pa_cilt-ciltsiz","8":"pa_tur-kitap","9":"pa_yayinevi-altin-kitaplar-cocuk-kitaplari","10":"pa_yazar-gulten-dayioglu","12":"first","13":"instock","14":"sale","15":"shipping-taxable","16":"purchasable","17":"product-type-simple"},"_links":{"self":[{"href":"https:\/\/roveyayinevi.com.tr\/index.php\/wp-json\/wp\/v2\/product\/711473","targetHints":{"allow":["GET"]}}],"collection":[{"href":"https:\/\/roveyayinevi.com.tr\/index.php\/wp-json\/wp\/v2\/product"}],"about":[{"href":"https:\/\/roveyayinevi.com.tr\/index.php\/wp-json\/wp\/v2\/types\/product"}],"wp:attachment":[{"href":"https:\/\/roveyayinevi.com.tr\/index.php\/wp-json\/wp\/v2\/media?parent=711473"}],"wp:term":[{"taxonomy":"product_brand","embeddable":true,"href":"https:\/\/roveyayinevi.com.tr\/index.php\/wp-json\/wp\/v2\/product_brand?post=711473"},{"taxonomy":"product_cat","embeddable":true,"href":"https:\/\/roveyayinevi.com.tr\/index.php\/wp-json\/wp\/v2\/product_cat?post=711473"},{"taxonomy":"product_tag","embeddable":true,"href":"https:\/\/roveyayinevi.com.tr\/index.php\/wp-json\/wp\/v2\/product_tag?post=711473"}],"curies":[{"name":"wp","href":"https:\/\/api.w.org\/{rel}","templated":true}]}}