{"id":711472,"date":"2025-08-27T16:46:19","date_gmt":"2025-08-27T13:46:19","guid":{"rendered":"https:\/\/roveyayinevi.com.tr\/index.php\/urun\/dunyanin-en-kucuk-hediyesi\/"},"modified":"2026-04-16T02:19:55","modified_gmt":"2026-04-15T23:19:55","slug":"dunyanin-en-kucuk-hediyesi","status":"publish","type":"product","link":"https:\/\/roveyayinevi.com.tr\/index.php\/urun\/dunyanin-en-kucuk-hediyesi\/","title":{"rendered":"D\u00fcnyan\u0131n En K\u00fc\u00e7\u00fck Hediyesi"},"content":{"rendered":"<p>Peter H. Reynolds\u2019tan yediden yetmi\u015fe herkesi kucakla- yan yepyeni, duygu y\u00fckl\u00fc bir \u00f6yk\u00fc daha&#8230; Bazen beklentilerimizi fazla b\u00fcy\u00fck tutar, her duygumuzu abart\u0131r\u0131z. Mutlulu\u011fun bir e\u015fyada, bir hediyede sakl\u0131 oldu- \u011funu zanneder, yan\u0131 ba\u015f\u0131m\u0131zdakini \u0131skalar\u0131z. D\u00fcnyan\u0131n En K\u00fc\u00e7\u00fck Hediyesi mutlulu\u011fu ve payla\u015fman\u0131n \u00f6nemini bizlere hat\u0131rlatan s\u0131cac\u0131k bir \u00f6yk\u00fc&#8230; \ufffcTan\u0131t\u0131m Metni<\/p>\n","protected":false},"excerpt":{"rendered":"<p>Peter H. Reynolds\u2019tan yediden yetmi\u015fe herkesi kucakla- yan yepyeni, duygu y\u00fckl\u00fc bir \u00f6yk\u00fc daha&#8230; Bazen beklentilerimizi fazla b\u00fcy\u00fck tutar, her duygumuzu abart\u0131r\u0131z. Mutlulu\u011fun bir e\u015fyada, bir<span class=\"excerpt-hellip\"> [\u2026]<\/span><\/p>\n","protected":false},"featured_media":0,"template":"","meta":{"_monsterinsights_skip_tracking":false,"_monsterinsights_sitenote_active":false,"_monsterinsights_sitenote_note":"","_monsterinsights_sitenote_category":0},"product_brand":[],"product_cat":[12275,12274],"product_tag":[],"class_list":{"0":"post-711472","1":"product","2":"type-product","3":"status-publish","5":"product_cat-6-12-yas-kitaplari","6":"product_cat-cocuk-ve-genclik-kitaplari","7":"pa_cilt-ciltsiz","8":"pa_tur-kitap","9":"pa_yayinevi-altin-kitaplar-cocuk-kitaplari","10":"pa_yazar-peter-h-reynolds","12":"first","13":"instock","14":"sale","15":"shipping-taxable","16":"purchasable","17":"product-type-simple"},"_links":{"self":[{"href":"https:\/\/roveyayinevi.com.tr\/index.php\/wp-json\/wp\/v2\/product\/711472","targetHints":{"allow":["GET"]}}],"collection":[{"href":"https:\/\/roveyayinevi.com.tr\/index.php\/wp-json\/wp\/v2\/product"}],"about":[{"href":"https:\/\/roveyayinevi.com.tr\/index.php\/wp-json\/wp\/v2\/types\/product"}],"wp:attachment":[{"href":"https:\/\/roveyayinevi.com.tr\/index.php\/wp-json\/wp\/v2\/media?parent=711472"}],"wp:term":[{"taxonomy":"product_brand","embeddable":true,"href":"https:\/\/roveyayinevi.com.tr\/index.php\/wp-json\/wp\/v2\/product_brand?post=711472"},{"taxonomy":"product_cat","embeddable":true,"href":"https:\/\/roveyayinevi.com.tr\/index.php\/wp-json\/wp\/v2\/product_cat?post=711472"},{"taxonomy":"product_tag","embeddable":true,"href":"https:\/\/roveyayinevi.com.tr\/index.php\/wp-json\/wp\/v2\/product_tag?post=711472"}],"curies":[{"name":"wp","href":"https:\/\/api.w.org\/{rel}","templated":true}]}}