{"id":711470,"date":"2025-08-27T16:46:18","date_gmt":"2025-08-27T13:46:18","guid":{"rendered":"https:\/\/roveyayinevi.com.tr\/index.php\/urun\/suc-ve-beyin\/"},"modified":"2026-04-16T02:19:55","modified_gmt":"2026-04-15T23:19:55","slug":"suc-ve-beyin","status":"publish","type":"product","link":"https:\/\/roveyayinevi.com.tr\/index.php\/urun\/suc-ve-beyin\/","title":{"rendered":"Su\u00e7 Ve Beyin"},"content":{"rendered":"<p>Bu kitap 15 Temmuz darbe giri\u015fimini insan davran\u0131\u015f\u0131, sosyal sinirbilim, su\u00e7, fedak\u00e2rl\u0131k ve kahramanl\u0131k \u00fczerinden n\u00f6robilimsel bir bak\u0131\u015fla ele almaktad\u0131r. Ayn\u0131 zamanda ter\u00f6rist beyni, kitlesel eylemler ve b\u00fcy\u00fck toplumsal olaylar\u0131n arka plan\u0131ndaki g\u00f6r\u00fcnmesi zor nedenleri bilimsel olarak analiz etmektedir.   \u0130nsanlar Habil-Kabil\u2019den beri neden \u015fiddet g\u00f6sterirler? Do\u011fu\u015ftan m\u0131 su\u00e7lu oluruz yoksa su\u00e7 toplumsal m\u0131d\u0131r? \u0130\u00e7imizde ta\u015f\u0131d\u0131\u011f\u0131m\u0131z s\u00fcr\u00fcngen beyni bize neler yapt\u0131r\u0131r? Sa\u011f-sol beyin aras\u0131ndaki sava\u015f siyasal sava\u015flara nas\u0131l yol a\u00e7ar? Sa\u011f-sol beyin dengesi nas\u0131l sa\u011flan\u0131r? Bizi ger\u00e7ekte insan yapan beynimizin neresidir? Zihin kontrol\u00fc ile katil yaratmak m\u00fcmk\u00fcn m\u00fcd\u00fcr? Hipnoz ve psi\u015fik zihin kontrol\u00fc var m\u0131d\u0131r? Elektromanyetik dalgalarla toplumsal ba\u015fkald\u0131r\u0131lar yap\u0131labilir mi? Mehdilik beklentisi neden tembelli\u011fin di\u011fer ad\u0131d\u0131r? G\u00fcn\u00fcm\u00fczde mehdilik iddias\u0131nda bulunanlar kimlerdir? Ak\u0131l hastal\u0131\u011f\u0131 ve mehdilik ili\u015fkisi nedir? Guru ya da mehdi olman\u0131z i\u00e7in ne gerekir? Ter\u00f6ristlerin ve psikopatlar\u0131n beyni neden farkl\u0131 \u00e7al\u0131\u015f\u0131r? FET\u00d6\u2019n\u00fcn cemaat b\u00fcy\u00fckl\u00fc\u011f\u00fc nas\u0131l hesaplan\u0131r? Cemaatlerde itaat ve \u00f6tekile\u015ftirme nas\u0131l olur? \u0130klim, G\u00fcne\u015f ve Ay\u2019\u0131n \u015fiddet \u00fczerine etkisi var m\u0131d\u0131r? Neden sava\u015flar ve darbeler s\u0131cak aylarda ba\u015flar? Ter\u00f6r gruplar\u0131na kat\u0131lanlar\u0131n psikolojisi nas\u0131ld\u0131r? Ter\u00f6ristler ak\u0131l hastas\u0131 m\u0131d\u0131r? Kahramanl\u0131k, fedak\u00e2rl\u0131k ve \u00f6zgecilik neden olur? Toplumu bir arada tutan g\u00f6r\u00fcnmeyen ba\u011f var m\u0131d\u0131r? \u0130nsan olmak i\u00e7in empati mi sempati mi gereklidir? Zikir beyni nas\u0131l de\u011fi\u015ftirir? Gelecek nesil i\u00e7in nas\u0131l bir e\u011fitim politikas\u0131 olmal\u0131? Ayd\u0131nlanma \u00e7a\u011f\u0131 ilkelerine neden sahip \u00e7\u0131kmal\u0131y\u0131z? Kuzu postu giyen cemaatler neden tehlikelidir? Beyin tabanl\u0131 e\u011fitim nas\u0131l yap\u0131lmal\u0131d\u0131r? <\/p>\n","protected":false},"excerpt":{"rendered":"<p>Bu kitap 15 Temmuz darbe giri\u015fimini insan davran\u0131\u015f\u0131, sosyal sinirbilim, su\u00e7, fedak\u00e2rl\u0131k ve kahramanl\u0131k \u00fczerinden n\u00f6robilimsel bir bak\u0131\u015fla ele almaktad\u0131r. Ayn\u0131 zamanda ter\u00f6rist beyni, kitlesel eylemler<span class=\"excerpt-hellip\"> [\u2026]<\/span><\/p>\n","protected":false},"featured_media":0,"template":"","meta":{"_monsterinsights_skip_tracking":false,"_monsterinsights_sitenote_active":false,"_monsterinsights_sitenote_note":"","_monsterinsights_sitenote_category":0},"product_brand":[],"product_cat":[12965,12337],"product_tag":[],"class_list":{"0":"post-711470","1":"product","2":"type-product","3":"status-publish","5":"product_cat-genel-politika","6":"product_cat-politika-siyaset","7":"pa_cilt-ciltsiz","8":"pa_tur-kitap","9":"pa_yayinevi-destek-yayinlari","10":"pa_yazar-sultan-tarlaci","12":"first","13":"instock","14":"sale","15":"shipping-taxable","16":"purchasable","17":"product-type-simple"},"_links":{"self":[{"href":"https:\/\/roveyayinevi.com.tr\/index.php\/wp-json\/wp\/v2\/product\/711470","targetHints":{"allow":["GET"]}}],"collection":[{"href":"https:\/\/roveyayinevi.com.tr\/index.php\/wp-json\/wp\/v2\/product"}],"about":[{"href":"https:\/\/roveyayinevi.com.tr\/index.php\/wp-json\/wp\/v2\/types\/product"}],"wp:attachment":[{"href":"https:\/\/roveyayinevi.com.tr\/index.php\/wp-json\/wp\/v2\/media?parent=711470"}],"wp:term":[{"taxonomy":"product_brand","embeddable":true,"href":"https:\/\/roveyayinevi.com.tr\/index.php\/wp-json\/wp\/v2\/product_brand?post=711470"},{"taxonomy":"product_cat","embeddable":true,"href":"https:\/\/roveyayinevi.com.tr\/index.php\/wp-json\/wp\/v2\/product_cat?post=711470"},{"taxonomy":"product_tag","embeddable":true,"href":"https:\/\/roveyayinevi.com.tr\/index.php\/wp-json\/wp\/v2\/product_tag?post=711470"}],"curies":[{"name":"wp","href":"https:\/\/api.w.org\/{rel}","templated":true}]}}