{"id":711468,"date":"2025-08-27T16:46:16","date_gmt":"2025-08-27T13:46:16","guid":{"rendered":"https:\/\/roveyayinevi.com.tr\/index.php\/urun\/canavar-pesinde-serisi-50-acimasiz-boga-minos\/"},"modified":"2026-04-16T02:19:55","modified_gmt":"2026-04-15T23:19:55","slug":"canavar-pesinde-serisi-50-acimasiz-boga-minos","status":"publish","type":"product","link":"https:\/\/roveyayinevi.com.tr\/index.php\/urun\/canavar-pesinde-serisi-50-acimasiz-boga-minos\/","title":{"rendered":"Canavar Pe\u015finde Serisi 50 &#8211; Ac\u0131mas\u0131z Bo\u011fa Minos"},"content":{"rendered":"<p>Yepyeni Canavar Pe\u015finde maceras\u0131na ho\u015f geldiniz: B\u00fcy\u00fcc\u00fcn\u00fcn Asas\u0131 Tom ve arkada\u015flar\u0131, tuhaf Seraf diyar\u0131nda Malvel\u2019i aramaya devam ediyorlar. Avantia\u2019n\u0131n kaderi, Tom\u2019a ba\u011fl\u0131; Ac\u0131mas\u0131z Bo\u011fa Minos\u2019u yenemezse, Malvel t\u00fcm diyarlar\u0131 ele ge\u00e7irecek! <\/p>\n","protected":false},"excerpt":{"rendered":"<p>Yepyeni Canavar Pe\u015finde maceras\u0131na ho\u015f geldiniz: B\u00fcy\u00fcc\u00fcn\u00fcn Asas\u0131 Tom ve arkada\u015flar\u0131, tuhaf Seraf diyar\u0131nda Malvel\u2019i aramaya devam ediyorlar. Avantia\u2019n\u0131n kaderi, Tom\u2019a ba\u011fl\u0131; Ac\u0131mas\u0131z Bo\u011fa Minos\u2019u yenemezse,<span class=\"excerpt-hellip\"> [\u2026]<\/span><\/p>\n","protected":false},"featured_media":0,"template":"","meta":{"_monsterinsights_skip_tracking":false,"_monsterinsights_sitenote_active":false,"_monsterinsights_sitenote_note":"","_monsterinsights_sitenote_category":0},"product_brand":[],"product_cat":[12291,14777],"product_tag":[],"class_list":{"0":"post-711468","1":"product","2":"type-product","3":"status-publish","5":"product_cat-edebiyat","6":"product_cat-fantastik","7":"pa_cilt-ciltsiz","8":"pa_tur-kitap","9":"pa_yayinevi-beyaz-balina-yayinlari","10":"pa_yazar-adam-blade","12":"first","13":"instock","14":"sale","15":"shipping-taxable","16":"purchasable","17":"product-type-simple"},"_links":{"self":[{"href":"https:\/\/roveyayinevi.com.tr\/index.php\/wp-json\/wp\/v2\/product\/711468","targetHints":{"allow":["GET"]}}],"collection":[{"href":"https:\/\/roveyayinevi.com.tr\/index.php\/wp-json\/wp\/v2\/product"}],"about":[{"href":"https:\/\/roveyayinevi.com.tr\/index.php\/wp-json\/wp\/v2\/types\/product"}],"wp:attachment":[{"href":"https:\/\/roveyayinevi.com.tr\/index.php\/wp-json\/wp\/v2\/media?parent=711468"}],"wp:term":[{"taxonomy":"product_brand","embeddable":true,"href":"https:\/\/roveyayinevi.com.tr\/index.php\/wp-json\/wp\/v2\/product_brand?post=711468"},{"taxonomy":"product_cat","embeddable":true,"href":"https:\/\/roveyayinevi.com.tr\/index.php\/wp-json\/wp\/v2\/product_cat?post=711468"},{"taxonomy":"product_tag","embeddable":true,"href":"https:\/\/roveyayinevi.com.tr\/index.php\/wp-json\/wp\/v2\/product_tag?post=711468"}],"curies":[{"name":"wp","href":"https:\/\/api.w.org\/{rel}","templated":true}]}}