{"id":711466,"date":"2025-08-27T16:46:15","date_gmt":"2025-08-27T13:46:15","guid":{"rendered":"https:\/\/roveyayinevi.com.tr\/index.php\/urun\/calinan-tac-kisaltilmis-metin\/"},"modified":"2026-04-12T02:23:27","modified_gmt":"2026-04-11T23:23:27","slug":"calinan-tac-kisaltilmis-metin","status":"publish","type":"product","link":"https:\/\/roveyayinevi.com.tr\/index.php\/urun\/calinan-tac-kisaltilmis-metin\/","title":{"rendered":"\u00c7al\u0131nan Ta\u00e7 (K\u0131salt\u0131lm\u0131\u015f Metin)"},"content":{"rendered":"<p>\u00c7al\u0131nan Ta\u00e7 (Prens ile Dilenci) hik\u00e2yesi 16. y\u00fczy\u0131lda, bir sonbahar g\u00fcn\u00fc, \u0130ngiltere\u2019nin Londra kentinde ba\u015flar. Sefil mi sefil, buz gibi bir evde, fakir bir ailenin istenmeyen \u00e7ocu\u011fu Tom Canty d\u00fcnyaya gelir. Onunla ayn\u0131 anda \u2039ngiltere\u2019nin en zengin ailesinin de bir \u00e7ocu\u011fu olur. \u00dclkede herkesin aylard\u0131r heyecanla bekledi\u011fi ve bir g\u00fcn kral olarak ta\u00e7 giyip tahta \u00e7\u0131kacak olan Edward Tudor\u2019dur bu \u00e7ocuk. Zavall\u0131 Tom her g\u00fcn a\u00e7l\u0131kla sava\u015f\u0131p dilenmesi i\u00e7in sokaklara sal\u0131n\u0131rken, Galler\u2019in gen\u00e7 prensi Edward g\u00f6revleri yaln\u0131zca ona bakmak olan bir hizmetk\u00e2r ordusuyla ya\u015famaktad\u0131r. G\u00fcn\u00fcn birinde bu iki \u00e7ocuk kar\u015f\u0131la\u015f\u0131r. \u00c7ocuklar s\u0131rf e\u011flence olsun diye giysilerini de\u011fi\u015f toku\u015f ederler ve heyecanl\u0131 bir macera ba\u015flar. <\/p>\n","protected":false},"excerpt":{"rendered":"<p>\u00c7al\u0131nan Ta\u00e7 (Prens ile Dilenci) hik\u00e2yesi 16. y\u00fczy\u0131lda, bir sonbahar g\u00fcn\u00fc, \u0130ngiltere\u2019nin Londra kentinde ba\u015flar. Sefil mi sefil, buz gibi bir evde, fakir bir ailenin istenmeyen<span class=\"excerpt-hellip\"> [\u2026]<\/span><\/p>\n","protected":false},"featured_media":0,"template":"","meta":{"_monsterinsights_skip_tracking":false,"_monsterinsights_sitenote_active":false,"_monsterinsights_sitenote_note":"","_monsterinsights_sitenote_category":0},"product_brand":[],"product_cat":[12275,12274],"product_tag":[],"class_list":{"0":"post-711466","1":"product","2":"type-product","3":"status-publish","5":"product_cat-6-12-yas-kitaplari","6":"product_cat-cocuk-ve-genclik-kitaplari","7":"pa_cilt-ciltsiz","8":"pa_tur-kitap","9":"pa_yayinevi-is-bankasi-kultur-yayinlari","10":"pa_yazar-mark-twain","12":"first","13":"instock","14":"sale","15":"shipping-taxable","16":"purchasable","17":"product-type-simple"},"_links":{"self":[{"href":"https:\/\/roveyayinevi.com.tr\/index.php\/wp-json\/wp\/v2\/product\/711466","targetHints":{"allow":["GET"]}}],"collection":[{"href":"https:\/\/roveyayinevi.com.tr\/index.php\/wp-json\/wp\/v2\/product"}],"about":[{"href":"https:\/\/roveyayinevi.com.tr\/index.php\/wp-json\/wp\/v2\/types\/product"}],"wp:attachment":[{"href":"https:\/\/roveyayinevi.com.tr\/index.php\/wp-json\/wp\/v2\/media?parent=711466"}],"wp:term":[{"taxonomy":"product_brand","embeddable":true,"href":"https:\/\/roveyayinevi.com.tr\/index.php\/wp-json\/wp\/v2\/product_brand?post=711466"},{"taxonomy":"product_cat","embeddable":true,"href":"https:\/\/roveyayinevi.com.tr\/index.php\/wp-json\/wp\/v2\/product_cat?post=711466"},{"taxonomy":"product_tag","embeddable":true,"href":"https:\/\/roveyayinevi.com.tr\/index.php\/wp-json\/wp\/v2\/product_tag?post=711466"}],"curies":[{"name":"wp","href":"https:\/\/api.w.org\/{rel}","templated":true}]}}