{"id":711465,"date":"2025-08-27T16:46:15","date_gmt":"2025-08-27T13:46:15","guid":{"rendered":"https:\/\/roveyayinevi.com.tr\/index.php\/urun\/vahsetin-cagrisi-kisaltilmis-metin\/"},"modified":"2026-04-16T02:19:55","modified_gmt":"2026-04-15T23:19:55","slug":"vahsetin-cagrisi-kisaltilmis-metin","status":"publish","type":"product","link":"https:\/\/roveyayinevi.com.tr\/index.php\/urun\/vahsetin-cagrisi-kisaltilmis-metin\/","title":{"rendered":"Vah\u015fetin \u00c7a\u011fr\u0131s\u0131 (K\u0131salt\u0131lm\u0131\u015f Metin)"},"content":{"rendered":"<p>Buck gazete okumazd\u0131; okusayd\u0131 sadece kendisi i\u00e7in de\u011fil, g\u00fc\u00e7l\u00fc kaslar\u0131 ve uzun t\u00fcyleri olant\u00fcm G\u00fcneyli k\u00f6pekler i\u00e7in tehlikenin yakla\u015fmakta oldu\u011funu bilirdi. Kuzey Kutbu&#8217;nun zorluko\u015fullar\u0131nda ya\u015fayan insanlar sar\u0131 bir maden bulmu\u015flard\u0131. Bu haber dalga dalga yay\u0131l\u0131yorvebinlerce adam kuzeye ak\u0131yordu. Bu adamlara k\u00f6pek gerekiyordu. Sa\u011flam, g\u00fc\u00e7l\u00fc, k\u0131zak\u00e7ekebilecek kuvvetli kaslar\u0131 ve kendilerini so\u011fuktan koruyacak k\u00fcrkleri olan k\u00f6pekler&#8230; Buck harika bir ortamda do\u011fmu\u015f, zenginlik i\u00e7inde b\u00fcy\u00fcm\u00fc\u015ft\u00fc. Kocaman bir evde ya\u015f\u0131yor, s\u0131cak iklimin keyfini \u00e7\u0131kar\u0131yordu. Yeti\u015fkinli\u011fe ula\u015ft\u0131\u011f\u0131nda neredeyse evin kral\u0131 olmu\u015ftu, ama ya\u015fam\u0131 bir anda de\u011fi\u015fti. Art\u0131k hayatta kalmak i\u00e7in b\u00fct\u00fcn yeteneklerini kullanmas\u0131 gerekiyordu. \ufffc<\/p>\n","protected":false},"excerpt":{"rendered":"<p>Buck gazete okumazd\u0131; okusayd\u0131 sadece kendisi i\u00e7in de\u011fil, g\u00fc\u00e7l\u00fc kaslar\u0131 ve uzun t\u00fcyleri olant\u00fcm G\u00fcneyli k\u00f6pekler i\u00e7in tehlikenin yakla\u015fmakta oldu\u011funu bilirdi. Kuzey Kutbu&#8217;nun zorluko\u015fullar\u0131nda ya\u015fayan insanlar<span class=\"excerpt-hellip\"> [\u2026]<\/span><\/p>\n","protected":false},"featured_media":0,"template":"","meta":{"_monsterinsights_skip_tracking":false,"_monsterinsights_sitenote_active":false,"_monsterinsights_sitenote_note":"","_monsterinsights_sitenote_category":0},"product_brand":[],"product_cat":[12275,12274],"product_tag":[],"class_list":{"0":"post-711465","1":"product","2":"type-product","3":"status-publish","5":"product_cat-6-12-yas-kitaplari","6":"product_cat-cocuk-ve-genclik-kitaplari","7":"pa_cilt-ciltsiz","8":"pa_tur-kitap","9":"pa_yayinevi-is-bankasi-kultur-yayinlari","10":"pa_yazar-jack-london","12":"first","13":"instock","14":"sale","15":"shipping-taxable","16":"purchasable","17":"product-type-simple"},"_links":{"self":[{"href":"https:\/\/roveyayinevi.com.tr\/index.php\/wp-json\/wp\/v2\/product\/711465","targetHints":{"allow":["GET"]}}],"collection":[{"href":"https:\/\/roveyayinevi.com.tr\/index.php\/wp-json\/wp\/v2\/product"}],"about":[{"href":"https:\/\/roveyayinevi.com.tr\/index.php\/wp-json\/wp\/v2\/types\/product"}],"wp:attachment":[{"href":"https:\/\/roveyayinevi.com.tr\/index.php\/wp-json\/wp\/v2\/media?parent=711465"}],"wp:term":[{"taxonomy":"product_brand","embeddable":true,"href":"https:\/\/roveyayinevi.com.tr\/index.php\/wp-json\/wp\/v2\/product_brand?post=711465"},{"taxonomy":"product_cat","embeddable":true,"href":"https:\/\/roveyayinevi.com.tr\/index.php\/wp-json\/wp\/v2\/product_cat?post=711465"},{"taxonomy":"product_tag","embeddable":true,"href":"https:\/\/roveyayinevi.com.tr\/index.php\/wp-json\/wp\/v2\/product_tag?post=711465"}],"curies":[{"name":"wp","href":"https:\/\/api.w.org\/{rel}","templated":true}]}}