{"id":711462,"date":"2025-08-27T16:46:13","date_gmt":"2025-08-27T13:46:13","guid":{"rendered":"https:\/\/roveyayinevi.com.tr\/index.php\/urun\/anadolu-korku-oykuleri-3-yilgayak\/"},"modified":"2026-04-16T02:19:55","modified_gmt":"2026-04-15T23:19:55","slug":"anadolu-korku-oykuleri-3-yilgayak","status":"publish","type":"product","link":"https:\/\/roveyayinevi.com.tr\/index.php\/urun\/anadolu-korku-oykuleri-3-yilgayak\/","title":{"rendered":"Anadolu Korku \u00d6yk\u00fcleri 3 &#8211; Y\u0131lgayak"},"content":{"rendered":"<p>Anadolu Korku \u00d6yk\u00fcleri III \u2013 Y\u0131lgayak, serinin yepyeni, gen\u00e7 ve g\u00fc\u00e7l\u00fc kalemlerle biraraya geldi\u011fi, etkileyici bir antoloji. \u0130lk kitab\u0131n yay\u0131mlanmas\u0131n\u0131n ard\u0131ndan ge\u00e7en s\u00fcrede ana fikri ayn\u0131 kalsa da hem d\u00fcnyada hem de \u00fclkemizdeki korku k\u00fclt\u00fcr\u00fcn\u00fcn de\u011fi\u015fimleri bu yeni kitab\u0131n \u00f6yk\u00fclerinin \u00fcretilmesinde en etkili rol\u00fc oynad\u0131. Anadolu topraklar\u0131na bakt\u0131\u011f\u0131m\u0131zda a\u00e7\u0131k\u00e7a g\u00f6r\u00fcnen ilk \u015fey, d\u00fcnya uluslar\u0131na \u2013birka\u00e7 istisna d\u0131\u015f\u0131nda- nasip olmam\u0131\u015f, binlerce y\u0131l geriye do\u011fru izini s\u00fcrebilece\u011fimiz medeniyet tarihimizdir. \u0130\u015fte bu topraklarda yo\u011frulmu\u015f, k\u00f6kl\u00fc bir k\u00fclt\u00fcrel yap\u0131 ve i\u00e7 i\u00e7e ge\u00e7mi\u015f sosyal zenginli\u011fi bar\u0131nd\u0131ran bu \u00f6yk\u00fcler, belki de asla a\u00e7\u0131klanamayacak kadim korkular\u0131 beraberinde getiriyor. T\u00fcrk mitolojisi, Erli\u011fin K\u0131zlar\u0131, Cemre ve Nevruz da bu kitapta, define pe\u015finde ko\u015fup h\u0131rslar\u0131na yenilen, zeytin a\u011fa\u00e7lar\u0131n\u0131n ya da lanetli ta\u015flar\u0131n gazab\u0131na u\u011frayanlar da. Tekinsiz kasaba ve mezralar\u0131n, kimselerin dillendirmeye cesaret edemedi\u011fi karanl\u0131k s\u0131rlar\u0131, hayaletler, cad\u0131 neneler ve periler dolu masallar\u0131 ile ayn\u0131 anda; bilinmez ve ke\u015ffedilmemi\u015f canavarlar\u0131n da yuvas\u0131 olmu\u015f hik\u00e2yeler bunlar. Her \u00f6yk\u00fcn\u00fcn Anadolu&#8217;nun bamba\u015fka korkular\u0131na, \u00f6nceden i\u015flenmemi\u015f yepyeni bak\u0131\u015f a\u00e7\u0131lar\u0131yla yana\u015ft\u0131\u011f\u0131, Anadolu Korku \u00d6yk\u00fcleri efsanesine kan\u0131 kaynayarak eklenmi\u015f t\u00fcyler \u00fcrpertici bir kitap. <\/p>\n","protected":false},"excerpt":{"rendered":"<p>Anadolu Korku \u00d6yk\u00fcleri III \u2013 Y\u0131lgayak, serinin yepyeni, gen\u00e7 ve g\u00fc\u00e7l\u00fc kalemlerle biraraya geldi\u011fi, etkileyici bir antoloji. \u0130lk kitab\u0131n yay\u0131mlanmas\u0131n\u0131n ard\u0131ndan ge\u00e7en s\u00fcrede ana fikri ayn\u0131<span class=\"excerpt-hellip\"> [\u2026]<\/span><\/p>\n","protected":false},"featured_media":0,"template":"","meta":{"_monsterinsights_skip_tracking":false,"_monsterinsights_sitenote_active":false,"_monsterinsights_sitenote_note":"","_monsterinsights_sitenote_category":0},"product_brand":[],"product_cat":[12274,12284],"product_tag":[],"class_list":{"0":"post-711462","1":"product","2":"type-product","3":"status-publish","5":"product_cat-cocuk-ve-genclik-kitaplari","6":"product_cat-hikayeler","7":"pa_cilt-ciltsiz","8":"pa_tur-kitap","9":"pa_yayinevi-bilgi-yayinevi","10":"pa_yazar-kollektif","12":"first","13":"instock","14":"sale","15":"shipping-taxable","16":"purchasable","17":"product-type-simple"},"_links":{"self":[{"href":"https:\/\/roveyayinevi.com.tr\/index.php\/wp-json\/wp\/v2\/product\/711462","targetHints":{"allow":["GET"]}}],"collection":[{"href":"https:\/\/roveyayinevi.com.tr\/index.php\/wp-json\/wp\/v2\/product"}],"about":[{"href":"https:\/\/roveyayinevi.com.tr\/index.php\/wp-json\/wp\/v2\/types\/product"}],"wp:attachment":[{"href":"https:\/\/roveyayinevi.com.tr\/index.php\/wp-json\/wp\/v2\/media?parent=711462"}],"wp:term":[{"taxonomy":"product_brand","embeddable":true,"href":"https:\/\/roveyayinevi.com.tr\/index.php\/wp-json\/wp\/v2\/product_brand?post=711462"},{"taxonomy":"product_cat","embeddable":true,"href":"https:\/\/roveyayinevi.com.tr\/index.php\/wp-json\/wp\/v2\/product_cat?post=711462"},{"taxonomy":"product_tag","embeddable":true,"href":"https:\/\/roveyayinevi.com.tr\/index.php\/wp-json\/wp\/v2\/product_tag?post=711462"}],"curies":[{"name":"wp","href":"https:\/\/api.w.org\/{rel}","templated":true}]}}