{"id":711461,"date":"2025-08-27T16:46:12","date_gmt":"2025-08-27T13:46:12","guid":{"rendered":"https:\/\/roveyayinevi.com.tr\/index.php\/urun\/yoksa-okul-muduru-bir-vampir-mi\/"},"modified":"2026-04-16T02:19:55","modified_gmt":"2026-04-15T23:19:55","slug":"yoksa-okul-muduru-bir-vampir-mi","status":"publish","type":"product","link":"https:\/\/roveyayinevi.com.tr\/index.php\/urun\/yoksa-okul-muduru-bir-vampir-mi\/","title":{"rendered":"Yoksa Okul M\u00fcd\u00fcr\u00fc Bir Vampir mi?"},"content":{"rendered":"<p>Izzy ve arkadas\u0327lar\u0131n\u0131n bas\u0327\u0131 bu kez bu\u0308yu\u0308k dertte! Okullar\u0131na simsiyah giyinen, bembeyaz tenli ve sarm\u0131saktan hos\u0327lanmayan yeni bir mu\u0308du\u0308r geldi. Odas\u0131ndan da t\u0131slama sesleri geliyor&#8230; Acaba yeni mu\u0308du\u0308r bir vampir olabilir mi? Federation of Children&#8217;s Book Groups (FCBG) 2016 En \u0130yi \u00c7ocuk Kitab\u0131 \u00d6d\u00fcl\u00fc&#8217;n\u00fc kazanan &#8220;Yoksa Okul M\u00fcd\u00fcr\u00fc Bir Vampir mi?&#8221;, Izzy ve arkada\u015flar\u0131n\u0131n \u00fc\u00e7\u00fcnc\u00fc maceras\u0131&#8230; \ufffc<\/p>\n","protected":false},"excerpt":{"rendered":"<p>Izzy ve arkadas\u0327lar\u0131n\u0131n bas\u0327\u0131 bu kez bu\u0308yu\u0308k dertte! Okullar\u0131na simsiyah giyinen, bembeyaz tenli ve sarm\u0131saktan hos\u0327lanmayan yeni bir mu\u0308du\u0308r geldi. Odas\u0131ndan da t\u0131slama sesleri geliyor&#8230; Acaba<span class=\"excerpt-hellip\"> [\u2026]<\/span><\/p>\n","protected":false},"featured_media":0,"template":"","meta":{"_monsterinsights_skip_tracking":false,"_monsterinsights_sitenote_active":false,"_monsterinsights_sitenote_note":"","_monsterinsights_sitenote_category":0},"product_brand":[],"product_cat":[12291,14777],"product_tag":[],"class_list":{"0":"post-711461","1":"product","2":"type-product","3":"status-publish","5":"product_cat-edebiyat","6":"product_cat-fantastik","7":"pa_cilt-ciltsiz","8":"pa_tur-kitap","9":"pa_yayinevi-mavi-bulut-yayinlari","10":"pa_yazar-pamela-butchart","12":"first","13":"instock","14":"sale","15":"shipping-taxable","16":"purchasable","17":"product-type-simple"},"_links":{"self":[{"href":"https:\/\/roveyayinevi.com.tr\/index.php\/wp-json\/wp\/v2\/product\/711461","targetHints":{"allow":["GET"]}}],"collection":[{"href":"https:\/\/roveyayinevi.com.tr\/index.php\/wp-json\/wp\/v2\/product"}],"about":[{"href":"https:\/\/roveyayinevi.com.tr\/index.php\/wp-json\/wp\/v2\/types\/product"}],"wp:attachment":[{"href":"https:\/\/roveyayinevi.com.tr\/index.php\/wp-json\/wp\/v2\/media?parent=711461"}],"wp:term":[{"taxonomy":"product_brand","embeddable":true,"href":"https:\/\/roveyayinevi.com.tr\/index.php\/wp-json\/wp\/v2\/product_brand?post=711461"},{"taxonomy":"product_cat","embeddable":true,"href":"https:\/\/roveyayinevi.com.tr\/index.php\/wp-json\/wp\/v2\/product_cat?post=711461"},{"taxonomy":"product_tag","embeddable":true,"href":"https:\/\/roveyayinevi.com.tr\/index.php\/wp-json\/wp\/v2\/product_tag?post=711461"}],"curies":[{"name":"wp","href":"https:\/\/api.w.org\/{rel}","templated":true}]}}