{"id":711460,"date":"2025-08-27T16:46:12","date_gmt":"2025-08-27T13:46:12","guid":{"rendered":"https:\/\/roveyayinevi.com.tr\/index.php\/urun\/onu-seviyorum\/"},"modified":"2026-04-16T02:19:55","modified_gmt":"2026-04-15T23:19:55","slug":"onu-seviyorum","status":"publish","type":"product","link":"https:\/\/roveyayinevi.com.tr\/index.php\/urun\/onu-seviyorum\/","title":{"rendered":"Onu Seviyorum"},"content":{"rendered":"<p>Herkes duygular\u0131n\u0131 ifade etmekte -en az\u0131ndan hayat\u0131n bir d\u00f6neminde- zorluk \u00e7ekmi\u015ftir. Hele o \u2018gen\u00e7\u2019 olmaya ba\u015flad\u0131\u011f\u0131m\u0131z ilk y\u0131llarda&#8230; Hele anlatamad\u0131\u011f\u0131m\u0131z duygumuz sevgiyse&#8230; Hele a\u011flamaktan, merhamet etmekten \u00f6lesiye utand\u0131r\u0131l\u0131yorsak&#8230; Hele duygusal olman\u0131n bir zay\u0131fl\u0131k oldu\u011fu alg\u0131s\u0131 etraf\u0131m\u0131z\u0131 sarm\u0131\u015fsa&#8230;Duygular\u0131m\u0131z\u0131 ifade edebilmemizin \u00f6n\u00fcnde s\u0131ralanan bu \u201chele\u201dyle ba\u015flayan c\u00fcmleler daha da \u00e7o\u011falt\u0131labilir. \u0130\u015fte bu ilk gen\u00e7lerin duygular\u0131n\u0131 ifade edebilmeleri y\u00f6n\u00fcnde y\u00fcreklendirilmeleri, hissettikleri \u015feylerin \u201cnormal\u201d oldu\u011funu kavramalar\u0131, ayn\u0131 duygular\u0131 ba\u015fkalar\u0131n\u0131n da hissetmi\u015f oldu\u011funu \u00f6\u011frenmenin g\u00fcvenli liman\u0131na s\u0131\u011f\u0131nabilmeleri i\u00e7in onlar\u0131 y\u00fcreklendiren edebi eserlere daha \u00e7ok ihtiyac\u0131m\u0131z var. \u0130\u015fte Onu Seviyorum, onlardan biri&#8230; <\/p>\n","protected":false},"excerpt":{"rendered":"<p>Herkes duygular\u0131n\u0131 ifade etmekte -en az\u0131ndan hayat\u0131n bir d\u00f6neminde- zorluk \u00e7ekmi\u015ftir. Hele o \u2018gen\u00e7\u2019 olmaya ba\u015flad\u0131\u011f\u0131m\u0131z ilk y\u0131llarda&#8230; Hele anlatamad\u0131\u011f\u0131m\u0131z duygumuz sevgiyse&#8230; Hele a\u011flamaktan, merhamet etmekten<span class=\"excerpt-hellip\"> [\u2026]<\/span><\/p>\n","protected":false},"featured_media":0,"template":"","meta":{"_monsterinsights_skip_tracking":false,"_monsterinsights_sitenote_active":false,"_monsterinsights_sitenote_note":"","_monsterinsights_sitenote_category":0},"product_brand":[],"product_cat":[12275,12274],"product_tag":[],"class_list":{"0":"post-711460","1":"product","2":"type-product","3":"status-publish","5":"product_cat-6-12-yas-kitaplari","6":"product_cat-cocuk-ve-genclik-kitaplari","7":"pa_cilt-ciltsiz","8":"pa_tur-kitap","9":"pa_yayinevi-mavi-bulut-yayinlari","10":"pa_yazar-fatih-erdogan","12":"first","13":"instock","14":"sale","15":"shipping-taxable","16":"purchasable","17":"product-type-simple"},"_links":{"self":[{"href":"https:\/\/roveyayinevi.com.tr\/index.php\/wp-json\/wp\/v2\/product\/711460","targetHints":{"allow":["GET"]}}],"collection":[{"href":"https:\/\/roveyayinevi.com.tr\/index.php\/wp-json\/wp\/v2\/product"}],"about":[{"href":"https:\/\/roveyayinevi.com.tr\/index.php\/wp-json\/wp\/v2\/types\/product"}],"wp:attachment":[{"href":"https:\/\/roveyayinevi.com.tr\/index.php\/wp-json\/wp\/v2\/media?parent=711460"}],"wp:term":[{"taxonomy":"product_brand","embeddable":true,"href":"https:\/\/roveyayinevi.com.tr\/index.php\/wp-json\/wp\/v2\/product_brand?post=711460"},{"taxonomy":"product_cat","embeddable":true,"href":"https:\/\/roveyayinevi.com.tr\/index.php\/wp-json\/wp\/v2\/product_cat?post=711460"},{"taxonomy":"product_tag","embeddable":true,"href":"https:\/\/roveyayinevi.com.tr\/index.php\/wp-json\/wp\/v2\/product_tag?post=711460"}],"curies":[{"name":"wp","href":"https:\/\/api.w.org\/{rel}","templated":true}]}}