{"id":711458,"date":"2025-08-27T16:46:11","date_gmt":"2025-08-27T13:46:11","guid":{"rendered":"https:\/\/roveyayinevi.com.tr\/index.php\/urun\/olgular-degisince-denemeler-1995-2010\/"},"modified":"2026-04-16T02:19:55","modified_gmt":"2026-04-15T23:19:55","slug":"olgular-degisince-denemeler-1995-2010","status":"publish","type":"product","link":"https:\/\/roveyayinevi.com.tr\/index.php\/urun\/olgular-degisince-denemeler-1995-2010\/","title":{"rendered":"Olgular De\u011fi\u015fince \u2013 Denemeler, 1995 &#8211; 2010"},"content":{"rendered":"<p>T\u00fcrk okurunun An\u0131lar \u015ealesi, K\u00f6t\u00fcl\u00fck Kol Gezerken, Sava\u015f Sonras\u0131 ve Yirminci Y\u00fczy\u0131l \u00dczerine D\u00fc\u015f\u00fcnceler adl\u0131 eserleriyle tan\u0131d\u0131\u011f\u0131 TonyJudt, \u0130kinci D\u00fcnya Sava\u015f\u0131 sonras\u0131n\u0131n en b\u00fcy\u00fck tarih\u00e7ilerindendir. 2015 y\u0131l\u0131nda hayata veda eden Judt\u2019un kariyerinin ba\u015ftan ba\u015fa bir kesitini veren bu denemeler derlemesi, kendisi gibi tarih\u00e7i olan e\u015fi Jennifer Homans taraf\u0131ndan yap\u0131lm\u0131\u015ft\u0131r.   Derlemeye al\u0131nan denemelerin konu yelpazesi, Frans\u0131z toplu belle\u011finin \u00fclkenin Yahudilerine \u0130kinci D\u00fcnya Sava\u015f\u0131\u2019nda ne oldu\u011funa dair kas\u0131tl\u0131 k\u00f6rl\u00fc\u011f\u00fcnden s\u00f6zde Filistin sorununun \u0130srail\u2019in \u00f6n\u00fcne koydu\u011fu \u00e7etin ahlak\u00ee g\u00fc\u00e7l\u00fcklere kadar uzanmaktad\u0131r. Judt\u2019\u0131n eserinin de\u011feri, ac\u0131mas\u0131z d\u00fcr\u00fcstl\u00fc\u011f\u00fc, entelekt\u00fcel ola\u011fan\u00fcst\u00fcl\u00fc\u011f\u00fc ve etik berrakl\u0131\u011f\u0131ndad\u0131r.   Bu konu yelpazesiyle Olgular De\u011fi\u015fince, b\u00fcy\u00fck bir tarih\u00e7inin, okuruna d\u00fcnyan\u0131n ge\u00e7mi\u015fteki ve bug\u00fcnk\u00fc hali ile gelecekte almas\u0131 gereken hali aras\u0131nda derin bir ba\u011f kurdurma kudretini g\u00f6zler \u00f6n\u00fcne serer. <\/p>\n","protected":false},"excerpt":{"rendered":"<p>T\u00fcrk okurunun An\u0131lar \u015ealesi, K\u00f6t\u00fcl\u00fck Kol Gezerken, Sava\u015f Sonras\u0131 ve Yirminci Y\u00fczy\u0131l \u00dczerine D\u00fc\u015f\u00fcnceler adl\u0131 eserleriyle tan\u0131d\u0131\u011f\u0131 TonyJudt, \u0130kinci D\u00fcnya Sava\u015f\u0131 sonras\u0131n\u0131n en b\u00fcy\u00fck tarih\u00e7ilerindendir. 2015<span class=\"excerpt-hellip\"> [\u2026]<\/span><\/p>\n","protected":false},"featured_media":0,"template":"","meta":{"_monsterinsights_skip_tracking":false,"_monsterinsights_sitenote_active":false,"_monsterinsights_sitenote_note":"","_monsterinsights_sitenote_category":0},"product_brand":[],"product_cat":[12304,14138],"product_tag":[],"class_list":{"0":"post-711458","1":"product","2":"type-product","3":"status-publish","5":"product_cat-tarih","6":"product_cat-tarih-felsefesi","7":"pa_cilt-ciltsiz","8":"pa_tur-kitap","9":"pa_yayinevi-yapi-kredi-yayinlari","10":"pa_yazar-tony-judt","12":"first","13":"instock","14":"sale","15":"shipping-taxable","16":"purchasable","17":"product-type-simple"},"_links":{"self":[{"href":"https:\/\/roveyayinevi.com.tr\/index.php\/wp-json\/wp\/v2\/product\/711458","targetHints":{"allow":["GET"]}}],"collection":[{"href":"https:\/\/roveyayinevi.com.tr\/index.php\/wp-json\/wp\/v2\/product"}],"about":[{"href":"https:\/\/roveyayinevi.com.tr\/index.php\/wp-json\/wp\/v2\/types\/product"}],"wp:attachment":[{"href":"https:\/\/roveyayinevi.com.tr\/index.php\/wp-json\/wp\/v2\/media?parent=711458"}],"wp:term":[{"taxonomy":"product_brand","embeddable":true,"href":"https:\/\/roveyayinevi.com.tr\/index.php\/wp-json\/wp\/v2\/product_brand?post=711458"},{"taxonomy":"product_cat","embeddable":true,"href":"https:\/\/roveyayinevi.com.tr\/index.php\/wp-json\/wp\/v2\/product_cat?post=711458"},{"taxonomy":"product_tag","embeddable":true,"href":"https:\/\/roveyayinevi.com.tr\/index.php\/wp-json\/wp\/v2\/product_tag?post=711458"}],"curies":[{"name":"wp","href":"https:\/\/api.w.org\/{rel}","templated":true}]}}