{"id":711457,"date":"2025-08-27T16:46:10","date_gmt":"2025-08-27T13:46:10","guid":{"rendered":"https:\/\/roveyayinevi.com.tr\/index.php\/urun\/insanin-olusumu\/"},"modified":"2026-04-16T02:19:55","modified_gmt":"2026-04-15T23:19:55","slug":"insanin-olusumu","status":"publish","type":"product","link":"https:\/\/roveyayinevi.com.tr\/index.php\/urun\/insanin-olusumu\/","title":{"rendered":"\u0130nsan\u0131n Olu\u015fumu"},"content":{"rendered":"<p>Du\u0308nyaya nas\u0131l geldik? Neden buraday\u0131z? Bir amac\u0131m\u0131z var m\u0131? Ger\u00e7eklik nedir? \u0130nsan\u0131n do\u011fas\u0131 nedir? Madde nedir? \u0130nsan ya\u015fam\u0131nda ku\u0308ltu\u0308r ne kadar etkilidir? Tanr\u0131 nedir? A\u015fk nedir? Bilim bize anlamak istediklerimizin ne kadar\u0131n\u0131 sunabilir? Du\u0308nya d\u0131\u015f\u0131nda bir ya\u015fam var m\u0131?Potter, elinizdeki bu harika kitab\u0131nda, insan\u0131n varolu\u015fundan bu yana u\u0308zerine kafa yordu\u011fu bu\u0308yu\u0308k sorulara verilebilecek cevaplar\u0131 olduk\u00e7a kapsaml\u0131 bir anlat\u0131mla ve \u00f6rneklerle aktar\u0131yor. Maddenin \u00f6zu\u0308, evrenin varolu\u015fu, bilimin y\u00f6ntemi ve felsefesi, zaman, bilin\u00e7, alg\u0131, davran\u0131\u015f, do\u011fa, a\u015fk, sonsuzluk gibi bir\u00e7ok kavrama ustal\u0131kla de\u011finen Potter, insan ve evren u\u0308zerine olduk\u00e7a gu\u0308\u00e7lu\u0308 bir kavray\u0131\u015fa ula\u015fmam\u0131z\u0131 vesile oluyor&#8230; <\/p>\n","protected":false},"excerpt":{"rendered":"<p>Du\u0308nyaya nas\u0131l geldik? Neden buraday\u0131z? Bir amac\u0131m\u0131z var m\u0131? Ger\u00e7eklik nedir? \u0130nsan\u0131n do\u011fas\u0131 nedir? Madde nedir? \u0130nsan ya\u015fam\u0131nda ku\u0308ltu\u0308r ne kadar etkilidir? Tanr\u0131 nedir? A\u015fk nedir?<span class=\"excerpt-hellip\"> [\u2026]<\/span><\/p>\n","protected":false},"featured_media":0,"template":"","meta":{"_monsterinsights_skip_tracking":false,"_monsterinsights_sitenote_active":false,"_monsterinsights_sitenote_note":"","_monsterinsights_sitenote_category":0},"product_brand":[],"product_cat":[13005,13006],"product_tag":[],"class_list":{"0":"post-711457","1":"product","2":"type-product","3":"status-publish","5":"product_cat-bilim-muhendislik","6":"product_cat-populer-bilim","7":"pa_cilt-ciltsiz","8":"pa_tur-kitap","9":"pa_yayinevi-ayrinti-yayinlari","10":"pa_yazar-christopher-potter","12":"first","13":"instock","14":"sale","15":"shipping-taxable","16":"purchasable","17":"product-type-simple"},"_links":{"self":[{"href":"https:\/\/roveyayinevi.com.tr\/index.php\/wp-json\/wp\/v2\/product\/711457","targetHints":{"allow":["GET"]}}],"collection":[{"href":"https:\/\/roveyayinevi.com.tr\/index.php\/wp-json\/wp\/v2\/product"}],"about":[{"href":"https:\/\/roveyayinevi.com.tr\/index.php\/wp-json\/wp\/v2\/types\/product"}],"wp:attachment":[{"href":"https:\/\/roveyayinevi.com.tr\/index.php\/wp-json\/wp\/v2\/media?parent=711457"}],"wp:term":[{"taxonomy":"product_brand","embeddable":true,"href":"https:\/\/roveyayinevi.com.tr\/index.php\/wp-json\/wp\/v2\/product_brand?post=711457"},{"taxonomy":"product_cat","embeddable":true,"href":"https:\/\/roveyayinevi.com.tr\/index.php\/wp-json\/wp\/v2\/product_cat?post=711457"},{"taxonomy":"product_tag","embeddable":true,"href":"https:\/\/roveyayinevi.com.tr\/index.php\/wp-json\/wp\/v2\/product_tag?post=711457"}],"curies":[{"name":"wp","href":"https:\/\/api.w.org\/{rel}","templated":true}]}}