{"id":711456,"date":"2025-08-27T16:46:10","date_gmt":"2025-08-27T13:46:10","guid":{"rendered":"https:\/\/roveyayinevi.com.tr\/index.php\/urun\/iki-sela-arasi-tarihte-unutulan-kahraman-suleyman-pasa\/"},"modified":"2026-04-16T02:19:55","modified_gmt":"2026-04-15T23:19:55","slug":"iki-sela-arasi-tarihte-unutulan-kahraman-suleyman-pasa","status":"publish","type":"product","link":"https:\/\/roveyayinevi.com.tr\/index.php\/urun\/iki-sela-arasi-tarihte-unutulan-kahraman-suleyman-pasa\/","title":{"rendered":"\u0130ki Sela Aras\u0131 (Tarihte Unutulan Kahraman S\u00fcleyman Pa\u015fa)"},"content":{"rendered":"<p>\u0130ki Sela Aras\u0131Tarihte Unutulan Kahraman S\u00fcleyman Pa\u015fa\u0130ki sela aras\u0131nda ge\u00e7en koskoca otuz \u00fc\u00e7 y\u0131l. \u00c7anakkale&#8217;den Ankara&#8217;ya, Domani\u00e7ten \u00dcsk\u00fcdar sahillerine kadar hi\u00e7 bitmeyen bir f\u00fct\u00fcvvet ruhu. Avrupa&#8217;ya at\u0131lan ilk ad\u0131mlar , Bizans ile kurulan dostluklar , Karesi&#8217;nin ilhak\u0131 ve nice ders al\u0131nacak hikayeler.Ve&#8230; S\u00fcleyman Pa\u015faDedesi Osman Bey&#8217;in selas\u0131ndan , babas\u0131 Orhan Bey&#8217;in selas\u0131na kadar ge\u00e7en vakitte yapt\u0131\u011f\u0131 fetihler , gazalar ve g\u00fcn\u00fcm\u00fcze b\u0131rakt\u0131\u011f\u0131 bir\u00e7ok eser.Sultanlar\u0131n g\u00f6lgesinde kalm\u0131\u015f bir yi\u011fit.Ad\u0131n\u0131n unutulmaya y\u00fcz tuttu\u011fu bu vakitlerden , Osmanl\u0131&#8217;n\u0131n Kurulu\u015f y\u0131llar\u0131na \u0131\u015f\u0131k tutan \u015fanl\u0131 \u015fehzade&#8230; <\/p>\n","protected":false},"excerpt":{"rendered":"<p>\u0130ki Sela Aras\u0131Tarihte Unutulan Kahraman S\u00fcleyman Pa\u015fa\u0130ki sela aras\u0131nda ge\u00e7en koskoca otuz \u00fc\u00e7 y\u0131l. \u00c7anakkale&#8217;den Ankara&#8217;ya, Domani\u00e7ten \u00dcsk\u00fcdar sahillerine kadar hi\u00e7 bitmeyen bir f\u00fct\u00fcvvet ruhu. Avrupa&#8217;ya<span class=\"excerpt-hellip\"> [\u2026]<\/span><\/p>\n","protected":false},"featured_media":0,"template":"","meta":{"_monsterinsights_skip_tracking":false,"_monsterinsights_sitenote_active":false,"_monsterinsights_sitenote_note":"","_monsterinsights_sitenote_category":0},"product_brand":[],"product_cat":[12291,12745],"product_tag":[],"class_list":{"0":"post-711456","1":"product","2":"type-product","3":"status-publish","5":"product_cat-edebiyat","6":"product_cat-tarihi-roman","7":"pa_cilt-ciltsiz","8":"pa_tur-kitap","9":"pa_yayinevi-kilit-yayinevi","10":"pa_yazar-nazim-yasar","12":"first","13":"instock","14":"sale","15":"shipping-taxable","16":"purchasable","17":"product-type-simple"},"_links":{"self":[{"href":"https:\/\/roveyayinevi.com.tr\/index.php\/wp-json\/wp\/v2\/product\/711456","targetHints":{"allow":["GET"]}}],"collection":[{"href":"https:\/\/roveyayinevi.com.tr\/index.php\/wp-json\/wp\/v2\/product"}],"about":[{"href":"https:\/\/roveyayinevi.com.tr\/index.php\/wp-json\/wp\/v2\/types\/product"}],"wp:attachment":[{"href":"https:\/\/roveyayinevi.com.tr\/index.php\/wp-json\/wp\/v2\/media?parent=711456"}],"wp:term":[{"taxonomy":"product_brand","embeddable":true,"href":"https:\/\/roveyayinevi.com.tr\/index.php\/wp-json\/wp\/v2\/product_brand?post=711456"},{"taxonomy":"product_cat","embeddable":true,"href":"https:\/\/roveyayinevi.com.tr\/index.php\/wp-json\/wp\/v2\/product_cat?post=711456"},{"taxonomy":"product_tag","embeddable":true,"href":"https:\/\/roveyayinevi.com.tr\/index.php\/wp-json\/wp\/v2\/product_tag?post=711456"}],"curies":[{"name":"wp","href":"https:\/\/api.w.org\/{rel}","templated":true}]}}