{"id":711455,"date":"2025-08-27T16:46:09","date_gmt":"2025-08-27T13:46:09","guid":{"rendered":"https:\/\/roveyayinevi.com.tr\/index.php\/urun\/idealist-ogretmen\/"},"modified":"2026-04-16T02:19:55","modified_gmt":"2026-04-15T23:19:55","slug":"idealist-ogretmen","status":"publish","type":"product","link":"https:\/\/roveyayinevi.com.tr\/index.php\/urun\/idealist-ogretmen\/","title":{"rendered":"\u0130dealist \u00d6\u011fretmen"},"content":{"rendered":"<p>BEYAZ ZAMBAKLAR \u00dcLKES\u0130NDEK\u0130TABININ YAZARINDANMoskova \u00dcniversitesi\u2019nde ba\u015far\u0131l\u0131 bir matematik profes\u00f6r\u00fc olan Ra\u00e7inski, herkesin g\u0131ptayla bakt\u0131\u011f\u0131 kariyerini bir kenara b\u0131rak\u0131p istifa eder. Hem de yaln\u0131zca k\u00f6y\u00fcne gidip s\u0131radan bir \u00f6\u011fretmen olabilmek i\u00e7in. Ba\u015fta kimselerin anlam veremedi\u011fi bu durum, Ra\u00e7inski\u2019nin hayat\u0131nda ald\u0131\u011f\u0131 en \u00f6nemli karard\u0131r. \u00c7\u00fcnk\u00fc halk\u0131n i\u00e7indeki ke\u015ffedilmemi\u015f cevherleri bulacak ve onlar\u0131 parlat\u0131p hak ettikleri gibi ayd\u0131nl\u0131\u011fa kavu\u015fturacakt\u0131r.Profes\u00f6r Ra\u00e7inski\u2019nin bir bilinmeze do\u011fru att\u0131\u011f\u0131 ad\u0131mlar, bu yoldaki umutlar\u0131 ve fedakarl\u0131klar\u0131 sizi \u00f6ylesine sarsacak ki hayatta neyin \u00f6nemli oldu\u011funu ve sonunda gurur duyaca\u011f\u0131n\u0131z bir ya\u015fam s\u00fcrmeniz i\u00e7in ne yapman\u0131z gerekti\u011fini bir kez daha sorgulayacaks\u0131n\u0131z. Bu k\u00fc\u00e7\u00fck ama etkisi b\u00fcy\u00fck kitapta yaln\u0131zca bir \u00f6\u011fretmenin \u00e7\u0131rp\u0131n\u0131\u015f\u0131n\u0131 de\u011fil, ayn\u0131 zamanda Rusya\u2019n\u0131n o d\u00f6nemdeki i\u00e7ler ac\u0131s\u0131 durumunu, halk\u0131n tembelli\u011fi, sefaleti ve cehaletiyle nerelere s\u00fcr\u00fcklendi\u011fini ve e\u011fer do\u011fru y\u00f6nlendirilirse neler ba\u015farabilece\u011fini de okuyacaks\u0131n\u0131z. Atat\u00fcrk taraf\u0131ndan, bir batakl\u0131klar \u00fclkesi olan Finlandiya\u2019n\u0131n kurtulu\u015funun \u00fclkemize \u00f6rnek olarak g\u00f6sterildi\u011fi Beyaz Zambaklar \u00dclkesinde\u2019yi yazan Grigoriy Petrov\u2019un kaleminden yine unutulmaz, sars\u0131c\u0131 bir hikaye. <\/p>\n","protected":false},"excerpt":{"rendered":"<p>BEYAZ ZAMBAKLAR \u00dcLKES\u0130NDEK\u0130TABININ YAZARINDANMoskova \u00dcniversitesi\u2019nde ba\u015far\u0131l\u0131 bir matematik profes\u00f6r\u00fc olan Ra\u00e7inski, herkesin g\u0131ptayla bakt\u0131\u011f\u0131 kariyerini bir kenara b\u0131rak\u0131p istifa eder. Hem de yaln\u0131zca k\u00f6y\u00fcne gidip s\u0131radan<span class=\"excerpt-hellip\"> [\u2026]<\/span><\/p>\n","protected":false},"featured_media":0,"template":"","meta":{"_monsterinsights_skip_tracking":false,"_monsterinsights_sitenote_active":false,"_monsterinsights_sitenote_note":"","_monsterinsights_sitenote_category":0},"product_brand":[],"product_cat":[18545,12291],"product_tag":[],"class_list":{"0":"post-711455","1":"product","2":"type-product","3":"status-publish","5":"product_cat-anlati","6":"product_cat-edebiyat","7":"pa_cilt-ciltsiz","8":"pa_tur-kitap","9":"pa_yayinevi-koridor-yayincilik","10":"pa_yazar-grigoriy-petrov","12":"first","13":"instock","14":"sale","15":"shipping-taxable","16":"purchasable","17":"product-type-simple"},"_links":{"self":[{"href":"https:\/\/roveyayinevi.com.tr\/index.php\/wp-json\/wp\/v2\/product\/711455","targetHints":{"allow":["GET"]}}],"collection":[{"href":"https:\/\/roveyayinevi.com.tr\/index.php\/wp-json\/wp\/v2\/product"}],"about":[{"href":"https:\/\/roveyayinevi.com.tr\/index.php\/wp-json\/wp\/v2\/types\/product"}],"wp:attachment":[{"href":"https:\/\/roveyayinevi.com.tr\/index.php\/wp-json\/wp\/v2\/media?parent=711455"}],"wp:term":[{"taxonomy":"product_brand","embeddable":true,"href":"https:\/\/roveyayinevi.com.tr\/index.php\/wp-json\/wp\/v2\/product_brand?post=711455"},{"taxonomy":"product_cat","embeddable":true,"href":"https:\/\/roveyayinevi.com.tr\/index.php\/wp-json\/wp\/v2\/product_cat?post=711455"},{"taxonomy":"product_tag","embeddable":true,"href":"https:\/\/roveyayinevi.com.tr\/index.php\/wp-json\/wp\/v2\/product_tag?post=711455"}],"curies":[{"name":"wp","href":"https:\/\/api.w.org\/{rel}","templated":true}]}}