{"id":711453,"date":"2025-08-27T16:46:08","date_gmt":"2025-08-27T13:46:08","guid":{"rendered":"https:\/\/roveyayinevi.com.tr\/index.php\/urun\/kendini-hayatin-akisina-birak\/"},"modified":"2026-04-12T02:23:27","modified_gmt":"2026-04-11T23:23:27","slug":"kendini-hayatin-akisina-birak","status":"publish","type":"product","link":"https:\/\/roveyayinevi.com.tr\/index.php\/urun\/kendini-hayatin-akisina-birak\/","title":{"rendered":"Kendini Hayat\u0131n Ak\u0131\u015f\u0131na B\u0131rak!"},"content":{"rendered":"<p>Herkesin hayat\u0131nda ters giden bir \u015feyler olur, hatta bazen her \u015fey ters gitmeye ba\u015flar. Veya ger\u00e7ek durum b\u00f6yle olmasa bile, yakalanan ba\u015far\u0131lara, elde edilen kazan\u0131mlara ra\u011fmen insan kendini eksik, yetersiz, ba\u015far\u0131s\u0131z g\u00f6rebilir ve mutsuz hissedebilir. Bu durumda hayat b\u00fcy\u00fck bir m\u00fccadeleye d\u00f6n\u00fc\u015f\u00fcr. Kendini de\u011fi\u015ftirmeye \u00e7al\u0131\u015fmaktan \u00e7ok hayat\u0131 de\u011fi\u015ftirme m\u00fccadelesi sonu\u00e7suz ve t\u00fcketici bir \u015feydir. Hele de sonu\u00e7 alamad\u0131k\u00e7a daha da b\u00fcy\u00fck bir didi\u015fmeye, kendini ve \u00e7evresini yiyip bitirmeye d\u00f6n\u00fc\u015fen bu m\u00fccadeleyi b\u0131rak\u0131p sakinle\u015fmeyi \u00f6neriyor \u015fair ve yazar Roger Housden. Hayat\u0131n ak\u0131\u015f\u0131na kendimizi b\u0131rakabildi\u011fimiz \u00f6l\u00e7\u00fcde kendimizi de\u011fi\u015ftirmek ve hayat\u0131 daha farkl\u0131 bir \u015fekilde kucaklamak, doyuma ula\u015fmak ve ya\u015fanan her an\u0131n keyfini &amp;cce dil;\u0131karmak m\u00fcmk\u00fcnd\u00fcr. Her \u015feyi kontrol etme, planlama sevdas\u0131ndan vazge\u00e7meliyiz. \u0130lle de bilmek, ille de anlamak, ille de m\u00fckemmel bir hayata sahip olmak, ille de a\u015f\u0131k olmak gerekmez. Zaman\u0131n ve de\u011fi\u015fimin g\u00fcc\u00fcyle ba\u015fa \u00e7\u0131k\u0131lamaz. Kendinizi hayat\u0131n ak\u0131\u015f\u0131na b\u0131rak\u0131n ve ac\u0131 veya tatl\u0131, iyi veya k\u00f6t\u00fc her an\u0131n keyfini \u00e7\u0131karmaya bak\u0131n! \u0130lham verici, ya\u015fam d\u00f6n\u00fc\u015ft\u00fcr\u00fcc\u00fc bir kitap&#8230; Ba\u015fka t\u00fcrl\u00fc bir ya\u015fam pe\u015finde ko\u015fup kendimizle ve hayatla didi\u015fmekten \u00e7ok, sahip oldu\u011fumuz ya\u015fam\u0131 kucaklamaya ve dinginli\u011fe davet ediyor. Marci Shimoff &#8211; Yazar \ufffcTan\u0131t\u0131m Metni<\/p>\n","protected":false},"excerpt":{"rendered":"<p>Herkesin hayat\u0131nda ters giden bir \u015feyler olur, hatta bazen her \u015fey ters gitmeye ba\u015flar. Veya ger\u00e7ek durum b\u00f6yle olmasa bile, yakalanan ba\u015far\u0131lara, elde edilen kazan\u0131mlara ra\u011fmen<span class=\"excerpt-hellip\"> [\u2026]<\/span><\/p>\n","protected":false},"featured_media":0,"template":"","meta":{"_monsterinsights_skip_tracking":false,"_monsterinsights_sitenote_active":false,"_monsterinsights_sitenote_note":"","_monsterinsights_sitenote_category":0},"product_brand":[],"product_cat":[12364,12376],"product_tag":[],"class_list":{"0":"post-711453","1":"product","2":"type-product","3":"status-publish","5":"product_cat-genel-konular","6":"product_cat-kisisel-gelisim","7":"pa_cilt-ciltsiz","8":"pa_tur-kitap","9":"pa_yayinevi-kuraldisi-yayinevi","10":"pa_yazar-roger-housden","12":"first","13":"instock","14":"sale","15":"shipping-taxable","16":"purchasable","17":"product-type-simple"},"_links":{"self":[{"href":"https:\/\/roveyayinevi.com.tr\/index.php\/wp-json\/wp\/v2\/product\/711453","targetHints":{"allow":["GET"]}}],"collection":[{"href":"https:\/\/roveyayinevi.com.tr\/index.php\/wp-json\/wp\/v2\/product"}],"about":[{"href":"https:\/\/roveyayinevi.com.tr\/index.php\/wp-json\/wp\/v2\/types\/product"}],"wp:attachment":[{"href":"https:\/\/roveyayinevi.com.tr\/index.php\/wp-json\/wp\/v2\/media?parent=711453"}],"wp:term":[{"taxonomy":"product_brand","embeddable":true,"href":"https:\/\/roveyayinevi.com.tr\/index.php\/wp-json\/wp\/v2\/product_brand?post=711453"},{"taxonomy":"product_cat","embeddable":true,"href":"https:\/\/roveyayinevi.com.tr\/index.php\/wp-json\/wp\/v2\/product_cat?post=711453"},{"taxonomy":"product_tag","embeddable":true,"href":"https:\/\/roveyayinevi.com.tr\/index.php\/wp-json\/wp\/v2\/product_tag?post=711453"}],"curies":[{"name":"wp","href":"https:\/\/api.w.org\/{rel}","templated":true}]}}