{"id":711452,"date":"2025-08-27T16:46:08","date_gmt":"2025-08-27T13:46:08","guid":{"rendered":"https:\/\/roveyayinevi.com.tr\/index.php\/urun\/ciftlerde-yasanan-iliski-sorunlari\/"},"modified":"2025-09-10T06:30:35","modified_gmt":"2025-09-10T03:30:35","slug":"ciftlerde-yasanan-iliski-sorunlari","status":"publish","type":"product","link":"https:\/\/roveyayinevi.com.tr\/index.php\/urun\/ciftlerde-yasanan-iliski-sorunlari\/","title":{"rendered":"\u00c7iftlerde Ya\u015fanan \u0130li\u015fki Sorunlar\u0131"},"content":{"rendered":"<p>Her ili\u015fkide sorun ya\u015fan\u0131r. \u00c7\u00fcnk\u00fc her insan tektir, biriciktir ve birlikte ya\u015famaya ba\u015flayan iki ki\u015finin bir s\u00fcre sonra baz\u0131 sorunlar ya\u015famas\u0131 ka\u00e7\u0131n\u0131lmazd\u0131r. Ba\u015flang\u0131\u00e7ta de\u011filse de y\u0131llara uzanan birliktelik s\u0131ras\u0131nda g\u00fcnl\u00fck basit \u015feylerden ekonomik s\u0131k\u0131nt\u0131lara, cinsel beklentilerden duygusal anla\u015fmazl\u0131klara, k\u0131skan\u00e7l\u0131ktan de\u011fer vermemeye kadar pek \u00e7ok konuda sorun \u00e7\u0131kabilir. E\u015fler bunlar\u0131 konu\u015fabiliyor ve anlayabiliyorsa elbette \u00e7ok b\u00fcy\u00fcmeden ve ciddi bir s\u0131k\u0131nt\u0131ya yol a\u00e7madan a\u015f\u0131labilir. Ama genellikle b\u00f6yle olmaz; a\u00e7\u0131k\u00e7a konu\u015fmaktan \u00e7ok birbirlerinin zihnini okumaya, yorumlamaya y\u00f6nelen \u00e7iftlerde olumsuzluklar, tepkiler birikir ve ileti\u015fimleri koparken birbirlerini ve sorunlar\u0131n\u0131 anlamalar\u0131 iyice zorla\u015f\u0131r. \u00d6fkeli tart\u0131\u015fmalar ve kavgalar bir s\u00fcre sonra ili\u015fkiyi sona erdirir. Elbette anla\u015fmas\u0131 m\u00fcmk\u00fcn olmayan, birbirine sevgisi ve sayg\u0131s\u0131 kalmam\u0131\u015f ki\u015filerin birlikte ya\u015famas\u0131 gerekmez. Peki ama buna nas\u0131l karar verilecek? Deneyimli psikiyatristler Michael Crowe ve Kevan Wylie \u00e7ift ili\u015fkilerinde sorunlar\u0131n neden ve nas\u0131l ortaya \u00e7\u0131kt\u0131\u011f\u0131n\u0131 ele al\u0131yor ve ayn\u0131 zamanda Bili\u015fsel Davran\u0131\u015f Teknikleri ile nas\u0131l \u00fcstesinden gelinece\u011fini de anlat\u0131yorlar. Sadece ili\u015fkilerinde sorunlar ya\u015fayan \u00e7iftlere de\u011fil, bu sorunlardan etkilenen \u00e7ocuklar\u0131na ve di\u011fer yak\u0131nlar\u0131na da yard\u0131mc\u0131 olacakt\u0131r. Bu kitap sa\u011fl\u0131k \u00e7al\u0131\u015fanlar\u0131 i\u00e7in de g\u00fcvenilir bir ba\u015fvuru kayna\u011f\u0131d\u0131r. \ufffcTan\u0131t\u0131m Metni<\/p>\n","protected":false},"excerpt":{"rendered":"<p>Her ili\u015fkide sorun ya\u015fan\u0131r. \u00c7\u00fcnk\u00fc her insan tektir, biriciktir ve birlikte ya\u015famaya ba\u015flayan iki ki\u015finin bir s\u00fcre sonra baz\u0131 sorunlar ya\u015famas\u0131 ka\u00e7\u0131n\u0131lmazd\u0131r. Ba\u015flang\u0131\u00e7ta de\u011filse de y\u0131llara<span class=\"excerpt-hellip\"> [\u2026]<\/span><\/p>\n","protected":false},"featured_media":0,"template":"","meta":{"_monsterinsights_skip_tracking":false,"_monsterinsights_sitenote_active":false,"_monsterinsights_sitenote_note":"","_monsterinsights_sitenote_category":0},"product_brand":[],"product_cat":[26396,13488],"product_tag":[],"class_list":{"0":"post-711452","1":"product","2":"type-product","3":"status-publish","5":"product_cat-kadin-erkek-iliskileri","6":"product_cat-toplum-ve-insan","7":"pa_cilt-ciltsiz","8":"pa_tur-kitap","9":"pa_yayinevi-kuraldisi-yayinevi","10":"pa_yazar-michael-crowe-kevan-wylie","12":"first","13":"instock","14":"sale","15":"shipping-taxable","16":"purchasable","17":"product-type-simple"},"_links":{"self":[{"href":"https:\/\/roveyayinevi.com.tr\/index.php\/wp-json\/wp\/v2\/product\/711452","targetHints":{"allow":["GET"]}}],"collection":[{"href":"https:\/\/roveyayinevi.com.tr\/index.php\/wp-json\/wp\/v2\/product"}],"about":[{"href":"https:\/\/roveyayinevi.com.tr\/index.php\/wp-json\/wp\/v2\/types\/product"}],"wp:attachment":[{"href":"https:\/\/roveyayinevi.com.tr\/index.php\/wp-json\/wp\/v2\/media?parent=711452"}],"wp:term":[{"taxonomy":"product_brand","embeddable":true,"href":"https:\/\/roveyayinevi.com.tr\/index.php\/wp-json\/wp\/v2\/product_brand?post=711452"},{"taxonomy":"product_cat","embeddable":true,"href":"https:\/\/roveyayinevi.com.tr\/index.php\/wp-json\/wp\/v2\/product_cat?post=711452"},{"taxonomy":"product_tag","embeddable":true,"href":"https:\/\/roveyayinevi.com.tr\/index.php\/wp-json\/wp\/v2\/product_tag?post=711452"}],"curies":[{"name":"wp","href":"https:\/\/api.w.org\/{rel}","templated":true}]}}