{"id":711449,"date":"2025-08-27T16:46:06","date_gmt":"2025-08-27T13:46:06","guid":{"rendered":"https:\/\/roveyayinevi.com.tr\/index.php\/urun\/dar-kapidaki-mesih-walter-benjamin-ve-politik-felsefesi\/"},"modified":"2026-04-16T02:19:55","modified_gmt":"2026-04-15T23:19:55","slug":"dar-kapidaki-mesih-walter-benjamin-ve-politik-felsefesi","status":"publish","type":"product","link":"https:\/\/roveyayinevi.com.tr\/index.php\/urun\/dar-kapidaki-mesih-walter-benjamin-ve-politik-felsefesi\/","title":{"rendered":"Dar Kap\u0131daki Mesih: Walter Benjamin ve Politik Felsefesi"},"content":{"rendered":"<p>Belirgin bir y\u00f6nelimin kaybolmas\u0131 anlam\u0131nda d\u00fcnyan\u0131n \u00e7\u0131\u011f\u0131r\u0131ndan \u00e7\u0131kt\u0131\u011f\u0131 bir zamandan ge\u00e7iyoruz yine. Tarihselli\u011fin bir t\u00fcr buhrana gark oldu\u011fu b\u00f6yle anlarda, Marx\u2019\u0131n Louis Bonaparte\u2019\u0131n On Sekiz Brumaire\u2019i kitab\u0131nda belirtti\u011fi gibi, insanlar \u201cendi\u015fe i\u00e7inde ge\u00e7mi\u015ften ruhlar\u0131 yard\u0131ma \u00e7a\u011f\u0131r\u0131r, onlar\u0131n adlar\u0131na, sloganlar\u0131na, kyafetlerine sar\u0131l\u0131r, d\u00fcnya tarihinin yeni sahnesinde bu eskilerde h\u00fcrmet edilen k\u0131l\u0131klara b\u00fcr\u00fcn\u00fcr ve bu \u00f6d\u00fcn\u00e7 dille oynamaya \u00e7al\u0131\u015f\u0131rlar.\u201d \u0130\u015fte elinizdeki kitap da, yeni bir canavarl\u0131k tehdidiyle kar\u015f\u0131 kar\u015f\u0131ya oldu\u011fumuz bug\u00fcn, II. D\u00fcnya Sava\u015f\u0131 \u00f6ncesi d\u00f6nemin b\u00fcy\u00fck d\u00fc\u015f\u00fcn\u00fcrlerinden Walter Benjamin\u2019i, endi\u015fe i\u00e7inde de\u011filse de iyimser olmayan bir umutla yeniden d\u00fc\u015f\u00fcncenin ba\u011fr\u0131na \u00e7a\u011f\u0131r\u0131yor.             \u00dczerine pek \u00e7ok ara\u015ft\u0131rma yap\u0131lm\u0131\u015f, kavramlar\u0131 bir\u00e7ok incelemede kullan\u0131lm\u0131\u015f Benjamin, bu sefer gen\u00e7 ve deneyimli akademisyenler taraf\u0131ndan politik felsefe oda\u011f\u0131nda irdeleniyor. Teolojiden hukuka, \u015fiddetten ezoterizme uzanan geni\u015f bir konular yelpazesinde Benjamin\u2019in felsefesinin g\u00fcncelli\u011fine muhtelif bak\u0131\u015flar y\u00f6neltiliyor.             \u015eirazesiz kalm\u0131\u015f \u015fu d\u00fcnyada d\u00fc\u015f\u00fcnsel bir imdat freni olarak Benjamin\u2019e bakman\u0131n, onu derinlikli bir \u015fekilde yorumlayanlar\u0131 okuman\u0131n tam zaman\u0131. <\/p>\n","protected":false},"excerpt":{"rendered":"<p>Belirgin bir y\u00f6nelimin kaybolmas\u0131 anlam\u0131nda d\u00fcnyan\u0131n \u00e7\u0131\u011f\u0131r\u0131ndan \u00e7\u0131kt\u0131\u011f\u0131 bir zamandan ge\u00e7iyoruz yine. Tarihselli\u011fin bir t\u00fcr buhrana gark oldu\u011fu b\u00f6yle anlarda, Marx\u2019\u0131n Louis Bonaparte\u2019\u0131n On Sekiz Brumaire\u2019i<span class=\"excerpt-hellip\"> [\u2026]<\/span><\/p>\n","protected":false},"featured_media":0,"template":"","meta":{"_monsterinsights_skip_tracking":false,"_monsterinsights_sitenote_active":false,"_monsterinsights_sitenote_note":"","_monsterinsights_sitenote_category":0},"product_brand":[],"product_cat":[12388,15536],"product_tag":[],"class_list":{"0":"post-711449","1":"product","2":"type-product","3":"status-publish","5":"product_cat-felsefe","6":"product_cat-siyaset-felsefesi","7":"pa_cilt-ciltsiz","8":"pa_tur-kitap","9":"pa_yayinevi-ithaki-yayinlari","10":"pa_yazar-tugce-nida-sevin","12":"first","13":"instock","14":"sale","15":"shipping-taxable","16":"purchasable","17":"product-type-simple"},"_links":{"self":[{"href":"https:\/\/roveyayinevi.com.tr\/index.php\/wp-json\/wp\/v2\/product\/711449","targetHints":{"allow":["GET"]}}],"collection":[{"href":"https:\/\/roveyayinevi.com.tr\/index.php\/wp-json\/wp\/v2\/product"}],"about":[{"href":"https:\/\/roveyayinevi.com.tr\/index.php\/wp-json\/wp\/v2\/types\/product"}],"wp:attachment":[{"href":"https:\/\/roveyayinevi.com.tr\/index.php\/wp-json\/wp\/v2\/media?parent=711449"}],"wp:term":[{"taxonomy":"product_brand","embeddable":true,"href":"https:\/\/roveyayinevi.com.tr\/index.php\/wp-json\/wp\/v2\/product_brand?post=711449"},{"taxonomy":"product_cat","embeddable":true,"href":"https:\/\/roveyayinevi.com.tr\/index.php\/wp-json\/wp\/v2\/product_cat?post=711449"},{"taxonomy":"product_tag","embeddable":true,"href":"https:\/\/roveyayinevi.com.tr\/index.php\/wp-json\/wp\/v2\/product_tag?post=711449"}],"curies":[{"name":"wp","href":"https:\/\/api.w.org\/{rel}","templated":true}]}}