{"id":711448,"date":"2025-08-27T16:46:06","date_gmt":"2025-08-27T13:46:06","guid":{"rendered":"https:\/\/roveyayinevi.com.tr\/index.php\/urun\/seyyit-han\/"},"modified":"2026-04-16T02:19:55","modified_gmt":"2026-04-15T23:19:55","slug":"seyyit-han","status":"publish","type":"product","link":"https:\/\/roveyayinevi.com.tr\/index.php\/urun\/seyyit-han\/","title":{"rendered":"Seyyit Han"},"content":{"rendered":"<p>\u201cSeyyit Han y\u00f6netmen olarak b\u00fct\u00fcn sorumlulu\u011funu y\u00fcklendi\u011fim ilk \u00e7al\u0131\u015fmam, unutulmaz an\u0131lar\u0131m\u0131 i\u00e7eren ilk g\u00f6za\u011fr\u0131md\u0131r. Sanat hayat\u0131m\u0131n bir d\u00f6neminin sonu, yeni bir d\u00f6nemin ilk ad\u0131m\u0131d\u0131r. Bu y\u00fczden \u00f6zel bir \u00f6nem ta\u015f\u0131r.\u201d \u2013Y\u0131lmaz G\u00fcney     \u201cSeyyit Han, \u00fcnl\u00fc bir oyuncumuzun ilk filmlerinden biri olu\u015fuyla da dikkati \u00e7ekmektedir. Daha ilk ad\u0131mda, ki\u015fisel bir anlat\u0131m\u0131n olanaklar\u0131n\u0131 deneyen, ba\u015fki\u015fisini ve konusunu bir \u201cmitos\u201d kat\u0131na ula\u015ft\u0131rmas\u0131n\u0131 bilen, \u201csade\u201d bir film yapabilmek gibi en usta y\u00f6netmenlerimizin bile beceremedikleri bir i\u015fin \u00fcstesinden gelen Y\u0131lmaz G\u00fcney, Ye\u015fil\u00e7am\u2019\u0131n bir t\u00fcrl\u00fc durdurulamayan yozla\u015ft\u0131rma di\u015flilerine tak\u0131l\u0131p ufalan\u0131ncaya kadar bize birka\u00e7 ilgin\u00e7 yap\u0131t verecek san\u0131yorum.\u201d \u2013Onat Kutlar <\/p>\n","protected":false},"excerpt":{"rendered":"<p>\u201cSeyyit Han y\u00f6netmen olarak b\u00fct\u00fcn sorumlulu\u011funu y\u00fcklendi\u011fim ilk \u00e7al\u0131\u015fmam, unutulmaz an\u0131lar\u0131m\u0131 i\u00e7eren ilk g\u00f6za\u011fr\u0131md\u0131r. Sanat hayat\u0131m\u0131n bir d\u00f6neminin sonu, yeni bir d\u00f6nemin ilk ad\u0131m\u0131d\u0131r. Bu y\u00fczden<span class=\"excerpt-hellip\"> [\u2026]<\/span><\/p>\n","protected":false},"featured_media":0,"template":"","meta":{"_monsterinsights_skip_tracking":false,"_monsterinsights_sitenote_active":false,"_monsterinsights_sitenote_note":"","_monsterinsights_sitenote_category":0},"product_brand":[],"product_cat":[12409,12408],"product_tag":[],"class_list":{"0":"post-711448","1":"product","2":"type-product","3":"status-publish","5":"product_cat-fotograf-sinema-tiyatro","6":"product_cat-sanat","7":"pa_cilt-ciltsiz","8":"pa_tur-kitap","9":"pa_yayinevi-ithaki-yayinlari","10":"pa_yazar-yilmaz-guney","12":"first","13":"instock","14":"sale","15":"shipping-taxable","16":"purchasable","17":"product-type-simple"},"_links":{"self":[{"href":"https:\/\/roveyayinevi.com.tr\/index.php\/wp-json\/wp\/v2\/product\/711448","targetHints":{"allow":["GET"]}}],"collection":[{"href":"https:\/\/roveyayinevi.com.tr\/index.php\/wp-json\/wp\/v2\/product"}],"about":[{"href":"https:\/\/roveyayinevi.com.tr\/index.php\/wp-json\/wp\/v2\/types\/product"}],"wp:attachment":[{"href":"https:\/\/roveyayinevi.com.tr\/index.php\/wp-json\/wp\/v2\/media?parent=711448"}],"wp:term":[{"taxonomy":"product_brand","embeddable":true,"href":"https:\/\/roveyayinevi.com.tr\/index.php\/wp-json\/wp\/v2\/product_brand?post=711448"},{"taxonomy":"product_cat","embeddable":true,"href":"https:\/\/roveyayinevi.com.tr\/index.php\/wp-json\/wp\/v2\/product_cat?post=711448"},{"taxonomy":"product_tag","embeddable":true,"href":"https:\/\/roveyayinevi.com.tr\/index.php\/wp-json\/wp\/v2\/product_tag?post=711448"}],"curies":[{"name":"wp","href":"https:\/\/api.w.org\/{rel}","templated":true}]}}