{"id":711447,"date":"2025-08-27T16:46:05","date_gmt":"2025-08-27T13:46:05","guid":{"rendered":"https:\/\/roveyayinevi.com.tr\/index.php\/urun\/dunyalar-savasi\/"},"modified":"2026-04-16T02:19:55","modified_gmt":"2026-04-15T23:19:55","slug":"dunyalar-savasi","status":"publish","type":"product","link":"https:\/\/roveyayinevi.com.tr\/index.php\/urun\/dunyalar-savasi\/","title":{"rendered":"D\u00fcnyalar Sava\u015f\u0131"},"content":{"rendered":"<p>\u201cH. G. Wells\u2019in yazd\u0131klar\u0131 insan\u0131 kendine hayran b\u0131rakan ve hi\u00e7bir zaman tam olarak kavrayamayaca\u011f\u0131m\u0131z t\u00fcrden.\u201d \u2013Orson Welles \u201cBay Wells\u2019in eserleri zaman\u0131n eskitemeyece\u011fi ve ger\u00e7ekle\u015fmesi pek de imk\u00e2ns\u0131z olmayan hik\u00e2yeler anlat\u0131yor.\u201d \u2013Jules Verne \u201cHer nesil D\u00fcnyalar Sava\u015f\u0131\u2019n\u0131 kendi deneyimlerinin \u0131\u015f\u0131\u011f\u0131nda yeniden okuyup yeni bir \u015feyler \u00f6\u011frenebilir.\u201d \u2013Arthur C. Clarke   \u201cBU B\u0130R SAVA\u015e DE\u011e\u0130L. H\u0130\u00c7B\u0130R ZAMAN SAVA\u015e OLMADI; \u0130NSANLARLA KARINCALAR ARASINDAK\u0130 B\u0130R SAVA\u015eTAN DAHA FAZLASI DE\u011e\u0130L BU.\u201d   H. G. Wells, bilimkurgunun atas\u0131, t\u00fcre ad\u0131n\u0131 alt\u0131n harflerle yazd\u0131rm\u0131\u015f en b\u00fcy\u00fck yazarlardan. Zaman Makinesi, G\u00f6r\u00fcnmez Adam, Doktor Moreau\u2019nun Adas\u0131 gibi eserleri ve d\u00fc\u015f\u00fcnceleriyle \u00e2deta zaman\u0131n \u00f6tesinden gelen bir yazar olan Wells, D\u00fcnyalar Sava\u015f\u0131\u2019nda istila alt\u0131ndaki umutsuz ve \u00e7aresiz bir gezegenin hik\u00e2yesini anlat\u0131yor: D\u00fcnya\u2019n\u0131n.   G\u00f6ky\u00fcz\u00fcnden \u0130ngiltere\u2019nin g\u00fcneyine d\u00fc\u015fen silindirlerin yaratt\u0131\u011f\u0131 merak hemen sonra yerini korkuya b\u0131rakm\u0131\u015ft\u0131r. D\u00fcnya, Mars\u2019tan gelen canl\u0131lar\u0131n istilas\u0131 alt\u0131ndad\u0131r. Hen\u00fcz ne oldu\u011funu anlayamadan Marsl\u0131lar taraf\u0131ndan katledilmeye ba\u015flayan insanlar, var g\u00fc\u00e7leriyle kar\u015f\u0131l\u0131k vermeye ve direnmeye \u00e7al\u0131\u015f\u0131rlar.   Uzayl\u0131lar\u0131n kontrol\u00fc alt\u0131ndaki \u0130ngiltere\u2019de ads\u0131z anlat\u0131c\u0131n\u0131n tan\u0131kl\u0131klar\u0131, insanl\u0131\u011f\u0131n kayg\u0131 verici \u00fcmitsizli\u011finin ve hayatta kalma m\u00fccadelesinin karanl\u0131k bir portresini \u00e7izer. \u0130nsanl\u0131\u011f\u0131n D\u00fcnya \u00fczerindeki binlerce y\u0131ll\u0131k h\u00fck\u00fcmdarl\u0131\u011f\u0131 son mu bulacakt\u0131r, yoksa bir kurtulu\u015f ihtimali var m\u0131d\u0131r?   Arthur C. Clarke\u2019\u0131n \u00f6ns\u00f6z\u00fcyle Henrique Alvim Corr\u00eaa\u2019n\u0131n \u00e7izimleriyle <\/p>\n","protected":false},"excerpt":{"rendered":"<p>\u201cH. G. Wells\u2019in yazd\u0131klar\u0131 insan\u0131 kendine hayran b\u0131rakan ve hi\u00e7bir zaman tam olarak kavrayamayaca\u011f\u0131m\u0131z t\u00fcrden.\u201d \u2013Orson Welles \u201cBay Wells\u2019in eserleri zaman\u0131n eskitemeyece\u011fi ve ger\u00e7ekle\u015fmesi pek de<span class=\"excerpt-hellip\"> [\u2026]<\/span><\/p>\n","protected":false},"featured_media":0,"template":"","meta":{"_monsterinsights_skip_tracking":false,"_monsterinsights_sitenote_active":false,"_monsterinsights_sitenote_note":"","_monsterinsights_sitenote_category":0},"product_brand":[],"product_cat":[12540,12291],"product_tag":[],"class_list":{"0":"post-711447","1":"product","2":"type-product","3":"status-publish","5":"product_cat-bilim-kurgu","6":"product_cat-edebiyat","7":"pa_cilt-ciltsiz","8":"pa_tur-kitap","9":"pa_yayinevi-ithaki-yayinlari","10":"pa_yazar-h-g-wells","12":"first","13":"instock","14":"sale","15":"shipping-taxable","16":"purchasable","17":"product-type-simple"},"_links":{"self":[{"href":"https:\/\/roveyayinevi.com.tr\/index.php\/wp-json\/wp\/v2\/product\/711447","targetHints":{"allow":["GET"]}}],"collection":[{"href":"https:\/\/roveyayinevi.com.tr\/index.php\/wp-json\/wp\/v2\/product"}],"about":[{"href":"https:\/\/roveyayinevi.com.tr\/index.php\/wp-json\/wp\/v2\/types\/product"}],"wp:attachment":[{"href":"https:\/\/roveyayinevi.com.tr\/index.php\/wp-json\/wp\/v2\/media?parent=711447"}],"wp:term":[{"taxonomy":"product_brand","embeddable":true,"href":"https:\/\/roveyayinevi.com.tr\/index.php\/wp-json\/wp\/v2\/product_brand?post=711447"},{"taxonomy":"product_cat","embeddable":true,"href":"https:\/\/roveyayinevi.com.tr\/index.php\/wp-json\/wp\/v2\/product_cat?post=711447"},{"taxonomy":"product_tag","embeddable":true,"href":"https:\/\/roveyayinevi.com.tr\/index.php\/wp-json\/wp\/v2\/product_tag?post=711447"}],"curies":[{"name":"wp","href":"https:\/\/api.w.org\/{rel}","templated":true}]}}