{"id":711446,"date":"2025-08-27T16:46:05","date_gmt":"2025-08-27T13:46:05","guid":{"rendered":"https:\/\/roveyayinevi.com.tr\/index.php\/urun\/saskin-dinozorlar-eglenceli-bilgi\/"},"modified":"2026-04-16T02:19:55","modified_gmt":"2026-04-15T23:19:55","slug":"saskin-dinozorlar-eglenceli-bilgi","status":"publish","type":"product","link":"https:\/\/roveyayinevi.com.tr\/index.php\/urun\/saskin-dinozorlar-eglenceli-bilgi\/","title":{"rendered":"\u015ea\u015fk\u0131n Dinozorlar &#8211; E\u011flenceli Bilgi"},"content":{"rendered":"<p>\u00d6nce dinozorlar ortaya \u00e7\u0131kt\u0131 ve milyonlarca y\u0131l boyunca yery\u00fcz\u00fcnde h\u00fck\u00fcm s\u00fcrd\u00fcler\u2026Sonra \u00e7ok garip bir \u015fey oldu ve hepsi birden ortadan kayboldu\u2026 \u015eimdiyse onlardan hala kurtulam\u0131yoruz\u2026Bu tehlikeli el kitab\u0131nda yaln\u0131zca herkesin bildi\u011fi ger\u00e7eklerle yetinmeyeceksiniz. Gelmi\u015f ge\u00e7mi\u015f en ak\u0131l almaz hayvanlar\u0131 ke\u015ffedecek, \u00e7atlak paleontologlar\u0131n \u00e7\u00f6zmek i\u00e7in can att\u0131klar\u0131 dinozor s\u0131rlar\u0131n \u00f6\u011freneceksiniz. Dinzorlar\u0131n ba\u015f\u0131na gelen flaketleri hatta neler yediklerini ke\u015ffetmeye haz\u0131r olun! T-Reksi san\u0131k sandalyesine oturtun, arkada\u015flar\u0131n\u0131za m\u00fcthi\u015f dinozor sorular\u0131m\u0131zdan sorun ve dinozor dedektifi olup olamayaca\u011f\u0131n\u0131z\u0131 g\u00f6r\u00fcn. Haydi ba\u015fl\u0131yoruz! \ufffcTan\u0131t\u0131m Metni<\/p>\n","protected":false},"excerpt":{"rendered":"<p>\u00d6nce dinozorlar ortaya \u00e7\u0131kt\u0131 ve milyonlarca y\u0131l boyunca yery\u00fcz\u00fcnde h\u00fck\u00fcm s\u00fcrd\u00fcler\u2026Sonra \u00e7ok garip bir \u015fey oldu ve hepsi birden ortadan kayboldu\u2026 \u015eimdiyse onlardan hala kurtulam\u0131yoruz\u2026Bu tehlikeli<span class=\"excerpt-hellip\"> [\u2026]<\/span><\/p>\n","protected":false},"featured_media":0,"template":"","meta":{"_monsterinsights_skip_tracking":false,"_monsterinsights_sitenote_active":false,"_monsterinsights_sitenote_note":"","_monsterinsights_sitenote_category":0},"product_brand":[],"product_cat":[12477,12364],"product_tag":[],"class_list":{"0":"post-711446","1":"product","2":"type-product","3":"status-publish","5":"product_cat-eglence-mizah","6":"product_cat-genel-konular","7":"pa_cilt-ciltsiz","8":"pa_tur-kitap","9":"pa_yayinevi-eglenceli-bilgi-yayinlari","10":"pa_yazar-martin-oliver","12":"first","13":"instock","14":"sale","15":"shipping-taxable","16":"purchasable","17":"product-type-simple"},"_links":{"self":[{"href":"https:\/\/roveyayinevi.com.tr\/index.php\/wp-json\/wp\/v2\/product\/711446","targetHints":{"allow":["GET"]}}],"collection":[{"href":"https:\/\/roveyayinevi.com.tr\/index.php\/wp-json\/wp\/v2\/product"}],"about":[{"href":"https:\/\/roveyayinevi.com.tr\/index.php\/wp-json\/wp\/v2\/types\/product"}],"wp:attachment":[{"href":"https:\/\/roveyayinevi.com.tr\/index.php\/wp-json\/wp\/v2\/media?parent=711446"}],"wp:term":[{"taxonomy":"product_brand","embeddable":true,"href":"https:\/\/roveyayinevi.com.tr\/index.php\/wp-json\/wp\/v2\/product_brand?post=711446"},{"taxonomy":"product_cat","embeddable":true,"href":"https:\/\/roveyayinevi.com.tr\/index.php\/wp-json\/wp\/v2\/product_cat?post=711446"},{"taxonomy":"product_tag","embeddable":true,"href":"https:\/\/roveyayinevi.com.tr\/index.php\/wp-json\/wp\/v2\/product_tag?post=711446"}],"curies":[{"name":"wp","href":"https:\/\/api.w.org\/{rel}","templated":true}]}}