{"id":711445,"date":"2025-08-27T16:46:04","date_gmt":"2025-08-27T13:46:04","guid":{"rendered":"https:\/\/roveyayinevi.com.tr\/index.php\/urun\/hain-futbol-eglenceli-bilgi\/"},"modified":"2026-04-16T02:19:55","modified_gmt":"2026-04-15T23:19:55","slug":"hain-futbol-eglenceli-bilgi","status":"publish","type":"product","link":"https:\/\/roveyayinevi.com.tr\/index.php\/urun\/hain-futbol-eglenceli-bilgi\/","title":{"rendered":"Hain Futbol &#8211; E\u011flenceli Bilgi"},"content":{"rendered":"<p>Hey gen\u00e7! Futbol delisi! Futbol hakk\u0131nda ger\u00e7ekten ne biliyorsun? Sen de faulc\u00fc futbolculardan m\u0131s\u0131n? Yoksa ger\u00e7ek bir centilmen oyuncu musun? Eminim sen, d\u00fcnyan\u0131n bu en heyecan verici ve en m\u00fckemmel oyununu oynamaktan \u00e7ok keyif al\u0131yorsun! \u015ea\u015f\u0131rt\u0131c\u0131 hakemler, \u00f6d\u00fcl kazanan centilmen oyuncular, baz\u0131 ba\u015far\u0131s\u0131z faulc\u00fcler, \u00e7\u0131lg\u0131n fanatik\u00e7iler&#8230; Haydi, \u015fimdi t\u00fcm bunlar\u0131 ve daha fazlas\u0131n\u0131 okuman\u0131n tam zaman\u0131! Aman dikkat, bu kitab\u0131 s\u0131n\u0131fta okuma! Aksi halde \u00f6\u011fretmeninden sar\u0131 kart g\u00f6rebilirsin! \ufffcTan\u0131t\u0131m Metni<\/p>\n","protected":false},"excerpt":{"rendered":"<p>Hey gen\u00e7! Futbol delisi! Futbol hakk\u0131nda ger\u00e7ekten ne biliyorsun? Sen de faulc\u00fc futbolculardan m\u0131s\u0131n? Yoksa ger\u00e7ek bir centilmen oyuncu musun? Eminim sen, d\u00fcnyan\u0131n bu en heyecan<span class=\"excerpt-hellip\"> [\u2026]<\/span><\/p>\n","protected":false},"featured_media":0,"template":"","meta":{"_monsterinsights_skip_tracking":false,"_monsterinsights_sitenote_active":false,"_monsterinsights_sitenote_note":"","_monsterinsights_sitenote_category":0},"product_brand":[],"product_cat":[12477,12364],"product_tag":[],"class_list":{"0":"post-711445","1":"product","2":"type-product","3":"status-publish","5":"product_cat-eglence-mizah","6":"product_cat-genel-konular","7":"pa_cilt-ciltsiz","8":"pa_tur-kitap","9":"pa_yayinevi-eglenceli-bilgi-yayinlari","10":"pa_yazar-michael-coleman","12":"first","13":"instock","14":"sale","15":"shipping-taxable","16":"purchasable","17":"product-type-simple"},"_links":{"self":[{"href":"https:\/\/roveyayinevi.com.tr\/index.php\/wp-json\/wp\/v2\/product\/711445","targetHints":{"allow":["GET"]}}],"collection":[{"href":"https:\/\/roveyayinevi.com.tr\/index.php\/wp-json\/wp\/v2\/product"}],"about":[{"href":"https:\/\/roveyayinevi.com.tr\/index.php\/wp-json\/wp\/v2\/types\/product"}],"wp:attachment":[{"href":"https:\/\/roveyayinevi.com.tr\/index.php\/wp-json\/wp\/v2\/media?parent=711445"}],"wp:term":[{"taxonomy":"product_brand","embeddable":true,"href":"https:\/\/roveyayinevi.com.tr\/index.php\/wp-json\/wp\/v2\/product_brand?post=711445"},{"taxonomy":"product_cat","embeddable":true,"href":"https:\/\/roveyayinevi.com.tr\/index.php\/wp-json\/wp\/v2\/product_cat?post=711445"},{"taxonomy":"product_tag","embeddable":true,"href":"https:\/\/roveyayinevi.com.tr\/index.php\/wp-json\/wp\/v2\/product_tag?post=711445"}],"curies":[{"name":"wp","href":"https:\/\/api.w.org\/{rel}","templated":true}]}}