{"id":711440,"date":"2025-08-27T16:46:01","date_gmt":"2025-08-27T13:46:01","guid":{"rendered":"https:\/\/roveyayinevi.com.tr\/index.php\/urun\/kendine-ait-bir-oda-3\/"},"modified":"2026-04-16T02:19:54","modified_gmt":"2026-04-15T23:19:54","slug":"kendine-ait-bir-oda-3","status":"publish","type":"product","link":"https:\/\/roveyayinevi.com.tr\/index.php\/urun\/kendine-ait-bir-oda-3\/","title":{"rendered":"Kendine Ait Bir Oda"},"content":{"rendered":"<p>\u201cKad\u0131nlar milyonlarca y\u0131l boyunca evlerin i\u00e7inde oturdu, \u015fimdi ise bu duvarlar onlar\u0131n yarat\u0131c\u0131 g\u00fc\u00e7leri sayesinde delinmi\u015ftir.\u201dKad\u0131n hareketinin \u00f6nc\u00fc ve vazge\u00e7ilmez kitaplar\u0131ndan biri olan Kendine Ait Bir Oda\u2019da Virginia Woolf, y\u00fczy\u0131llar boyu s\u00fcregelen bir tart\u0131\u015fmaya de\u011finiyor: Kad\u0131nlar ve edebiyat. Erkeklerin kad\u0131nlara durmadan uygulad\u0131klar\u0131 bask\u0131n\u0131n edebiyat d\u00fcnyas\u0131ndaki yans\u0131malar\u0131na odaklanan kitapta Woolf, \u00fczerine \u00e7ok\u00e7a d\u00fc\u015f\u00fcn\u00fclecek pek \u00e7ok soru soruyor ve kad\u0131nlar\u0131 da erkekleri de bu sorular hakk\u0131nda d\u00fc\u015f\u00fcnmeye davet ediyor. Neden kad\u0131nlar aras\u0131nda Shakespeare gibi bir deha \u00e7\u0131kmam\u0131\u015ft\u0131? Neden tarihte erkeklere denk geldi\u011fimiz kadar kad\u0131nlara da rastlam\u0131yorduk? Kad\u0131nlar neden \u00f6zg\u00fcrle\u015femiyordu?Cinsiyetler aras\u0131nda bug\u00fcn bile \u00e7\u00f6z\u00fclememi\u015f pek \u00e7ok d\u00fc\u011f\u00fcm\u00fcn ipu\u00e7lar\u0131na ula\u015f\u0131labilecek kitapta Woolf, bug\u00fcn bir ilke haline gelmi\u015f \u015fu \u00f6\u011f\u00fcd\u00fc veriyor: \u2018\u2018E\u011fer bir kad\u0131n yazacaksa, kendisine ait bir odas\u0131 ve paras\u0131 olmak zorundad\u0131r.\u2019\u2019<\/p>\n","protected":false},"excerpt":{"rendered":"<p>\u201cKad\u0131nlar milyonlarca y\u0131l boyunca evlerin i\u00e7inde oturdu, \u015fimdi ise bu duvarlar onlar\u0131n yarat\u0131c\u0131 g\u00fc\u00e7leri sayesinde delinmi\u015ftir.\u201dKad\u0131n hareketinin \u00f6nc\u00fc ve vazge\u00e7ilmez kitaplar\u0131ndan biri olan Kendine Ait Bir<span class=\"excerpt-hellip\"> [\u2026]<\/span><\/p>\n","protected":false},"featured_media":0,"template":"","meta":{"_monsterinsights_skip_tracking":false,"_monsterinsights_sitenote_active":false,"_monsterinsights_sitenote_note":"","_monsterinsights_sitenote_category":0},"product_brand":[],"product_cat":[12291,12711],"product_tag":[],"class_list":{"0":"post-711440","1":"product","2":"type-product","3":"status-publish","5":"product_cat-edebiyat","6":"product_cat-roman-oyku","7":"pa_cilt-ciltsiz","8":"pa_tur-kitap","9":"pa_yayinevi-ren-kitap","10":"pa_yazar-virginia-woolf","12":"first","13":"instock","14":"sale","15":"shipping-taxable","16":"purchasable","17":"product-type-simple"},"_links":{"self":[{"href":"https:\/\/roveyayinevi.com.tr\/index.php\/wp-json\/wp\/v2\/product\/711440","targetHints":{"allow":["GET"]}}],"collection":[{"href":"https:\/\/roveyayinevi.com.tr\/index.php\/wp-json\/wp\/v2\/product"}],"about":[{"href":"https:\/\/roveyayinevi.com.tr\/index.php\/wp-json\/wp\/v2\/types\/product"}],"wp:attachment":[{"href":"https:\/\/roveyayinevi.com.tr\/index.php\/wp-json\/wp\/v2\/media?parent=711440"}],"wp:term":[{"taxonomy":"product_brand","embeddable":true,"href":"https:\/\/roveyayinevi.com.tr\/index.php\/wp-json\/wp\/v2\/product_brand?post=711440"},{"taxonomy":"product_cat","embeddable":true,"href":"https:\/\/roveyayinevi.com.tr\/index.php\/wp-json\/wp\/v2\/product_cat?post=711440"},{"taxonomy":"product_tag","embeddable":true,"href":"https:\/\/roveyayinevi.com.tr\/index.php\/wp-json\/wp\/v2\/product_tag?post=711440"}],"curies":[{"name":"wp","href":"https:\/\/api.w.org\/{rel}","templated":true}]}}