{"id":711438,"date":"2025-08-27T16:46:00","date_gmt":"2025-08-27T13:46:00","guid":{"rendered":"https:\/\/roveyayinevi.com.tr\/index.php\/urun\/icindeki-uyuyan-guzeli-uyandir\/"},"modified":"2026-04-08T02:26:08","modified_gmt":"2026-04-07T23:26:08","slug":"icindeki-uyuyan-guzeli-uyandir","status":"publish","type":"product","link":"https:\/\/roveyayinevi.com.tr\/index.php\/urun\/icindeki-uyuyan-guzeli-uyandir\/","title":{"rendered":"\u0130\u00e7indeki Uyuyan G\u00fczeli Uyand\u0131r"},"content":{"rendered":"<p>\u0130nsan bir &#8216;g\u00fczel&#8217; olarak do\u011far. B\u00fcy\u00fcd\u00fck\u00e7e kendini b\u00fcy\u00fck zannedenlerin oturdu\u011fu taht\u0131 sallamaya ba\u015flar. Minik g\u00fczelle ba\u015f edemeyen b\u00fcy\u00fckler, \u00f6c\u00fc, cin ve dev gibi hayali canavarlarla onu uyutmak isterler. Minik g\u00fczel b\u00fcy\u00fcd\u00fck\u00e7e gelenek, ay\u0131p, disiplin, not korkusu gibi g\u00f6zle g\u00f6r\u00fclmeyen silahlarla sindirilmeye \u00e7al\u0131\u015f\u0131l\u0131r. Maalesef g\u00fczel do\u011fanlar\u0131n b\u00fcy\u00fck bir \u00e7o\u011funlu\u011fu daha gen\u00e7lik \u00e7a\u011f\u0131na gelmeden uyur. \u00c7\u00fcnk\u00fc bizim e\u011fitim ad\u0131na verdi\u011fimiz bilgilerin \u00e7o\u011fu asl\u0131nda onu uyutmak ve uykusunu derinle\u015ftirmekten ba\u015fka bir i\u015fe yaramaz. Bu kitapta d\u00fcnyaya muhte\u015fem olarak geldikten sonra iyi niyetlerle uyutulan, i\u00e7indeki g\u00fczelin uyudu\u011funu fark eden ve onu uyand\u0131rmak i\u00e7in \u00e7\u0131rp\u0131nan bir sevgi yolcusunun ser\u00fcveni var. E\u011fer sen de i\u00e7indeki g\u00fczeli uyand\u0131rmak istersen hadi gel arkada\u015f olal\u0131m. Bu kitab\u0131 okuyup arkada\u015fl\u0131\u011f\u0131m\u0131z\u0131n tad\u0131na bakman amac\u0131yla g\u00f6zlerini d\u00f6rt dakika \u00f6d\u00fcn\u00e7 verirmisin? \u0130\u00e7indeki g\u00fczel uyand\u0131rmay\u0131 beklerken sen hala neyi bekledi\u011fini hi\u00e7 d\u00fc\u015f\u00fcnd\u00fcn m\u00fc? \ufffcTan\u0131t\u0131m Metni<\/p>\n","protected":false},"excerpt":{"rendered":"<p>\u0130nsan bir &#8216;g\u00fczel&#8217; olarak do\u011far. B\u00fcy\u00fcd\u00fck\u00e7e kendini b\u00fcy\u00fck zannedenlerin oturdu\u011fu taht\u0131 sallamaya ba\u015flar. Minik g\u00fczelle ba\u015f edemeyen b\u00fcy\u00fckler, \u00f6c\u00fc, cin ve dev gibi hayali canavarlarla onu<span class=\"excerpt-hellip\"> [\u2026]<\/span><\/p>\n","protected":false},"featured_media":0,"template":"","meta":{"_monsterinsights_skip_tracking":false,"_monsterinsights_sitenote_active":false,"_monsterinsights_sitenote_note":"","_monsterinsights_sitenote_category":0},"product_brand":[],"product_cat":[12364,12376],"product_tag":[],"class_list":{"0":"post-711438","1":"product","2":"type-product","3":"status-publish","5":"product_cat-genel-konular","6":"product_cat-kisisel-gelisim","7":"pa_cilt-ciltsiz","8":"pa_tur-kitap","9":"pa_yayinevi-yediveren-yayinlari","10":"pa_yazar-alisan-kapaklikaya","12":"first","13":"instock","14":"sale","15":"shipping-taxable","16":"purchasable","17":"product-type-simple"},"_links":{"self":[{"href":"https:\/\/roveyayinevi.com.tr\/index.php\/wp-json\/wp\/v2\/product\/711438","targetHints":{"allow":["GET"]}}],"collection":[{"href":"https:\/\/roveyayinevi.com.tr\/index.php\/wp-json\/wp\/v2\/product"}],"about":[{"href":"https:\/\/roveyayinevi.com.tr\/index.php\/wp-json\/wp\/v2\/types\/product"}],"wp:attachment":[{"href":"https:\/\/roveyayinevi.com.tr\/index.php\/wp-json\/wp\/v2\/media?parent=711438"}],"wp:term":[{"taxonomy":"product_brand","embeddable":true,"href":"https:\/\/roveyayinevi.com.tr\/index.php\/wp-json\/wp\/v2\/product_brand?post=711438"},{"taxonomy":"product_cat","embeddable":true,"href":"https:\/\/roveyayinevi.com.tr\/index.php\/wp-json\/wp\/v2\/product_cat?post=711438"},{"taxonomy":"product_tag","embeddable":true,"href":"https:\/\/roveyayinevi.com.tr\/index.php\/wp-json\/wp\/v2\/product_tag?post=711438"}],"curies":[{"name":"wp","href":"https:\/\/api.w.org\/{rel}","templated":true}]}}