{"id":711436,"date":"2025-08-27T16:45:22","date_gmt":"2025-08-27T13:45:22","guid":{"rendered":"https:\/\/roveyayinevi.com.tr\/index.php\/urun\/masal-ile-ruzgar-kaplumbik-operasyonu\/"},"modified":"2026-04-16T02:19:54","modified_gmt":"2026-04-15T23:19:54","slug":"masal-ile-ruzgar-kaplumbik-operasyonu","status":"publish","type":"product","link":"https:\/\/roveyayinevi.com.tr\/index.php\/urun\/masal-ile-ruzgar-kaplumbik-operasyonu\/","title":{"rendered":"Masal ile R\u00fczgar &#8211; Kaplumbik Operasyonu"},"content":{"rendered":"<p>Birbirinden \u00e7ok ama \u00e7ok farkl\u0131 ikiz karde\u015flerin tatl\u0131 \u00e7eki\u015fmeleri  ile keyifli  maceralar  devam ediyor.Bu defa ikiz karde\u015fler ve  deli dolu ekip arkada\u015flar\u0131 &#8220;Kaplumbik Operasyonu&#8221; ile kar\u015f\u0131m\u0131zdalar. Aksiyon dolu bu maceray\u0131 bu kez R\u00fczgar&#8217;dan dinliyoruz:&#8221;- Demek ki neymi\u015f Masal Han\u0131m? Ak\u0131ll\u0131, cici k\u0131zlar da ba\u015f\u0131n\u0131 derde sokarm\u0131\u015f!- Sus dedim sana, zaten can\u0131m s\u0131kk\u0131n!- Yok \u00f6yle. Ba\u015f\u0131m\u0131za bu i\u015fleri ben a\u00e7sayd\u0131m Masalc\u0131k susmak bilmezdi. \u015eimdi sen d\u00fc\u015f\u00fcn bakal\u0131m, bu olanlar\u0131 annemlere nas\u0131l a\u00e7\u0131klayaca\u011f\u0131m\u0131z\u0131&#8230;\u0130nanmayacaks\u0131n\u0131z biliyorum ama Masal ba\u015f\u0131m\u0131z\u0131 derde soktu! Tarihte bir ilk!&#8221;Birbirinin z\u0131tt\u0131 ikiz karde\u015flerin tatl\u0131 \u00e7eki\u015fmleri ve ekip arkada\u015flar\u0131yla girdikleri aksiyon dolu bir maceraya, &#8220;Kaplumbik Operasyonu&#8217;na&#8221; haz\u0131r olun! <\/p>\n","protected":false},"excerpt":{"rendered":"<p>Birbirinden \u00e7ok ama \u00e7ok farkl\u0131 ikiz karde\u015flerin tatl\u0131 \u00e7eki\u015fmeleri ile keyifli maceralar devam ediyor.Bu defa ikiz karde\u015fler ve deli dolu ekip arkada\u015flar\u0131 &#8220;Kaplumbik Operasyonu&#8221; ile kar\u015f\u0131m\u0131zdalar.<span class=\"excerpt-hellip\"> [\u2026]<\/span><\/p>\n","protected":false},"featured_media":0,"template":"","meta":{"_monsterinsights_skip_tracking":false,"_monsterinsights_sitenote_active":false,"_monsterinsights_sitenote_note":"","_monsterinsights_sitenote_category":0},"product_brand":[],"product_cat":[12275,12274],"product_tag":[],"class_list":{"0":"post-711436","1":"product","2":"type-product","3":"status-publish","5":"product_cat-6-12-yas-kitaplari","6":"product_cat-cocuk-ve-genclik-kitaplari","7":"pa_cilt-ciltsiz","8":"pa_tur-kitap","9":"pa_yayinevi-timas-cocuk","10":"pa_yazar-seniz-bas","12":"first","13":"instock","14":"sale","15":"shipping-taxable","16":"purchasable","17":"product-type-simple"},"_links":{"self":[{"href":"https:\/\/roveyayinevi.com.tr\/index.php\/wp-json\/wp\/v2\/product\/711436","targetHints":{"allow":["GET"]}}],"collection":[{"href":"https:\/\/roveyayinevi.com.tr\/index.php\/wp-json\/wp\/v2\/product"}],"about":[{"href":"https:\/\/roveyayinevi.com.tr\/index.php\/wp-json\/wp\/v2\/types\/product"}],"wp:attachment":[{"href":"https:\/\/roveyayinevi.com.tr\/index.php\/wp-json\/wp\/v2\/media?parent=711436"}],"wp:term":[{"taxonomy":"product_brand","embeddable":true,"href":"https:\/\/roveyayinevi.com.tr\/index.php\/wp-json\/wp\/v2\/product_brand?post=711436"},{"taxonomy":"product_cat","embeddable":true,"href":"https:\/\/roveyayinevi.com.tr\/index.php\/wp-json\/wp\/v2\/product_cat?post=711436"},{"taxonomy":"product_tag","embeddable":true,"href":"https:\/\/roveyayinevi.com.tr\/index.php\/wp-json\/wp\/v2\/product_tag?post=711436"}],"curies":[{"name":"wp","href":"https:\/\/api.w.org\/{rel}","templated":true}]}}