{"id":711435,"date":"2025-08-27T16:45:22","date_gmt":"2025-08-27T13:45:22","guid":{"rendered":"https:\/\/roveyayinevi.com.tr\/index.php\/urun\/kuscubasi-esref-2\/"},"modified":"2026-04-16T02:19:54","modified_gmt":"2026-04-15T23:19:54","slug":"kuscubasi-esref-2","status":"publish","type":"product","link":"https:\/\/roveyayinevi.com.tr\/index.php\/urun\/kuscubasi-esref-2\/","title":{"rendered":"Ku\u015f\u00e7uba\u015f\u0131 E\u015fref"},"content":{"rendered":"<p>Trablusgarp fedaisi, Bat\u0131 Trakya sava\u015f\u00e7\u0131s\u0131, efsanevi Te\u015fkilat-\u0131 Mahsusa subay\u0131, 150\u2019lik\u2026Osmanl\u0131\u2019n\u0131n son d\u00f6nemine damgas\u0131n\u0131 vuran Ku\u015f\u00e7uba\u015f\u0131 E\u015fref, bug\u00fcn h\u00e2l\u00e2 tart\u0131\u015f\u0131lan bir karakter; kimilerinin g\u00f6rmezden geldi\u011fi, kimilerininse mitik hale getirdi\u011fi, tarihsel ger\u00e7eklik ile pop\u00fcler hayal g\u00fcc\u00fcn\u00fcn s\u0131n\u0131rlar\u0131 aras\u0131nda flula\u015fan efsanevi bir fig\u00fcr. D\u00fcnyaca \u00fcnl\u00fc tarih\u00e7i Profes\u00f6r Benjamin C. Fortna\u2019n\u0131n, Ku\u015f\u00e7uba\u015f\u0131\u2019n\u0131n kendi eliyle kaleme ald\u0131\u011f\u0131 hat\u0131ralar ve sandukas\u0131ndan \u00e7\u0131kan \u015fahsi belgelerden \u00fczerinden yapt\u0131\u011f\u0131 bu birinci s\u0131n\u0131f \u00e7al\u0131\u015fma, Ku\u015f\u00e7uba\u015f\u0131 hakk\u0131nda bug\u00fcne kadar yaz\u0131lan en detayl\u0131 ve g\u00fcvenilir biyografi olma \u00f6zelli\u011fini ta\u015f\u0131yor. Fortna, \u00e7al\u0131\u015fmas\u0131n\u0131 bireye merkezleyerek, devlet ve toplum aras\u0131ndaki kat\u0131 s\u0131n\u0131rlar\u0131 sorgulamaya ve \u00e7ok daha incelikli bir tarihsel ger\u00e7ekli\u011fe varmaya kap\u0131 aral\u0131yor.\u201cSadakat, h\u0131yanet, milliyet ve vatanperverlik gibi heybetli ve telaffuzu ho\u015f kavramlar tekil insanlar\u0131n hayatlar\u0131na giydirilerek izah edilmeye \u00e7al\u0131\u015f\u0131ld\u0131\u011f\u0131nda ka\u011f\u015farlar, keskinliklerini kaybederler. E\u015fref Bey kolayca kullan\u0131lan soyut kavramlar\u0131 sigaya \u00e7ekmemizi sa\u011flayan somut bir hayat ya\u015fam\u0131\u015ft\u0131r. \u0130laveten, ya\u015fad\u0131\u011f\u0131 zaman\u0131n d\u00fcnyas\u0131n\u0131 dostlarla ve d\u00fc\u015fmanlarla payla\u015fm\u0131\u015ft\u0131r. Her insan bir ili\u015fkiler a\u011f\u0131n\u0131n par\u00e7as\u0131, o halde her biyografide yan rollerde ba\u015fka ilgin\u00e7 karakterler de boy g\u00f6stermelidir. Nitekim Ku\u015f\u00e7uba\u015f\u0131 E\u015fref Bey biyografisinde kendisinden ba\u015fka Mustafa Kemal, Enver, Cemal ve Hur\u015fid pa\u015falar\u0131n, S\u00fcleyman Asker\u00ee ve Yakup Cemil\u2019in, \u00c7erkes Ethem\u2019in, Ahmed\u2019in, Re\u015fid\u2019in, Selim Sami\u2019nin hik\u00e2yelerinin baz\u0131 cepheleri de sakl\u0131d\u0131r.\u201d <\/p>\n","protected":false},"excerpt":{"rendered":"<p>Trablusgarp fedaisi, Bat\u0131 Trakya sava\u015f\u00e7\u0131s\u0131, efsanevi Te\u015fkilat-\u0131 Mahsusa subay\u0131, 150\u2019lik\u2026Osmanl\u0131\u2019n\u0131n son d\u00f6nemine damgas\u0131n\u0131 vuran Ku\u015f\u00e7uba\u015f\u0131 E\u015fref, bug\u00fcn h\u00e2l\u00e2 tart\u0131\u015f\u0131lan bir karakter; kimilerinin g\u00f6rmezden geldi\u011fi, kimilerininse mitik<span class=\"excerpt-hellip\"> [\u2026]<\/span><\/p>\n","protected":false},"featured_media":0,"template":"","meta":{"_monsterinsights_skip_tracking":false,"_monsterinsights_sitenote_active":false,"_monsterinsights_sitenote_note":"","_monsterinsights_sitenote_category":0},"product_brand":[],"product_cat":[12370,12304],"product_tag":[],"class_list":{"0":"post-711435","1":"product","2":"type-product","3":"status-publish","5":"product_cat-arastirma-inceleme","6":"product_cat-tarih","7":"pa_cilt-ciltsiz","8":"pa_tur-kitap","9":"pa_yayinevi-timas-yayinlari","10":"pa_yazar-benjamin-fortna","12":"first","13":"instock","14":"sale","15":"shipping-taxable","16":"purchasable","17":"product-type-simple"},"_links":{"self":[{"href":"https:\/\/roveyayinevi.com.tr\/index.php\/wp-json\/wp\/v2\/product\/711435","targetHints":{"allow":["GET"]}}],"collection":[{"href":"https:\/\/roveyayinevi.com.tr\/index.php\/wp-json\/wp\/v2\/product"}],"about":[{"href":"https:\/\/roveyayinevi.com.tr\/index.php\/wp-json\/wp\/v2\/types\/product"}],"wp:attachment":[{"href":"https:\/\/roveyayinevi.com.tr\/index.php\/wp-json\/wp\/v2\/media?parent=711435"}],"wp:term":[{"taxonomy":"product_brand","embeddable":true,"href":"https:\/\/roveyayinevi.com.tr\/index.php\/wp-json\/wp\/v2\/product_brand?post=711435"},{"taxonomy":"product_cat","embeddable":true,"href":"https:\/\/roveyayinevi.com.tr\/index.php\/wp-json\/wp\/v2\/product_cat?post=711435"},{"taxonomy":"product_tag","embeddable":true,"href":"https:\/\/roveyayinevi.com.tr\/index.php\/wp-json\/wp\/v2\/product_tag?post=711435"}],"curies":[{"name":"wp","href":"https:\/\/api.w.org\/{rel}","templated":true}]}}