{"id":711433,"date":"2025-08-27T16:45:20","date_gmt":"2025-08-27T13:45:20","guid":{"rendered":"https:\/\/roveyayinevi.com.tr\/index.php\/urun\/okuma-notlari\/"},"modified":"2026-04-16T02:19:54","modified_gmt":"2026-04-15T23:19:54","slug":"okuma-notlari","status":"publish","type":"product","link":"https:\/\/roveyayinevi.com.tr\/index.php\/urun\/okuma-notlari\/","title":{"rendered":"Okuma Notlar\u0131"},"content":{"rendered":"<p>Entelekt\u00fcellerin, k\u00fclt\u00fcr adamlar\u0131n\u0131n, yazarlar\u0131n okuma ser\u00fcvenleri nas\u0131ld\u0131r acaba? Kitap se\u00e7imlerini nas\u0131l yaparlar, raflarda nas\u0131l gezinirler, bir kitab\u0131 nas\u0131l okurlar? Sevdikleri c\u00fcmlelerin alt\u0131n\u0131 \u00e7izerek mi, sayfalar\u0131n kenar\u0131na notlar alarak m\u0131, yoksa okudu\u011fu metni sorgulayarak m\u0131? Hi\u00e7biri ya da belki hepsi\u2026Okuma Notlar\u0131 bir okur foto\u011fraf\u0131d\u0131r. Entelekt\u00fcel merak\u0131 geni\u015f bir spektruma yay\u0131lan bir yazar\u0131n, bir ayd\u0131n\u0131n okuma u\u011fra\u015f\u0131n\u0131n, merak\u0131 takip eden sorgulamalarla kitaplar\u0131n izini nas\u0131l s\u00fcrd\u00fc\u011f\u00fcn\u00fcn foto\u011fraf\u0131d\u0131r. Hilmi Yavuz bu okuma yolculu\u011funda neler bulmuyor ki? Vahim \u00e7eviri hatalar\u0131ndan, kimsenin fark\u0131nda olmad\u0131\u011f\u0131 yanl\u0131\u015fl\u0131klara; k\u0131y\u0131da kalm\u0131\u015f, sessiz sedas\u0131z metinlerden, incelikli kar\u015f\u0131la\u015ft\u0131rmalara kadar\u2026Okuma Notlar\u0131 bir okur\u2019dan \u00f6teki okur\u2019a yollanan notlard\u0131r. Okuru edebiyattan felsefeye, tarihten k\u00fclt\u00fcre keyifli ve merakl\u0131 bir yolculu\u011fa \u00e7\u0131karacak. <\/p>\n","protected":false},"excerpt":{"rendered":"<p>Entelekt\u00fcellerin, k\u00fclt\u00fcr adamlar\u0131n\u0131n, yazarlar\u0131n okuma ser\u00fcvenleri nas\u0131ld\u0131r acaba? Kitap se\u00e7imlerini nas\u0131l yaparlar, raflarda nas\u0131l gezinirler, bir kitab\u0131 nas\u0131l okurlar? Sevdikleri c\u00fcmlelerin alt\u0131n\u0131 \u00e7izerek mi, sayfalar\u0131n kenar\u0131na<span class=\"excerpt-hellip\"> [\u2026]<\/span><\/p>\n","protected":false},"featured_media":0,"template":"","meta":{"_monsterinsights_skip_tracking":false,"_monsterinsights_sitenote_active":false,"_monsterinsights_sitenote_note":"","_monsterinsights_sitenote_category":0},"product_brand":[],"product_cat":[12777,12291],"product_tag":[],"class_list":{"0":"post-711433","1":"product","2":"type-product","3":"status-publish","5":"product_cat-deneme","6":"product_cat-edebiyat","7":"pa_cilt-ciltsiz","8":"pa_tur-kitap","9":"pa_yayinevi-timas-yayinlari","10":"pa_yazar-hilmi-yavuz","12":"first","13":"instock","14":"sale","15":"shipping-taxable","16":"purchasable","17":"product-type-simple"},"_links":{"self":[{"href":"https:\/\/roveyayinevi.com.tr\/index.php\/wp-json\/wp\/v2\/product\/711433","targetHints":{"allow":["GET"]}}],"collection":[{"href":"https:\/\/roveyayinevi.com.tr\/index.php\/wp-json\/wp\/v2\/product"}],"about":[{"href":"https:\/\/roveyayinevi.com.tr\/index.php\/wp-json\/wp\/v2\/types\/product"}],"wp:attachment":[{"href":"https:\/\/roveyayinevi.com.tr\/index.php\/wp-json\/wp\/v2\/media?parent=711433"}],"wp:term":[{"taxonomy":"product_brand","embeddable":true,"href":"https:\/\/roveyayinevi.com.tr\/index.php\/wp-json\/wp\/v2\/product_brand?post=711433"},{"taxonomy":"product_cat","embeddable":true,"href":"https:\/\/roveyayinevi.com.tr\/index.php\/wp-json\/wp\/v2\/product_cat?post=711433"},{"taxonomy":"product_tag","embeddable":true,"href":"https:\/\/roveyayinevi.com.tr\/index.php\/wp-json\/wp\/v2\/product_tag?post=711433"}],"curies":[{"name":"wp","href":"https:\/\/api.w.org\/{rel}","templated":true}]}}