{"id":711431,"date":"2025-08-27T16:45:19","date_gmt":"2025-08-27T13:45:19","guid":{"rendered":"https:\/\/roveyayinevi.com.tr\/index.php\/urun\/ucup-giden-battaniye\/"},"modified":"2026-04-16T02:19:54","modified_gmt":"2026-04-15T23:19:54","slug":"ucup-giden-battaniye","status":"publish","type":"product","link":"https:\/\/roveyayinevi.com.tr\/index.php\/urun\/ucup-giden-battaniye\/","title":{"rendered":"U\u00e7up Giden Battaniye"},"content":{"rendered":"<p>Okuyan Koala, \u00e7ocuk kitaplar\u0131na yepyeni bir standart getiriyor!\u00c7ocuklar i\u00e7in ki\u015fisel geli\u015fim, anne babalar\u0131 i\u00e7in hayat kolayla\u015ft\u0131r\u0131c\u0131, d\u00fcnyan\u0131n en b\u00fcy\u00fck bilimsel ve profesyonel psikoloji toplulu\u011fu Amerikan Psikoloji Derne\u011fi onayl\u0131 APA \u00c7ocuk Kitaplar\u0131 Serisi, Okuyan Koala ile T\u00fcrk\u00e7ede!Ayr\u0131lma Kayg\u0131s\u0131 \u00dczerine Bir HikayeEbeveyn ve \u00e7ocuk aras\u0131ndaki ba\u011fl\u0131l\u0131\u011f\u0131 ve ya\u015fanabilecek ayr\u0131lma kayg\u0131s\u0131n\u0131 konu edinen ve battaniyeyi de bir ge\u00e7i\u015f nesnesi olarak kullanarak hikayeyi destekleyen bu \u00f6yk\u00fcde; Kaan\u2019\u0131n en sevdi\u011fi battaniyesi bir r\u00fczgarla u\u00e7up gider.Battaniye u\u00e7arken etraf\u0131ndaki farkl\u0131 anne ve yavru hayvanlar\u0131n \u00fczerinden ge\u00e7er. Kimi zaman \u00fcstlerine \u00f6rt\u00fc olur, kimi zaman ise sadece dokunur ama en sonunda onu \u00e7ok seven ve de\u011fer veren sahibine, g\u00fcvenli ortam\u0131na geri d\u00f6ner.Ayr\u0131lma kayg\u0131s\u0131 ya\u015fayan t\u00fcm ebeveyn ve \u00e7ocuklara tavsiye edilir.<\/p>\n","protected":false},"excerpt":{"rendered":"<p>Okuyan Koala, \u00e7ocuk kitaplar\u0131na yepyeni bir standart getiriyor!\u00c7ocuklar i\u00e7in ki\u015fisel geli\u015fim, anne babalar\u0131 i\u00e7in hayat kolayla\u015ft\u0131r\u0131c\u0131, d\u00fcnyan\u0131n en b\u00fcy\u00fck bilimsel ve profesyonel psikoloji toplulu\u011fu Amerikan Psikoloji<span class=\"excerpt-hellip\"> [\u2026]<\/span><\/p>\n","protected":false},"featured_media":0,"template":"","meta":{"_monsterinsights_skip_tracking":false,"_monsterinsights_sitenote_active":false,"_monsterinsights_sitenote_note":"","_monsterinsights_sitenote_category":0},"product_brand":[],"product_cat":[17996,12364],"product_tag":[],"class_list":{"0":"post-711431","1":"product","2":"type-product","3":"status-publish","5":"product_cat-ebeveyn-kitaplari","6":"product_cat-genel-konular","7":"pa_cilt-ciltsiz","8":"pa_tur-kitap","9":"pa_yayinevi-okuyan-koala","10":"pa_yazar-allan-peterkin","12":"first","13":"instock","14":"sale","15":"shipping-taxable","16":"purchasable","17":"product-type-simple"},"_links":{"self":[{"href":"https:\/\/roveyayinevi.com.tr\/index.php\/wp-json\/wp\/v2\/product\/711431","targetHints":{"allow":["GET"]}}],"collection":[{"href":"https:\/\/roveyayinevi.com.tr\/index.php\/wp-json\/wp\/v2\/product"}],"about":[{"href":"https:\/\/roveyayinevi.com.tr\/index.php\/wp-json\/wp\/v2\/types\/product"}],"wp:attachment":[{"href":"https:\/\/roveyayinevi.com.tr\/index.php\/wp-json\/wp\/v2\/media?parent=711431"}],"wp:term":[{"taxonomy":"product_brand","embeddable":true,"href":"https:\/\/roveyayinevi.com.tr\/index.php\/wp-json\/wp\/v2\/product_brand?post=711431"},{"taxonomy":"product_cat","embeddable":true,"href":"https:\/\/roveyayinevi.com.tr\/index.php\/wp-json\/wp\/v2\/product_cat?post=711431"},{"taxonomy":"product_tag","embeddable":true,"href":"https:\/\/roveyayinevi.com.tr\/index.php\/wp-json\/wp\/v2\/product_tag?post=711431"}],"curies":[{"name":"wp","href":"https:\/\/api.w.org\/{rel}","templated":true}]}}