{"id":711429,"date":"2025-08-27T16:45:18","date_gmt":"2025-08-27T13:45:18","guid":{"rendered":"https:\/\/roveyayinevi.com.tr\/index.php\/urun\/101-yaniltmaca\/"},"modified":"2026-04-16T02:19:54","modified_gmt":"2026-04-15T23:19:54","slug":"101-yaniltmaca","status":"publish","type":"product","link":"https:\/\/roveyayinevi.com.tr\/index.php\/urun\/101-yaniltmaca\/","title":{"rendered":"101 Yan\u0131ltmaca"},"content":{"rendered":"<p>Kim S\u00f6yleyebilir?Kim S\u00f6yleyemez?Hem konu\u015fman\u0131z\u0131 #ak\u0131c\u0131la\u015ft\u0131racak, d\u00fczelteceksiniz hem de arkada\u015flar\u0131n\u0131zla #\u00e7ok e\u011fleneceksiniz!Uzunu, k\u0131sas\u0131, zoru, kolay\u0131\u2026 #101 yan\u0131ltmaca\/dil tekerlemesi bu kitapta!Mutlaka y\u00fcksek sesle, eksiksiz ve yanl\u0131\u015fs\u0131z okunmas\u0131 gereken 101 yan\u0131ltmaca ya da dil tekerlemesini arkada\u015flar\u0131n\u0131zla oynamaktan b\u00fcy\u00fck keyif alacak, g\u00fclmekten yerlere yatacaks\u0131n\u0131z\u2026Hadi bakal\u0131m, g\u00f6relim\u2026Kim s\u00f6yleyebiliyor, kim #s\u00f6yleyemiyor? <\/p>\n","protected":false},"excerpt":{"rendered":"<p>Kim S\u00f6yleyebilir?Kim S\u00f6yleyemez?Hem konu\u015fman\u0131z\u0131 #ak\u0131c\u0131la\u015ft\u0131racak, d\u00fczelteceksiniz hem de arkada\u015flar\u0131n\u0131zla #\u00e7ok e\u011fleneceksiniz!Uzunu, k\u0131sas\u0131, zoru, kolay\u0131\u2026 #101 yan\u0131ltmaca\/dil tekerlemesi bu kitapta!Mutlaka y\u00fcksek sesle, eksiksiz ve yanl\u0131\u015fs\u0131z okunmas\u0131 gereken<span class=\"excerpt-hellip\"> [\u2026]<\/span><\/p>\n","protected":false},"featured_media":0,"template":"","meta":{"_monsterinsights_skip_tracking":false,"_monsterinsights_sitenote_active":false,"_monsterinsights_sitenote_note":"","_monsterinsights_sitenote_category":0},"product_brand":[],"product_cat":[12275,12274],"product_tag":[],"class_list":{"0":"post-711429","1":"product","2":"type-product","3":"status-publish","5":"product_cat-6-12-yas-kitaplari","6":"product_cat-cocuk-ve-genclik-kitaplari","7":"pa_cilt-ciltsiz","8":"pa_tur-kitap","9":"pa_yayinevi-can-cocuk-yayinlari","10":"pa_yazar-suleyman-bulut","12":"first","13":"instock","14":"sale","15":"shipping-taxable","16":"purchasable","17":"product-type-simple"},"_links":{"self":[{"href":"https:\/\/roveyayinevi.com.tr\/index.php\/wp-json\/wp\/v2\/product\/711429","targetHints":{"allow":["GET"]}}],"collection":[{"href":"https:\/\/roveyayinevi.com.tr\/index.php\/wp-json\/wp\/v2\/product"}],"about":[{"href":"https:\/\/roveyayinevi.com.tr\/index.php\/wp-json\/wp\/v2\/types\/product"}],"wp:attachment":[{"href":"https:\/\/roveyayinevi.com.tr\/index.php\/wp-json\/wp\/v2\/media?parent=711429"}],"wp:term":[{"taxonomy":"product_brand","embeddable":true,"href":"https:\/\/roveyayinevi.com.tr\/index.php\/wp-json\/wp\/v2\/product_brand?post=711429"},{"taxonomy":"product_cat","embeddable":true,"href":"https:\/\/roveyayinevi.com.tr\/index.php\/wp-json\/wp\/v2\/product_cat?post=711429"},{"taxonomy":"product_tag","embeddable":true,"href":"https:\/\/roveyayinevi.com.tr\/index.php\/wp-json\/wp\/v2\/product_tag?post=711429"}],"curies":[{"name":"wp","href":"https:\/\/api.w.org\/{rel}","templated":true}]}}