{"id":711428,"date":"2025-08-27T16:45:18","date_gmt":"2025-08-27T13:45:18","guid":{"rendered":"https:\/\/roveyayinevi.com.tr\/index.php\/urun\/101-tekerleme\/"},"modified":"2026-04-16T02:19:54","modified_gmt":"2026-04-15T23:19:54","slug":"101-tekerleme","status":"publish","type":"product","link":"https:\/\/roveyayinevi.com.tr\/index.php\/urun\/101-tekerleme\/","title":{"rendered":"101 Tekerleme"},"content":{"rendered":"<p>\u0130yi Tekerlemeler!S\u00f6ylemesi ho\u015f, dinlemesi ho\u015f, \u015fiir tad\u0131nda 101 tekerleme&#8230;T\u00fcrk\u00e7e s\u00f6z ustal\u0131\u011f\u0131n\u0131n en ilgin\u00e7 \u00f6rnekleri&#8230; \u00c7ocuklar\u0131n, s\u00f6yleme yeteneklerini geli\u015ftiren, T\u00fcrk\u00e7enin tad\u0131na varmalar\u0131n\u0131 sa\u011flayan, hayal g\u00fc\u00e7lerini ate\u015fleyen, \u015fa\u015f\u0131rt\u0131c\u0131 ve e\u011flendirici 101 Tekerleme bu kitapta! <\/p>\n","protected":false},"excerpt":{"rendered":"<p>\u0130yi Tekerlemeler!S\u00f6ylemesi ho\u015f, dinlemesi ho\u015f, \u015fiir tad\u0131nda 101 tekerleme&#8230;T\u00fcrk\u00e7e s\u00f6z ustal\u0131\u011f\u0131n\u0131n en ilgin\u00e7 \u00f6rnekleri&#8230; \u00c7ocuklar\u0131n, s\u00f6yleme yeteneklerini geli\u015ftiren, T\u00fcrk\u00e7enin tad\u0131na varmalar\u0131n\u0131 sa\u011flayan, hayal g\u00fc\u00e7lerini ate\u015fleyen, \u015fa\u015f\u0131rt\u0131c\u0131<span class=\"excerpt-hellip\"> [\u2026]<\/span><\/p>\n","protected":false},"featured_media":0,"template":"","meta":{"_monsterinsights_skip_tracking":false,"_monsterinsights_sitenote_active":false,"_monsterinsights_sitenote_note":"","_monsterinsights_sitenote_category":0},"product_brand":[],"product_cat":[12275,12274],"product_tag":[],"class_list":{"0":"post-711428","1":"product","2":"type-product","3":"status-publish","5":"product_cat-6-12-yas-kitaplari","6":"product_cat-cocuk-ve-genclik-kitaplari","7":"pa_cilt-ciltsiz","8":"pa_tur-kitap","9":"pa_yayinevi-can-yayinlari","10":"pa_yazar-suleyman-bulut","12":"first","13":"instock","14":"sale","15":"shipping-taxable","16":"purchasable","17":"product-type-simple"},"_links":{"self":[{"href":"https:\/\/roveyayinevi.com.tr\/index.php\/wp-json\/wp\/v2\/product\/711428","targetHints":{"allow":["GET"]}}],"collection":[{"href":"https:\/\/roveyayinevi.com.tr\/index.php\/wp-json\/wp\/v2\/product"}],"about":[{"href":"https:\/\/roveyayinevi.com.tr\/index.php\/wp-json\/wp\/v2\/types\/product"}],"wp:attachment":[{"href":"https:\/\/roveyayinevi.com.tr\/index.php\/wp-json\/wp\/v2\/media?parent=711428"}],"wp:term":[{"taxonomy":"product_brand","embeddable":true,"href":"https:\/\/roveyayinevi.com.tr\/index.php\/wp-json\/wp\/v2\/product_brand?post=711428"},{"taxonomy":"product_cat","embeddable":true,"href":"https:\/\/roveyayinevi.com.tr\/index.php\/wp-json\/wp\/v2\/product_cat?post=711428"},{"taxonomy":"product_tag","embeddable":true,"href":"https:\/\/roveyayinevi.com.tr\/index.php\/wp-json\/wp\/v2\/product_tag?post=711428"}],"curies":[{"name":"wp","href":"https:\/\/api.w.org\/{rel}","templated":true}]}}