{"id":711427,"date":"2025-08-27T16:45:17","date_gmt":"2025-08-27T13:45:17","guid":{"rendered":"https:\/\/roveyayinevi.com.tr\/index.php\/urun\/kasselde-mantik-aramak\/"},"modified":"2025-10-16T12:29:18","modified_gmt":"2025-10-16T09:29:18","slug":"kasselde-mantik-aramak","status":"publish","type":"product","link":"https:\/\/roveyayinevi.com.tr\/index.php\/urun\/kasselde-mantik-aramak\/","title":{"rendered":"Kassel\u2019de Mant\u0131k Aramak"},"content":{"rendered":"<p>Almanya\u2019n\u0131n merkezinde, Avrupa\u2019n\u0131n g\u00f6be\u011findeydim ve her \u015feyin on y\u0131llar \u00f6nce \u00f6lm\u00fc\u015f oldu\u011fu, buz kesti\u011fi ve topra\u011f\u0131n alt\u0131nda kald\u0131\u011f\u0131 ger\u00e7e\u011fi ba\u015fka hi\u00e7bir yerde buradaki kadar bariz g\u00f6r\u00fcn\u00fcr de\u011fildi, k\u0131tam\u0131z esasl\u0131, affedilmez b\u00fcy\u00fck hatalar\u0131na raz\u0131 geldi\u011finden beri b\u00f6yleydi. Kassel\u2019de tuhaf \u015feyler oluyor: \u015eehir, bilinmeyen bir mant\u0131\u011f\u0131n \u00f6n\u00fcn\u00fc a\u00e7an bir mant\u0131ks\u0131zl\u0131\u011fa davet ediyor bizi. \u201cSanat hayat gibi gelip ge\u00e7erken\u201d geride bir sat\u0131r, bir ezgi, haf\u0131zam\u0131zda yer eden, ki\u015fili\u011fimizin par\u00e7as\u0131n\u0131 olu\u015fturan imgeler b\u0131rak\u0131yor. \u00c7ivisi \u00e7\u0131km\u0131\u015f bir d\u00fcnyada, sanat\u0131n \u00f6ld\u00fc\u011f\u00fcne h\u00fckmeden u\u011fursuz seslerin aksine, Enrique Vila-Matas h\u00e2l\u00e2 sanatla zincirleme reaksiyonlar yarat\u0131labilece\u011fine dair umudunu koruyor. Kassel\u2019de Mant\u0131k Aramak\u2019ta Vila-Matas, avangardla ili\u015fkisini ve Documenta etkinli\u011fine kat\u0131l\u0131m\u0131n\u0131 al\u0131\u015f\u0131lmad\u0131k bir kurmacaya d\u00f6n\u00fc\u015ft\u00fcr\u00fcyor. Sayfalar\u0131n aras\u0131ndan ince bir mizahla seslenen, mant\u0131k kurmak \u00fczere mant\u0131ks\u0131za davet eden, Dal\u00ed\u2019den Nietzsche\u2019ye, o bildi\u011fimiz i\u015fbirlik\u00e7iler korosu asl\u0131nda. <\/p>\n","protected":false},"excerpt":{"rendered":"<p>Almanya\u2019n\u0131n merkezinde, Avrupa\u2019n\u0131n g\u00f6be\u011findeydim ve her \u015feyin on y\u0131llar \u00f6nce \u00f6lm\u00fc\u015f oldu\u011fu, buz kesti\u011fi ve topra\u011f\u0131n alt\u0131nda kald\u0131\u011f\u0131 ger\u00e7e\u011fi ba\u015fka hi\u00e7bir yerde buradaki kadar bariz g\u00f6r\u00fcn\u00fcr<span class=\"excerpt-hellip\"> [\u2026]<\/span><\/p>\n","protected":false},"featured_media":0,"template":"","meta":{"_monsterinsights_skip_tracking":false,"_monsterinsights_sitenote_active":false,"_monsterinsights_sitenote_note":"","_monsterinsights_sitenote_category":0},"product_brand":[],"product_cat":[12291,12711],"product_tag":[],"class_list":{"0":"post-711427","1":"product","2":"type-product","3":"status-publish","5":"product_cat-edebiyat","6":"product_cat-roman-oyku","7":"pa_cilt-ciltsiz","8":"pa_tur-kitap","9":"pa_yayinevi-can-yayinlari","10":"pa_yazar-enrique-vila-matas","12":"first","13":"instock","14":"sale","15":"shipping-taxable","16":"purchasable","17":"product-type-simple"},"_links":{"self":[{"href":"https:\/\/roveyayinevi.com.tr\/index.php\/wp-json\/wp\/v2\/product\/711427","targetHints":{"allow":["GET"]}}],"collection":[{"href":"https:\/\/roveyayinevi.com.tr\/index.php\/wp-json\/wp\/v2\/product"}],"about":[{"href":"https:\/\/roveyayinevi.com.tr\/index.php\/wp-json\/wp\/v2\/types\/product"}],"wp:attachment":[{"href":"https:\/\/roveyayinevi.com.tr\/index.php\/wp-json\/wp\/v2\/media?parent=711427"}],"wp:term":[{"taxonomy":"product_brand","embeddable":true,"href":"https:\/\/roveyayinevi.com.tr\/index.php\/wp-json\/wp\/v2\/product_brand?post=711427"},{"taxonomy":"product_cat","embeddable":true,"href":"https:\/\/roveyayinevi.com.tr\/index.php\/wp-json\/wp\/v2\/product_cat?post=711427"},{"taxonomy":"product_tag","embeddable":true,"href":"https:\/\/roveyayinevi.com.tr\/index.php\/wp-json\/wp\/v2\/product_tag?post=711427"}],"curies":[{"name":"wp","href":"https:\/\/api.w.org\/{rel}","templated":true}]}}