{"id":711426,"date":"2025-08-27T16:45:16","date_gmt":"2025-08-27T13:45:16","guid":{"rendered":"https:\/\/roveyayinevi.com.tr\/index.php\/urun\/harika-tarif\/"},"modified":"2026-03-08T02:26:27","modified_gmt":"2026-03-07T23:26:27","slug":"harika-tarif","status":"publish","type":"product","link":"https:\/\/roveyayinevi.com.tr\/index.php\/urun\/harika-tarif\/","title":{"rendered":"Harika Tarif"},"content":{"rendered":"<p>Umudunu kaybetme, kokular\u0131 takip et! Italyan Andersen \u00f6d\u00fcll\u00fc yazar Anna Lavatelli&#8217;den tad\u0131 damakta kalan bir roman! Yetim bir \u00e7ocu\u011fun, a\u015f\u00e7\u0131l\u0131\u011fa uzanan ya\u015fam\u0131n\u0131 ve ailesini ararken ba\u015f\u0131ndan ge\u00e7en komik maceralar\u0131 anlatan yazar, Amazon B\u00f6lgesi&#8217;nin etkileyici co\u011frafyas\u0131nda, korsanlarla i\u00e7 i\u00e7e, mis kokulu bir ser\u00fcvene davet ediyor. Sevginin iyile\u015ftirici g\u00fcc\u00fcn\u00fc an\u0131msatan kitap, renkli karakterleri ve e\u011flenceli anlat\u0131m\u0131yla her ya\u015ftan okur i\u00e7in keyifli bir okuma deneyimi sunuyor. Anne ve babas\u0131 o k\u00fc\u00e7\u00fckken evden ayr\u0131lm\u0131\u015f, bir daha da d\u00f6nmemi\u015flerdir. Yetimhanede b\u00fcy\u00fcyen Gast\u00f3n, orada \u00f6\u011frendi\u011fi leziz yemekler sayesinde, Amazon Nehri&#8217;ndeki l\u00fcks bir turist gemisinde a\u015f\u00e7\u0131 yama\u011f\u0131 olarak i\u015f bulmu\u015f, ailesine kavu\u015fma umuduyla \u00e7al\u0131\u015fmaktad\u0131r. Yolu korsanlarla kesi\u015fti\u011finde, sevecenli\u011fi ve tad\u0131 damakta kalan yemekleriyle kalpleri fetheder. Ama Kaptan Mendoza ve Te\u011fmen Guzman pe\u015flerine d\u00fc\u015ft\u00fc\u011f\u00fcnde, enfes tarifler, Gast\u00f3n&#8217;u ve korsanlar\u0131 kurtarabilecek, k\u00fc\u00e7\u00fck a\u015f\u00e7\u0131 ailesine kavu\u015fabilecek midir?.. \ufffcTan\u0131t\u0131m Metni<\/p>\n","protected":false},"excerpt":{"rendered":"<p>Umudunu kaybetme, kokular\u0131 takip et! Italyan Andersen \u00f6d\u00fcll\u00fc yazar Anna Lavatelli&#8217;den tad\u0131 damakta kalan bir roman! Yetim bir \u00e7ocu\u011fun, a\u015f\u00e7\u0131l\u0131\u011fa uzanan ya\u015fam\u0131n\u0131 ve ailesini ararken ba\u015f\u0131ndan<span class=\"excerpt-hellip\"> [\u2026]<\/span><\/p>\n","protected":false},"featured_media":0,"template":"","meta":{"_monsterinsights_skip_tracking":false,"_monsterinsights_sitenote_active":false,"_monsterinsights_sitenote_note":"","_monsterinsights_sitenote_category":0},"product_brand":[],"product_cat":[12689,12274],"product_tag":[],"class_list":{"0":"post-711426","1":"product","2":"type-product","3":"status-publish","5":"product_cat-cizgi-roman-cocuk-ve-genclik-kitaplari","6":"product_cat-cocuk-ve-genclik-kitaplari","7":"pa_cilt-ciltsiz","8":"pa_tur-kitap","9":"pa_yayinevi-gunisigi-kitapligi","10":"pa_yazar-anna-lavatelli","12":"first","13":"instock","14":"sale","15":"shipping-taxable","16":"purchasable","17":"product-type-simple"},"_links":{"self":[{"href":"https:\/\/roveyayinevi.com.tr\/index.php\/wp-json\/wp\/v2\/product\/711426","targetHints":{"allow":["GET"]}}],"collection":[{"href":"https:\/\/roveyayinevi.com.tr\/index.php\/wp-json\/wp\/v2\/product"}],"about":[{"href":"https:\/\/roveyayinevi.com.tr\/index.php\/wp-json\/wp\/v2\/types\/product"}],"wp:attachment":[{"href":"https:\/\/roveyayinevi.com.tr\/index.php\/wp-json\/wp\/v2\/media?parent=711426"}],"wp:term":[{"taxonomy":"product_brand","embeddable":true,"href":"https:\/\/roveyayinevi.com.tr\/index.php\/wp-json\/wp\/v2\/product_brand?post=711426"},{"taxonomy":"product_cat","embeddable":true,"href":"https:\/\/roveyayinevi.com.tr\/index.php\/wp-json\/wp\/v2\/product_cat?post=711426"},{"taxonomy":"product_tag","embeddable":true,"href":"https:\/\/roveyayinevi.com.tr\/index.php\/wp-json\/wp\/v2\/product_tag?post=711426"}],"curies":[{"name":"wp","href":"https:\/\/api.w.org\/{rel}","templated":true}]}}