{"id":711423,"date":"2025-08-27T16:45:15","date_gmt":"2025-08-27T13:45:15","guid":{"rendered":"https:\/\/roveyayinevi.com.tr\/index.php\/urun\/mavi-orman-2\/"},"modified":"2026-04-08T02:26:08","modified_gmt":"2026-04-07T23:26:08","slug":"mavi-orman-2","status":"publish","type":"product","link":"https:\/\/roveyayinevi.com.tr\/index.php\/urun\/mavi-orman-2\/","title":{"rendered":"Mavi Orman"},"content":{"rendered":"<p>\u00c7ok sevgili okur! Mavi Orman kitab\u0131, Y\u00fcr\u00fck ad\u0131ndaki bir tav\u015fan\u0131n diyar diyar dola\u015f\u0131p hayvanlarla kayna\u015farak maceralar ya\u015fad\u0131ktan sonra kendisini evinde, yuvas\u0131nda bulmas\u0131n\u0131n masal\u0131\u2026 Bu masal kitab\u0131 hayvanlar d\u00fcnyas\u0131na e\u011flenceli ve anlaml\u0131 bir yolculuk yapt\u0131racak sana. Yazar G\u00fcng\u00f6r Dilmen, usta tiyatro yazarl\u0131\u011f\u0131n\u0131 bu masal kitab\u0131nda da g\u00f6zler \u00f6n\u00fcne seriyor. Tiyatro izler gibi okuyacaks\u0131n her bir sat\u0131r\u0131, keyif alacaks\u0131n her bir c\u00fcmleden. Ke\u015fke tiyatrosu olsa diyeceksin belki\u2026 Erdo\u011fan O\u011fultekin\u2019in masals\u0131 \u00e7izimleriyle izlemi\u015f kadar olacaks\u0131n Mavi Orman\u2019\u0131. \ufffcTan\u0131t\u0131m Metni<\/p>\n","protected":false},"excerpt":{"rendered":"<p>\u00c7ok sevgili okur! Mavi Orman kitab\u0131, Y\u00fcr\u00fck ad\u0131ndaki bir tav\u015fan\u0131n diyar diyar dola\u015f\u0131p hayvanlarla kayna\u015farak maceralar ya\u015fad\u0131ktan sonra kendisini evinde, yuvas\u0131nda bulmas\u0131n\u0131n masal\u0131\u2026 Bu masal kitab\u0131<span class=\"excerpt-hellip\"> [\u2026]<\/span><\/p>\n","protected":false},"featured_media":0,"template":"","meta":{"_monsterinsights_skip_tracking":false,"_monsterinsights_sitenote_active":false,"_monsterinsights_sitenote_note":"","_monsterinsights_sitenote_category":0},"product_brand":[],"product_cat":[12275,12274],"product_tag":[],"class_list":{"0":"post-711423","1":"product","2":"type-product","3":"status-publish","5":"product_cat-6-12-yas-kitaplari","6":"product_cat-cocuk-ve-genclik-kitaplari","7":"pa_cilt-ciltsiz","8":"pa_tur-kitap","9":"pa_yayinevi-ucan-at","10":"pa_yazar-gungor-dilmen","12":"first","13":"instock","14":"sale","15":"shipping-taxable","16":"purchasable","17":"product-type-simple"},"_links":{"self":[{"href":"https:\/\/roveyayinevi.com.tr\/index.php\/wp-json\/wp\/v2\/product\/711423","targetHints":{"allow":["GET"]}}],"collection":[{"href":"https:\/\/roveyayinevi.com.tr\/index.php\/wp-json\/wp\/v2\/product"}],"about":[{"href":"https:\/\/roveyayinevi.com.tr\/index.php\/wp-json\/wp\/v2\/types\/product"}],"wp:attachment":[{"href":"https:\/\/roveyayinevi.com.tr\/index.php\/wp-json\/wp\/v2\/media?parent=711423"}],"wp:term":[{"taxonomy":"product_brand","embeddable":true,"href":"https:\/\/roveyayinevi.com.tr\/index.php\/wp-json\/wp\/v2\/product_brand?post=711423"},{"taxonomy":"product_cat","embeddable":true,"href":"https:\/\/roveyayinevi.com.tr\/index.php\/wp-json\/wp\/v2\/product_cat?post=711423"},{"taxonomy":"product_tag","embeddable":true,"href":"https:\/\/roveyayinevi.com.tr\/index.php\/wp-json\/wp\/v2\/product_tag?post=711423"}],"curies":[{"name":"wp","href":"https:\/\/api.w.org\/{rel}","templated":true}]}}