{"id":711422,"date":"2025-08-27T16:45:14","date_gmt":"2025-08-27T13:45:14","guid":{"rendered":"https:\/\/roveyayinevi.com.tr\/index.php\/urun\/ask-olsun-cocugum-ask-olsun\/"},"modified":"2026-04-16T02:19:54","modified_gmt":"2026-04-15T23:19:54","slug":"ask-olsun-cocugum-ask-olsun","status":"publish","type":"product","link":"https:\/\/roveyayinevi.com.tr\/index.php\/urun\/ask-olsun-cocugum-ask-olsun\/","title":{"rendered":"A\u015fk Olsun \u00c7ocu\u011fum A\u015fk Olsun!"},"content":{"rendered":"<p>\u00c7ok sevgili okur! \u00c7ocukken hem soru sormak hem de erken b\u00fcy\u00fcmek isteriz. B\u00fcy\u00fckl\u00fc\u011f\u00fcm\u00fcz\u00fc \u00e7ocukken hayal etmeye ba\u015flad\u0131\u011f\u0131m\u0131z\u0131 ise bilemeyiz. Oysa \u00e7ocuklu\u011fumuzu doya doya ya\u015famak, hatalar\u0131m\u0131zdan ders almak, \u00e7ocukluk safl\u0131\u011f\u0131n\u0131 korumak; bizi vicdanl\u0131, adaletli, iyi insan olma yolunda b\u00fcy\u00fct\u00fcr. \u00c7ocukluktan itibaren kendimizi ke\u015ffederek bunu ba\u015farabiliriz. Kendimizi ke\u015ffetmeden \u00f6nce tan\u0131ma ve anlamland\u0131rma yapmam\u0131z gerekir. Bu kitap sana bu yolda anlamland\u0131rma merdiveni olabilir. Hayat\u0131 \u00f6\u011frenme \u00f6devine ayna tutan bu kitapla yolculu\u011fa \u00e7\u0131kabilirsin. Mustafa Ruhi \u015eirin\u2019in usta kalemiyle yazd\u0131\u011f\u0131 felsefi \u015fiirsel metinler, Soner H\u0131zarc\u0131\u2019n\u0131n insana ve hayata dokunan \u00e7izimleriyle b\u00fct\u00fcnle\u015fiyor. Keyifle okuman dile\u011fiyle!.. \ufffcTan\u0131t\u0131m Metni<\/p>\n","protected":false},"excerpt":{"rendered":"<p>\u00c7ok sevgili okur! \u00c7ocukken hem soru sormak hem de erken b\u00fcy\u00fcmek isteriz. B\u00fcy\u00fckl\u00fc\u011f\u00fcm\u00fcz\u00fc \u00e7ocukken hayal etmeye ba\u015flad\u0131\u011f\u0131m\u0131z\u0131 ise bilemeyiz. Oysa \u00e7ocuklu\u011fumuzu doya doya ya\u015famak, hatalar\u0131m\u0131zdan ders<span class=\"excerpt-hellip\"> [\u2026]<\/span><\/p>\n","protected":false},"featured_media":0,"template":"","meta":{"_monsterinsights_skip_tracking":false,"_monsterinsights_sitenote_active":false,"_monsterinsights_sitenote_note":"","_monsterinsights_sitenote_category":0},"product_brand":[],"product_cat":[12275,12274],"product_tag":[],"class_list":{"0":"post-711422","1":"product","2":"type-product","3":"status-publish","5":"product_cat-6-12-yas-kitaplari","6":"product_cat-cocuk-ve-genclik-kitaplari","7":"pa_cilt-ciltsiz","8":"pa_tur-kitap","9":"pa_yayinevi-ucan-at","10":"pa_yazar-mustafa-ruhi-sirin","12":"first","13":"instock","14":"sale","15":"shipping-taxable","16":"purchasable","17":"product-type-simple"},"_links":{"self":[{"href":"https:\/\/roveyayinevi.com.tr\/index.php\/wp-json\/wp\/v2\/product\/711422","targetHints":{"allow":["GET"]}}],"collection":[{"href":"https:\/\/roveyayinevi.com.tr\/index.php\/wp-json\/wp\/v2\/product"}],"about":[{"href":"https:\/\/roveyayinevi.com.tr\/index.php\/wp-json\/wp\/v2\/types\/product"}],"wp:attachment":[{"href":"https:\/\/roveyayinevi.com.tr\/index.php\/wp-json\/wp\/v2\/media?parent=711422"}],"wp:term":[{"taxonomy":"product_brand","embeddable":true,"href":"https:\/\/roveyayinevi.com.tr\/index.php\/wp-json\/wp\/v2\/product_brand?post=711422"},{"taxonomy":"product_cat","embeddable":true,"href":"https:\/\/roveyayinevi.com.tr\/index.php\/wp-json\/wp\/v2\/product_cat?post=711422"},{"taxonomy":"product_tag","embeddable":true,"href":"https:\/\/roveyayinevi.com.tr\/index.php\/wp-json\/wp\/v2\/product_tag?post=711422"}],"curies":[{"name":"wp","href":"https:\/\/api.w.org\/{rel}","templated":true}]}}